{"id":979,"date":"2016-06-23T06:08:54","date_gmt":"2016-06-23T05:08:54","guid":{"rendered":"http:\/\/foyerlampaul.fr\/?page_id=979"},"modified":"2023-11-27T10:33:09","modified_gmt":"2023-11-27T09:33:09","slug":"fleur-de-lage","status":"publish","type":"page","link":"https:\/\/www.foyerlampaul.fr\/?page_id=979","title":{"rendered":"Fleur de l&rsquo;\u00e2ge"},"content":{"rendered":"<p style=\"text-align: justify;\"><a href=\"https:\/\/www.foyerlampaul.fr\/wp-content\/uploads\/2016\/11\/06147309-e1479761912473.jpg\"><img loading=\"lazy\" decoding=\"async\" class=\"aligncenter wp-image-1653\" src=\"https:\/\/www.foyerlampaul.fr\/wp-content\/uploads\/2016\/11\/06147309-300x200.jpg\" width=\"500\" height=\"333\" \/><\/a>Cette association qui regroupe les retrait\u00e9s est bas\u00e9e sur l&rsquo;amiti\u00e9 et l&rsquo;entraide entre les adh\u00e9rents.<br \/>\nElle permet de rompre l&rsquo;isolement et le maintien de l&rsquo;ind\u00e9pendance physique et intellectuelle gr\u00e2ce aux rencontres hebdomadaires du jeudi au Foyer Rural de 13h30 \u00e0 17h00. Les activit\u00e9s propos\u00e9es sont : jeux de dominos, p\u00e9tanque, scrabble, rummikub.<br \/>\nDe plus des sorties d&rsquo;un jour en car, un voyage organis\u00e9 d&rsquo;une semaine, des repas de groupes, des concours interclubs sont propos\u00e9s au cours de l&rsquo;ann\u00e9e. Le club compte 90 adh\u00e9rents de 96 \u00e0 60 ans. Les anciens sont les op\u00e9rateurs pr\u00e9cieux pour la m\u00e9moire du patrimoine. En avril 2016, le Club a f\u00eat\u00e9 son quaranti\u00e8me anniversaire d&rsquo;existence.<br \/>\n<a href=\"https:\/\/www.foyerlampaul.fr\/wp-content\/uploads\/2016\/11\/fleur-de-l-age-une-section-tres-fournie_3180005.jpg\"><img loading=\"lazy\" decoding=\"async\" class=\"aligncenter wp-image-1646\" src=\"https:\/\/www.foyerlampaul.fr\/wp-content\/uploads\/2016\/11\/fleur-de-l-age-une-section-tres-fournie_3180005-300x160.jpg\" width=\"500\" height=\"267\" srcset=\"https:\/\/www.foyerlampaul.fr\/wp-content\/uploads\/2016\/11\/fleur-de-l-age-une-section-tres-fournie_3180005-300x160.jpg 300w, https:\/\/www.foyerlampaul.fr\/wp-content\/uploads\/2016\/11\/fleur-de-l-age-une-section-tres-fournie_3180005-768x409.jpg 768w, https:\/\/www.foyerlampaul.fr\/wp-content\/uploads\/2016\/11\/fleur-de-l-age-une-section-tres-fournie_3180005-585x312.jpg 585w, https:\/\/www.foyerlampaul.fr\/wp-content\/uploads\/2016\/11\/fleur-de-l-age-une-section-tres-fournie_3180005.jpg 1000w\" sizes=\"auto, (max-width: 500px) 100vw, 500px\" \/><\/a><\/p>\n<hr \/>\n<p><img loading=\"lazy\" decoding=\"async\" src=\"http:\/\/foyerlampaul.fr\/wp-content\/uploads\/images\/puce_d.gif\" width=\"25\" height=\"20\" align=\"absmiddle\" \/><strong>CONTACT FLEUR DE L&rsquo;\u00c2GE<\/strong><br \/>\n<img loading=\"lazy\" decoding=\"async\" src=\"http:\/\/foyerlampaul.fr\/wp-content\/uploads\/images\/anim.gif\" width=\"17\" height=\"19\" align=\"absmiddle\" \/> : \u00a0Le Borgne Andr\u00e9<br \/>\n<img loading=\"lazy\" decoding=\"async\" src=\"http:\/\/foyerlampaul.fr\/wp-content\/uploads\/images\/tel.gif\" width=\"17\" height=\"19\" align=\"absmiddle\" \/> : 06 07 81 42 20<br \/>\n<img loading=\"lazy\" decoding=\"async\" src=\"http:\/\/foyerlampaul.fr\/wp-content\/uploads\/images\/mail.gif\" width=\"18\" height=\"19\" align=\"absmiddle\" \/> : <a href=\"mailto:andre.leborgne29@orange.fr\">Envoyer\u00a0email<\/a><\/p>\n<p><img loading=\"lazy\" decoding=\"async\" src=\"http:\/\/foyerlampaul.fr\/wp-content\/uploads\/images\/puce_d.gif\" width=\"25\" height=\"20\" align=\"absmiddle\" \/><strong>Horaires :<\/strong><br \/>\n<img loading=\"lazy\" decoding=\"async\" src=\"http:\/\/foyerlampaul.fr\/wp-content\/uploads\/images\/horaires.gif\" width=\"17\" height=\"19\" align=\"absmiddle\" \/> : Le jeudi de 13h30 \u00e0 17h00<\/p>\n<p><img loading=\"lazy\" decoding=\"async\" src=\"http:\/\/foyerlampaul.fr\/wp-content\/uploads\/images\/puce_d.gif\" width=\"25\" height=\"20\" align=\"absmiddle\" \/><strong>Photos :<\/strong><\/p>\n<div id=\"kad-wp-gallery62\" class=\"kad-wp-gallery kad-light-wp-gallery clearfix kt-gallery-column-3 rowtight\"><div class=\"tcol-lg-4 tcol-md-4 tcol-sm-4 tcol-xs-6 tcol-ss-12 g_item\"><div class=\"grid_item kad_gallery_fade_in gallery_item\"><a href=\"https:\/\/www.foyerlampaul.fr\/wp-content\/uploads\/2016\/06\/fleur_img03.jpg\" data-rel=\"lightbox\" class=\"lightboxhover\"><img loading=\"lazy\" decoding=\"async\" src=\"https:\/\/www.foyerlampaul.fr\/wp-content\/uploads\/2016\/06\/fleur_img03.jpg\" width=\"280\" height=\"210\" alt=\"\"  class=\"light-dropshaddow\"\/><\/a><\/div><\/div><div class=\"tcol-lg-4 tcol-md-4 tcol-sm-4 tcol-xs-6 tcol-ss-12 g_item\"><div class=\"grid_item kad_gallery_fade_in gallery_item\"><a href=\"https:\/\/www.foyerlampaul.fr\/wp-content\/uploads\/2016\/06\/fleur_img02.jpg\" data-rel=\"lightbox\" class=\"lightboxhover\"><img loading=\"lazy\" decoding=\"async\" src=\"https:\/\/www.foyerlampaul.fr\/wp-content\/uploads\/2016\/06\/fleur_img02.jpg\" width=\"280\" height=\"210\" alt=\"\"  class=\"light-dropshaddow\"\/><\/a><\/div><\/div><div class=\"tcol-lg-4 tcol-md-4 tcol-sm-4 tcol-xs-6 tcol-ss-12 g_item\"><div class=\"grid_item kad_gallery_fade_in gallery_item\"><a href=\"https:\/\/www.foyerlampaul.fr\/wp-content\/uploads\/2016\/06\/fleur_img01.jpg\" data-rel=\"lightbox\" class=\"lightboxhover\"><img loading=\"lazy\" decoding=\"async\" src=\"https:\/\/www.foyerlampaul.fr\/wp-content\/uploads\/2016\/06\/fleur_img01.jpg\" width=\"280\" height=\"210\" alt=\"\"  class=\"light-dropshaddow\"\/><\/a><\/div><\/div><div class=\"tcol-lg-4 tcol-md-4 tcol-sm-4 tcol-xs-6 tcol-ss-12 g_item\"><div class=\"grid_item kad_gallery_fade_in gallery_item\"><a href=\"https:\/\/www.foyerlampaul.fr\/wp-content\/uploads\/2016\/06\/fleur_img06.jpg\" data-rel=\"lightbox\" class=\"lightboxhover\"><img loading=\"lazy\" decoding=\"async\" src=\"https:\/\/www.foyerlampaul.fr\/wp-content\/uploads\/2016\/06\/fleur_img06.jpg\" width=\"280\" height=\"210\" alt=\"\"  class=\"light-dropshaddow\"\/><\/a><\/div><\/div><div class=\"tcol-lg-4 tcol-md-4 tcol-sm-4 tcol-xs-6 tcol-ss-12 g_item\"><div class=\"grid_item kad_gallery_fade_in gallery_item\"><a href=\"https:\/\/www.foyerlampaul.fr\/wp-content\/uploads\/2016\/11\/06147317-e1479762262401.jpg\" data-rel=\"lightbox\" class=\"lightboxhover\"><img loading=\"lazy\" decoding=\"async\" src=\"https:\/\/www.foyerlampaul.fr\/wp-content\/uploads\/2016\/11\/06147317-e1479762262401-400x400.jpg\" width=\"400\" height=\"400\" alt=\"\"  class=\"light-dropshaddow\"\/><\/a><\/div><\/div><div class=\"tcol-lg-4 tcol-md-4 tcol-sm-4 tcol-xs-6 tcol-ss-12 g_item\"><div class=\"grid_item kad_gallery_fade_in gallery_item\"><a href=\"https:\/\/www.foyerlampaul.fr\/wp-content\/uploads\/2016\/11\/06147323-e1479762071753.jpg\" data-rel=\"lightbox\" class=\"lightboxhover\"><img loading=\"lazy\" decoding=\"async\" src=\"https:\/\/www.foyerlampaul.fr\/wp-content\/uploads\/2016\/11\/06147323-e1479762071753-400x400.jpg\" width=\"400\" height=\"400\" alt=\"\" srcset=\"https:\/\/www.foyerlampaul.fr\/wp-content\/uploads\/2016\/11\/06147323-e1479762071753-400x400.jpg 400w, https:\/\/www.foyerlampaul.fr\/wp-content\/uploads\/2016\/11\/06147323-e1479762071753-800x800.jpg 800w\" sizes=\"auto, (max-width: 400px) 100vw, 400px\" class=\"light-dropshaddow\"\/><\/a><\/div><\/div><div class=\"tcol-lg-4 tcol-md-4 tcol-sm-4 tcol-xs-6 tcol-ss-12 g_item\"><div class=\"grid_item kad_gallery_fade_in gallery_item\"><a href=\"https:\/\/www.foyerlampaul.fr\/wp-content\/uploads\/2016\/06\/fleur_img08.jpg\" data-rel=\"lightbox\" class=\"lightboxhover\"><img loading=\"lazy\" decoding=\"async\" src=\"https:\/\/www.foyerlampaul.fr\/wp-content\/uploads\/2016\/06\/fleur_img08.jpg\" width=\"280\" height=\"210\" alt=\"\"  class=\"light-dropshaddow\"\/><\/a><\/div><\/div><div class=\"tcol-lg-4 tcol-md-4 tcol-sm-4 tcol-xs-6 tcol-ss-12 g_item\"><div class=\"grid_item kad_gallery_fade_in gallery_item\"><a href=\"https:\/\/www.foyerlampaul.fr\/wp-content\/uploads\/2016\/06\/fleur_img04.jpg\" data-rel=\"lightbox\" class=\"lightboxhover\"><img loading=\"lazy\" decoding=\"async\" src=\"https:\/\/www.foyerlampaul.fr\/wp-content\/uploads\/2016\/06\/fleur_img04.jpg\" width=\"280\" height=\"210\" alt=\"\"  class=\"light-dropshaddow\"\/><\/a><\/div><\/div><div class=\"tcol-lg-4 tcol-md-4 tcol-sm-4 tcol-xs-6 tcol-ss-12 g_item\"><div class=\"grid_item kad_gallery_fade_in gallery_item\"><a href=\"https:\/\/www.foyerlampaul.fr\/wp-content\/uploads\/2016\/06\/fleur_img07.jpg\" data-rel=\"lightbox\" class=\"lightboxhover\"><img loading=\"lazy\" decoding=\"async\" src=\"https:\/\/www.foyerlampaul.fr\/wp-content\/uploads\/2016\/06\/fleur_img07.jpg\" width=\"280\" height=\"210\" alt=\"\"  class=\"light-dropshaddow\"\/><\/a><\/div><\/div><div class=\"tcol-lg-4 tcol-md-4 tcol-sm-4 tcol-xs-6 tcol-ss-12 g_item\"><div class=\"grid_item kad_gallery_fade_in gallery_item\"><a href=\"https:\/\/www.foyerlampaul.fr\/wp-content\/uploads\/2016\/11\/06147241-e1479761895955.jpg\" data-rel=\"lightbox\" class=\"lightboxhover\"><img loading=\"lazy\" decoding=\"async\" src=\"https:\/\/www.foyerlampaul.fr\/wp-content\/uploads\/2016\/11\/06147241-e1479761895955-400x400.jpg\" width=\"400\" height=\"400\" alt=\"\"  class=\"light-dropshaddow\"\/><\/a><\/div><\/div><div class=\"tcol-lg-4 tcol-md-4 tcol-sm-4 tcol-xs-6 tcol-ss-12 g_item\"><div class=\"grid_item kad_gallery_fade_in gallery_item\"><a href=\"https:\/\/www.foyerlampaul.fr\/wp-content\/uploads\/2016\/06\/fleur_img05.jpg\" data-rel=\"lightbox\" class=\"lightboxhover\"><img loading=\"lazy\" decoding=\"async\" src=\"https:\/\/www.foyerlampaul.fr\/wp-content\/uploads\/2016\/06\/fleur_img05.jpg\" width=\"280\" height=\"210\" alt=\"\"  class=\"light-dropshaddow\"\/><\/a><\/div><\/div><\/div>\n<p style=\"text-align: center;\"><a href=\"https:\/\/www.foyerlampaul.fr\/?page_id=983\"><img loading=\"lazy\" decoding=\"async\" class=\"size-full wp-image-1302 alignnone\" src=\"http:\/\/foyerlampaul.fr\/wp-content\/uploads\/2016\/06\/ico_volley_sm.gif\" alt=\"ico_volley_sm_on\" width=\"32\" height=\"34\" \/><\/a><a href=\"https:\/\/www.foyerlampaul.fr\/?page_id=977\"><img loading=\"lazy\" decoding=\"async\" class=\"size-full wp-image-1297 alignnone\" src=\"http:\/\/foyerlampaul.fr\/wp-content\/uploads\/2016\/06\/ico_biblio_sm.gif\" alt=\"ico_biblio_sm\" width=\"31\" height=\"34\" \/><\/a> <a href=\"https:\/\/www.foyerlampaul.fr\/?page_id=1007\"><img loading=\"lazy\" decoding=\"async\" class=\"alignnone size-full wp-image-1299\" src=\"http:\/\/foyerlampaul.fr\/wp-content\/uploads\/2016\/06\/ico_char_sm.gif\" alt=\"ico_char_sm\" width=\"31\" height=\"35\" \/><\/a> <a href=\"https:\/\/www.foyerlampaul.fr\/?page_id=968\"><img loading=\"lazy\" decoding=\"async\" class=\"alignnone size-full wp-image-1303\" src=\"http:\/\/foyerlampaul.fr\/wp-content\/uploads\/2016\/06\/ico_velo_sm.gif\" alt=\"ico_velo_sm\" width=\"31\" height=\"34\" \/><\/a> <a href=\"https:\/\/www.foyerlampaul.fr\/?page_id=973\"><img loading=\"lazy\" decoding=\"async\" class=\"alignnone size-full wp-image-1305\" src=\"http:\/\/foyerlampaul.fr\/wp-content\/uploads\/2016\/06\/ico_ski_sm.gif\" alt=\"ico_ski_sm\" width=\"31\" height=\"35\" \/><\/a> <a href=\"https:\/\/www.foyerlampaul.fr\/?page_id=966&quot;\"><img loading=\"lazy\" decoding=\"async\" class=\"alignnone size-full wp-image-1307\" src=\"http:\/\/foyerlampaul.fr\/wp-content\/uploads\/2016\/06\/ico_poterie_sm.gif\" alt=\"ico_poterie_sm\" width=\"31\" height=\"34\" \/><\/a> <a href=\"https:\/\/www.foyerlampaul.fr\/?page_id=1002\"><img loading=\"lazy\" decoding=\"async\" class=\"alignnone size-full wp-image-1309\" src=\"http:\/\/foyerlampaul.fr\/wp-content\/uploads\/2016\/06\/ico_ping_sm.gif\" alt=\"ico_ping_sm\" width=\"31\" height=\"34\" \/><\/a> <a href=\"https:\/\/www.foyerlampaul.fr\/?page_id=975\"><img loading=\"lazy\" decoding=\"async\" class=\"alignnone size-full wp-image-1311\" src=\"http:\/\/foyerlampaul.fr\/wp-content\/uploads\/2016\/06\/ico_marche_sm.gif\" alt=\"ico_marche_sm\" width=\"32\" height=\"35\" \/><\/a> <a href=\"https:\/\/www.foyerlampaul.fr\/?page_id=979\"><img loading=\"lazy\" decoding=\"async\" class=\"alignnone size-full wp-image-1313\" src=\"http:\/\/foyerlampaul.fr\/wp-content\/uploads\/2016\/06\/ico_fleur_sm_on.gif\" alt=\"ico_fleur_sm\" width=\"32\" height=\"34\" \/><\/a><a href=\"https:\/\/www.foyerlampaul.fr\/?page_id=1540\"><img loading=\"lazy\" decoding=\"async\" class=\"alignnone wp-image-1315 size-full\" src=\"https:\/\/www.foyerlampaul.fr\/wp-content\/uploads\/2016\/06\/ico_jeunes_sm.gif\" alt=\"ico_jeunes_sm\" width=\"31\" height=\"34\" \/><\/a><\/p>\n","protected":false},"excerpt":{"rendered":"<p>Cette association qui regroupe les retrait\u00e9s est bas\u00e9e sur l&rsquo;amiti\u00e9 et l&rsquo;entraide entre les adh\u00e9rents. Elle permet de rompre l&rsquo;isolement et le maintien de l&rsquo;ind\u00e9pendance physique et intellectuelle gr\u00e2ce aux rencontres hebdomadaires du jeudi au Foyer Rural de 13h30 \u00e0 17h00. Les activit\u00e9s propos\u00e9es sont : jeux de dominos, p\u00e9tanque, scrabble, rummikub. De plus des <a href=\"https:\/\/www.foyerlampaul.fr\/?page_id=979\" rel=\"nofollow\"><span class=\"sr-only\">En savoir plus surFleur de l&rsquo;\u00e2ge<\/span>[&hellip;]<\/a><\/p>\n","protected":false},"author":1,"featured_media":0,"parent":0,"menu_order":0,"comment_status":"closed","ping_status":"closed","template":"","meta":{"footnotes":""},"class_list":["post-979","page","type-page","status-publish","hentry"],"yoast_head":"<!-- This site is optimized with the Yoast SEO plugin v27.5 - https:\/\/yoast.com\/product\/yoast-seo-wordpress\/ -->\n<title>Fleur de l&#039;\u00e2ge - Foyer rural de Lampaul-Ploudalm\u00e9zeau<\/title>\n<meta name=\"robots\" content=\"index, follow, max-snippet:-1, max-image-preview:large, max-video-preview:-1\" \/>\n<link rel=\"canonical\" href=\"https:\/\/www.foyerlampaul.fr\/?page_id=979\" \/>\n<meta property=\"og:locale\" content=\"fr_FR\" \/>\n<meta property=\"og:type\" content=\"article\" \/>\n<meta property=\"og:title\" content=\"Fleur de l&#039;\u00e2ge - Foyer rural de Lampaul-Ploudalm\u00e9zeau\" \/>\n<meta property=\"og:description\" content=\"Cette association qui regroupe les retrait\u00e9s est bas\u00e9e sur l&rsquo;amiti\u00e9 et l&rsquo;entraide entre les adh\u00e9rents. Elle permet de rompre l&rsquo;isolement et le maintien de l&rsquo;ind\u00e9pendance physique et intellectuelle gr\u00e2ce aux rencontres hebdomadaires du jeudi au Foyer Rural de 13h30 \u00e0 17h00. Les activit\u00e9s propos\u00e9es sont : jeux de dominos, p\u00e9tanque, scrabble, rummikub. De plus des En savoir plus surFleur de l&rsquo;\u00e2ge[&hellip;]\" \/>\n<meta property=\"og:url\" content=\"https:\/\/www.foyerlampaul.fr\/?page_id=979\" \/>\n<meta property=\"og:site_name\" content=\"Foyer rural de Lampaul-Ploudalm\u00e9zeau\" \/>\n<meta property=\"article:modified_time\" content=\"2023-11-27T09:33:09+00:00\" \/>\n<meta property=\"og:image\" content=\"https:\/\/www.foyerlampaul.fr\/wp-content\/uploads\/2016\/11\/06147323-585x878.jpg\" \/>\n<meta name=\"twitter:card\" content=\"summary_large_image\" \/>\n<meta name=\"twitter:label1\" content=\"Dur\u00e9e de lecture estim\u00e9e\" \/>\n\t<meta name=\"twitter:data1\" content=\"5 minutes\" \/>\n<script type=\"application\/ld+json\" class=\"yoast-schema-graph\">{\"@context\":\"https:\\\/\\\/schema.org\",\"@graph\":[{\"@type\":\"WebPage\",\"@id\":\"https:\\\/\\\/www.foyerlampaul.fr\\\/?page_id=979\",\"url\":\"https:\\\/\\\/www.foyerlampaul.fr\\\/?page_id=979\",\"name\":\"Fleur de l'\u00e2ge - Foyer rural de Lampaul-Ploudalm\u00e9zeau\",\"isPartOf\":{\"@id\":\"https:\\\/\\\/www.foyerlampaul.fr\\\/#website\"},\"primaryImageOfPage\":{\"@id\":\"https:\\\/\\\/www.foyerlampaul.fr\\\/?page_id=979#primaryimage\"},\"image\":{\"@id\":\"https:\\\/\\\/www.foyerlampaul.fr\\\/?page_id=979#primaryimage\"},\"thumbnailUrl\":\"http:\\\/\\\/www.foyerlampaul.fr\\\/wp-content\\\/uploads\\\/2016\\\/11\\\/06147309-300x200.jpg\",\"datePublished\":\"2016-06-23T05:08:54+00:00\",\"dateModified\":\"2023-11-27T09:33:09+00:00\",\"breadcrumb\":{\"@id\":\"https:\\\/\\\/www.foyerlampaul.fr\\\/?page_id=979#breadcrumb\"},\"inLanguage\":\"fr-FR\",\"potentialAction\":[{\"@type\":\"ReadAction\",\"target\":[\"https:\\\/\\\/www.foyerlampaul.fr\\\/?page_id=979\"]}]},{\"@type\":\"ImageObject\",\"inLanguage\":\"fr-FR\",\"@id\":\"https:\\\/\\\/www.foyerlampaul.fr\\\/?page_id=979#primaryimage\",\"url\":\"http:\\\/\\\/www.foyerlampaul.fr\\\/wp-content\\\/uploads\\\/2016\\\/11\\\/06147309-300x200.jpg\",\"contentUrl\":\"http:\\\/\\\/www.foyerlampaul.fr\\\/wp-content\\\/uploads\\\/2016\\\/11\\\/06147309-300x200.jpg\"},{\"@type\":\"BreadcrumbList\",\"@id\":\"https:\\\/\\\/www.foyerlampaul.fr\\\/?page_id=979#breadcrumb\",\"itemListElement\":[{\"@type\":\"ListItem\",\"position\":1,\"name\":\"Accueil\",\"item\":\"https:\\\/\\\/www.foyerlampaul.fr\\\/\"},{\"@type\":\"ListItem\",\"position\":2,\"name\":\"Fleur de l&rsquo;\u00e2ge\"}]},{\"@type\":\"WebSite\",\"@id\":\"https:\\\/\\\/www.foyerlampaul.fr\\\/#website\",\"url\":\"https:\\\/\\\/www.foyerlampaul.fr\\\/\",\"name\":\"Foyer rural de Lampaul-Ploudalm\u00e9zeau\",\"description\":\"\",\"potentialAction\":[{\"@type\":\"SearchAction\",\"target\":{\"@type\":\"EntryPoint\",\"urlTemplate\":\"https:\\\/\\\/www.foyerlampaul.fr\\\/?s={search_term_string}\"},\"query-input\":{\"@type\":\"PropertyValueSpecification\",\"valueRequired\":true,\"valueName\":\"search_term_string\"}}],\"inLanguage\":\"fr-FR\"}]}<\/script>\n<!-- \/ Yoast SEO plugin. -->","yoast_head_json":{"title":"Fleur de l'\u00e2ge - Foyer rural de Lampaul-Ploudalm\u00e9zeau","robots":{"index":"index","follow":"follow","max-snippet":"max-snippet:-1","max-image-preview":"max-image-preview:large","max-video-preview":"max-video-preview:-1"},"canonical":"https:\/\/www.foyerlampaul.fr\/?page_id=979","og_locale":"fr_FR","og_type":"article","og_title":"Fleur de l'\u00e2ge - Foyer rural de Lampaul-Ploudalm\u00e9zeau","og_description":"Cette association qui regroupe les retrait\u00e9s est bas\u00e9e sur l&rsquo;amiti\u00e9 et l&rsquo;entraide entre les adh\u00e9rents. Elle permet de rompre l&rsquo;isolement et le maintien de l&rsquo;ind\u00e9pendance physique et intellectuelle gr\u00e2ce aux rencontres hebdomadaires du jeudi au Foyer Rural de 13h30 \u00e0 17h00. Les activit\u00e9s propos\u00e9es sont : jeux de dominos, p\u00e9tanque, scrabble, rummikub. De plus des En savoir plus surFleur de l&rsquo;\u00e2ge[&hellip;]","og_url":"https:\/\/www.foyerlampaul.fr\/?page_id=979","og_site_name":"Foyer rural de Lampaul-Ploudalm\u00e9zeau","article_modified_time":"2023-11-27T09:33:09+00:00","og_image":[{"url":"https:\/\/www.foyerlampaul.fr\/wp-content\/uploads\/2016\/11\/06147323-585x878.jpg","type":"","width":"","height":""}],"twitter_card":"summary_large_image","twitter_misc":{"Dur\u00e9e de lecture estim\u00e9e":"5 minutes"},"schema":{"@context":"https:\/\/schema.org","@graph":[{"@type":"WebPage","@id":"https:\/\/www.foyerlampaul.fr\/?page_id=979","url":"https:\/\/www.foyerlampaul.fr\/?page_id=979","name":"Fleur de l'\u00e2ge - Foyer rural de Lampaul-Ploudalm\u00e9zeau","isPartOf":{"@id":"https:\/\/www.foyerlampaul.fr\/#website"},"primaryImageOfPage":{"@id":"https:\/\/www.foyerlampaul.fr\/?page_id=979#primaryimage"},"image":{"@id":"https:\/\/www.foyerlampaul.fr\/?page_id=979#primaryimage"},"thumbnailUrl":"http:\/\/www.foyerlampaul.fr\/wp-content\/uploads\/2016\/11\/06147309-300x200.jpg","datePublished":"2016-06-23T05:08:54+00:00","dateModified":"2023-11-27T09:33:09+00:00","breadcrumb":{"@id":"https:\/\/www.foyerlampaul.fr\/?page_id=979#breadcrumb"},"inLanguage":"fr-FR","potentialAction":[{"@type":"ReadAction","target":["https:\/\/www.foyerlampaul.fr\/?page_id=979"]}]},{"@type":"ImageObject","inLanguage":"fr-FR","@id":"https:\/\/www.foyerlampaul.fr\/?page_id=979#primaryimage","url":"http:\/\/www.foyerlampaul.fr\/wp-content\/uploads\/2016\/11\/06147309-300x200.jpg","contentUrl":"http:\/\/www.foyerlampaul.fr\/wp-content\/uploads\/2016\/11\/06147309-300x200.jpg"},{"@type":"BreadcrumbList","@id":"https:\/\/www.foyerlampaul.fr\/?page_id=979#breadcrumb","itemListElement":[{"@type":"ListItem","position":1,"name":"Accueil","item":"https:\/\/www.foyerlampaul.fr\/"},{"@type":"ListItem","position":2,"name":"Fleur de l&rsquo;\u00e2ge"}]},{"@type":"WebSite","@id":"https:\/\/www.foyerlampaul.fr\/#website","url":"https:\/\/www.foyerlampaul.fr\/","name":"Foyer rural de Lampaul-Ploudalm\u00e9zeau","description":"","potentialAction":[{"@type":"SearchAction","target":{"@type":"EntryPoint","urlTemplate":"https:\/\/www.foyerlampaul.fr\/?s={search_term_string}"},"query-input":{"@type":"PropertyValueSpecification","valueRequired":true,"valueName":"search_term_string"}}],"inLanguage":"fr-FR"}]}},"jetpack_sharing_enabled":true,"_links":{"self":[{"href":"https:\/\/www.foyerlampaul.fr\/index.php?rest_route=\/wp\/v2\/pages\/979","targetHints":{"allow":["GET"]}}],"collection":[{"href":"https:\/\/www.foyerlampaul.fr\/index.php?rest_route=\/wp\/v2\/pages"}],"about":[{"href":"https:\/\/www.foyerlampaul.fr\/index.php?rest_route=\/wp\/v2\/types\/page"}],"author":[{"embeddable":true,"href":"https:\/\/www.foyerlampaul.fr\/index.php?rest_route=\/wp\/v2\/users\/1"}],"replies":[{"embeddable":true,"href":"https:\/\/www.foyerlampaul.fr\/index.php?rest_route=%2Fwp%2Fv2%2Fcomments&post=979"}],"version-history":[{"count":18,"href":"https:\/\/www.foyerlampaul.fr\/index.php?rest_route=\/wp\/v2\/pages\/979\/revisions"}],"predecessor-version":[{"id":2194,"href":"https:\/\/www.foyerlampaul.fr\/index.php?rest_route=\/wp\/v2\/pages\/979\/revisions\/2194"}],"wp:attachment":[{"href":"https:\/\/www.foyerlampaul.fr\/index.php?rest_route=%2Fwp%2Fv2%2Fmedia&parent=979"}],"curies":[{"name":"wp","href":"https:\/\/api.w.org\/{rel}","templated":true}]}}