{"id":973,"date":"2016-06-23T06:03:52","date_gmt":"2016-06-23T05:03:52","guid":{"rendered":"http:\/\/foyerlampaul.fr\/?page_id=973"},"modified":"2023-11-27T10:34:55","modified_gmt":"2023-11-27T09:34:55","slug":"loisir-ski","status":"publish","type":"page","link":"https:\/\/www.foyerlampaul.fr\/?page_id=973","title":{"rendered":"Loisir Ski"},"content":{"rendered":"<p style=\"text-align: justify;\"><a href=\"https:\/\/www.foyerlampaul.fr\/wp-content\/uploads\/2016\/11\/DSC03966-e1479936297126.jpg\"><img loading=\"lazy\" decoding=\"async\" class=\"aligncenter wp-image-1689\" src=\"https:\/\/www.foyerlampaul.fr\/wp-content\/uploads\/2016\/11\/DSC03966-300x225.jpg\" width=\"500\" height=\"375\" \/><\/a>La section \u00ab\u00a0Loisirs -Animations &#8211; Ski\u00a0\u00bb a vu le jour en 1983. Cette section a organis\u00e9 :<br \/>\n&#8211; Les jeux interquartiers en 1983,1984,1985, (d\u00e9fil\u00e9s de chars, jeux, tirs \u00e0 la corde.)<br \/>\n&#8211; Trois carnavals pour les enfants avec d\u00e9guisements et go\u00fbters.<br \/>\n&#8211; Des sorties cano\u00eb sur l&rsquo;Elorn et dans l&rsquo;Aber Beno\u00eet.<br \/>\n-Des fest-noz avec feux de St-Jean.<br \/>\n-34 s\u00e9jours de ski qui ont permis \u00e0 plus de 700 personnes de d\u00e9couvrir les plaisirs de la glisse et la vie des gens en montagne.<br \/>\n-Dix rallyes touristiques : Moyen de d\u00e9couvrir dans la bonne humeur notre r\u00e9gion et notre histoire locale. Aujourd\u2019hui la section se consacre essentiellement \u00e0 l\u2019organisation de s\u00e9jours \u00e0 la neige .<br \/>\n<a href=\"https:\/\/www.foyerlampaul.fr\/wp-content\/uploads\/2016\/11\/IMG_3480-e1479936272995.jpg\"><img loading=\"lazy\" decoding=\"async\" class=\"aligncenter wp-image-1687\" src=\"https:\/\/www.foyerlampaul.fr\/wp-content\/uploads\/2016\/11\/IMG_3480-300x200.jpg\" width=\"500\" height=\"333\" \/><\/a><\/p>\n<hr \/>\n<p><img loading=\"lazy\" decoding=\"async\" src=\"http:\/\/foyerlampaul.fr\/wp-content\/uploads\/images\/puce_d.gif\" width=\"25\" height=\"20\" align=\"absmiddle\" \/><strong>CONTACT SKI<\/strong><br \/>\n<img loading=\"lazy\" decoding=\"async\" src=\"http:\/\/foyerlampaul.fr\/wp-content\/uploads\/images\/anim.gif\" width=\"17\" height=\"19\" align=\"absmiddle\" \/> : Mr Jean-Bernard JAOUEN<br \/>\n<img loading=\"lazy\" decoding=\"async\" src=\"http:\/\/foyerlampaul.fr\/wp-content\/uploads\/images\/tel.gif\" width=\"17\" height=\"19\" align=\"absmiddle\" \/> : 06 78 68 09 61<br \/>\n<img loading=\"lazy\" decoding=\"async\" src=\"http:\/\/foyerlampaul.fr\/wp-content\/uploads\/images\/mail.gif\" width=\"18\" height=\"19\" align=\"absmiddle\" \/> : <a href=\"mailto:jean-bernard.jaouen@wanadoo.fr\">envoyer mail<\/a><\/p>\n<p><img loading=\"lazy\" decoding=\"async\" src=\"http:\/\/foyerlampaul.fr\/wp-content\/uploads\/images\/puce_d.gif\" width=\"25\" height=\"20\" align=\"absmiddle\" \/><strong>Photos :<\/strong><\/p>\n<div id=\"kad-wp-gallery86\" class=\"kad-wp-gallery kad-light-wp-gallery clearfix kt-gallery-column-3 rowtight\"><div class=\"tcol-lg-4 tcol-md-4 tcol-sm-4 tcol-xs-6 tcol-ss-12 g_item\"><div class=\"grid_item kad_gallery_fade_in gallery_item\"><a href=\"https:\/\/www.foyerlampaul.fr\/wp-content\/uploads\/2016\/06\/ski_img12.jpg\" data-rel=\"lightbox\" class=\"lightboxhover\"><img loading=\"lazy\" decoding=\"async\" src=\"https:\/\/www.foyerlampaul.fr\/wp-content\/uploads\/2016\/06\/ski_img12.jpg\" width=\"280\" height=\"210\" alt=\"\"  class=\"light-dropshaddow\"\/><\/a><\/div><\/div><div class=\"tcol-lg-4 tcol-md-4 tcol-sm-4 tcol-xs-6 tcol-ss-12 g_item\"><div class=\"grid_item kad_gallery_fade_in gallery_item\"><a href=\"https:\/\/www.foyerlampaul.fr\/wp-content\/uploads\/2016\/06\/ski_img03.jpg\" data-rel=\"lightbox\" class=\"lightboxhover\"><img loading=\"lazy\" decoding=\"async\" src=\"https:\/\/www.foyerlampaul.fr\/wp-content\/uploads\/2016\/06\/ski_img03.jpg\" width=\"280\" height=\"210\" alt=\"\"  class=\"light-dropshaddow\"\/><\/a><\/div><\/div><div class=\"tcol-lg-4 tcol-md-4 tcol-sm-4 tcol-xs-6 tcol-ss-12 g_item\"><div class=\"grid_item kad_gallery_fade_in gallery_item\"><a href=\"https:\/\/www.foyerlampaul.fr\/wp-content\/uploads\/2016\/06\/ski_img08.jpg\" data-rel=\"lightbox\" class=\"lightboxhover\"><img loading=\"lazy\" decoding=\"async\" src=\"https:\/\/www.foyerlampaul.fr\/wp-content\/uploads\/2016\/06\/ski_img08.jpg\" width=\"280\" height=\"210\" alt=\"\"  class=\"light-dropshaddow\"\/><\/a><\/div><\/div><div class=\"tcol-lg-4 tcol-md-4 tcol-sm-4 tcol-xs-6 tcol-ss-12 g_item\"><div class=\"grid_item kad_gallery_fade_in gallery_item\"><a href=\"https:\/\/www.foyerlampaul.fr\/wp-content\/uploads\/2016\/06\/ski_img06.jpg\" data-rel=\"lightbox\" class=\"lightboxhover\"><img loading=\"lazy\" decoding=\"async\" src=\"https:\/\/www.foyerlampaul.fr\/wp-content\/uploads\/2016\/06\/ski_img06.jpg\" width=\"280\" height=\"210\" alt=\"\"  class=\"light-dropshaddow\"\/><\/a><\/div><\/div><div class=\"tcol-lg-4 tcol-md-4 tcol-sm-4 tcol-xs-6 tcol-ss-12 g_item\"><div class=\"grid_item kad_gallery_fade_in gallery_item\"><a href=\"https:\/\/www.foyerlampaul.fr\/wp-content\/uploads\/2016\/06\/ski_img05.jpg\" data-rel=\"lightbox\" class=\"lightboxhover\"><img loading=\"lazy\" decoding=\"async\" src=\"https:\/\/www.foyerlampaul.fr\/wp-content\/uploads\/2016\/06\/ski_img05.jpg\" width=\"280\" height=\"210\" alt=\"\"  class=\"light-dropshaddow\"\/><\/a><\/div><\/div><div class=\"tcol-lg-4 tcol-md-4 tcol-sm-4 tcol-xs-6 tcol-ss-12 g_item\"><div class=\"grid_item kad_gallery_fade_in gallery_item\"><a href=\"https:\/\/www.foyerlampaul.fr\/wp-content\/uploads\/2016\/11\/IMG_1556-e1479936254121.jpg\" data-rel=\"lightbox\" class=\"lightboxhover\"><img loading=\"lazy\" decoding=\"async\" src=\"https:\/\/www.foyerlampaul.fr\/wp-content\/uploads\/2016\/11\/IMG_1556-e1479936254121-400x400.jpg\" width=\"400\" height=\"400\" alt=\"\" srcset=\"https:\/\/www.foyerlampaul.fr\/wp-content\/uploads\/2016\/11\/IMG_1556-e1479936254121-400x400.jpg 400w, https:\/\/www.foyerlampaul.fr\/wp-content\/uploads\/2016\/11\/IMG_1556-e1479936254121-800x800.jpg 800w\" sizes=\"auto, (max-width: 400px) 100vw, 400px\" class=\"light-dropshaddow\"\/><\/a><\/div><\/div><div class=\"tcol-lg-4 tcol-md-4 tcol-sm-4 tcol-xs-6 tcol-ss-12 g_item\"><div class=\"grid_item kad_gallery_fade_in gallery_item\"><a href=\"https:\/\/www.foyerlampaul.fr\/wp-content\/uploads\/2016\/06\/ski_img07.jpg\" data-rel=\"lightbox\" class=\"lightboxhover\"><img loading=\"lazy\" decoding=\"async\" src=\"https:\/\/www.foyerlampaul.fr\/wp-content\/uploads\/2016\/06\/ski_img07.jpg\" width=\"280\" height=\"210\" alt=\"\"  class=\"light-dropshaddow\"\/><\/a><\/div><\/div><div class=\"tcol-lg-4 tcol-md-4 tcol-sm-4 tcol-xs-6 tcol-ss-12 g_item\"><div class=\"grid_item kad_gallery_fade_in gallery_item\"><a href=\"https:\/\/www.foyerlampaul.fr\/wp-content\/uploads\/2016\/06\/ski_img10.jpg\" data-rel=\"lightbox\" class=\"lightboxhover\"><img loading=\"lazy\" decoding=\"async\" src=\"https:\/\/www.foyerlampaul.fr\/wp-content\/uploads\/2016\/06\/ski_img10.jpg\" width=\"280\" height=\"210\" alt=\"\"  class=\"light-dropshaddow\"\/><\/a><\/div><\/div><div class=\"tcol-lg-4 tcol-md-4 tcol-sm-4 tcol-xs-6 tcol-ss-12 g_item\"><div class=\"grid_item kad_gallery_fade_in gallery_item\"><a href=\"https:\/\/www.foyerlampaul.fr\/wp-content\/uploads\/2016\/06\/ski_img02.jpg\" data-rel=\"lightbox\" class=\"lightboxhover\"><img loading=\"lazy\" decoding=\"async\" src=\"https:\/\/www.foyerlampaul.fr\/wp-content\/uploads\/2016\/06\/ski_img02.jpg\" width=\"280\" height=\"210\" alt=\"\"  class=\"light-dropshaddow\"\/><\/a><\/div><\/div><div class=\"tcol-lg-4 tcol-md-4 tcol-sm-4 tcol-xs-6 tcol-ss-12 g_item\"><div class=\"grid_item kad_gallery_fade_in gallery_item\"><a href=\"https:\/\/www.foyerlampaul.fr\/wp-content\/uploads\/2016\/11\/DSC03827-e1479936283502.jpg\" data-rel=\"lightbox\" class=\"lightboxhover\"><img loading=\"lazy\" decoding=\"async\" src=\"https:\/\/www.foyerlampaul.fr\/wp-content\/uploads\/2016\/11\/DSC03827-e1479936283502-400x400.jpg\" width=\"400\" height=\"400\" alt=\"\" srcset=\"https:\/\/www.foyerlampaul.fr\/wp-content\/uploads\/2016\/11\/DSC03827-e1479936283502-400x400.jpg 400w, https:\/\/www.foyerlampaul.fr\/wp-content\/uploads\/2016\/11\/DSC03827-e1479936283502-800x800.jpg 800w\" sizes=\"auto, (max-width: 400px) 100vw, 400px\" class=\"light-dropshaddow\"\/><\/a><\/div><\/div><div class=\"tcol-lg-4 tcol-md-4 tcol-sm-4 tcol-xs-6 tcol-ss-12 g_item\"><div class=\"grid_item kad_gallery_fade_in gallery_item\"><a href=\"https:\/\/www.foyerlampaul.fr\/wp-content\/uploads\/2016\/06\/ski_img04.jpg\" data-rel=\"lightbox\" class=\"lightboxhover\"><img loading=\"lazy\" decoding=\"async\" src=\"https:\/\/www.foyerlampaul.fr\/wp-content\/uploads\/2016\/06\/ski_img04.jpg\" width=\"280\" height=\"210\" alt=\"\"  class=\"light-dropshaddow\"\/><\/a><\/div><\/div><div class=\"tcol-lg-4 tcol-md-4 tcol-sm-4 tcol-xs-6 tcol-ss-12 g_item\"><div class=\"grid_item kad_gallery_fade_in gallery_item\"><a href=\"https:\/\/www.foyerlampaul.fr\/wp-content\/uploads\/2016\/06\/ski_img09.jpg\" data-rel=\"lightbox\" class=\"lightboxhover\"><img loading=\"lazy\" decoding=\"async\" src=\"https:\/\/www.foyerlampaul.fr\/wp-content\/uploads\/2016\/06\/ski_img09.jpg\" width=\"280\" height=\"210\" alt=\"\"  class=\"light-dropshaddow\"\/><\/a><\/div><\/div><div class=\"tcol-lg-4 tcol-md-4 tcol-sm-4 tcol-xs-6 tcol-ss-12 g_item\"><div class=\"grid_item kad_gallery_fade_in gallery_item\"><a href=\"https:\/\/www.foyerlampaul.fr\/wp-content\/uploads\/2016\/06\/ski_img01.jpg\" data-rel=\"lightbox\" class=\"lightboxhover\"><img loading=\"lazy\" decoding=\"async\" src=\"https:\/\/www.foyerlampaul.fr\/wp-content\/uploads\/2016\/06\/ski_img01.jpg\" width=\"280\" height=\"210\" alt=\"\"  class=\"light-dropshaddow\"\/><\/a><\/div><\/div><\/div>\n<p style=\"text-align: center;\"><a href=\"https:\/\/www.foyerlampaul.fr\/?page_id=983\"><img loading=\"lazy\" decoding=\"async\" class=\"size-full wp-image-1302 alignnone\" src=\"http:\/\/foyerlampaul.fr\/wp-content\/uploads\/2016\/06\/ico_volley_sm.gif\" alt=\"ico_volley_sm_on\" width=\"32\" height=\"34\" \/><\/a><a href=\"https:\/\/www.foyerlampaul.fr\/?page_id=977\"><img loading=\"lazy\" decoding=\"async\" class=\"size-full wp-image-1297 alignnone\" src=\"http:\/\/foyerlampaul.fr\/wp-content\/uploads\/2016\/06\/ico_biblio_sm.gif\" alt=\"ico_biblio_sm\" width=\"31\" height=\"34\" \/><\/a> <a href=\"https:\/\/www.foyerlampaul.fr\/?page_id=1007\"><img loading=\"lazy\" decoding=\"async\" class=\"alignnone size-full wp-image-1299\" src=\"http:\/\/foyerlampaul.fr\/wp-content\/uploads\/2016\/06\/ico_char_sm.gif\" alt=\"ico_char_sm\" width=\"31\" height=\"35\" \/><\/a> <a href=\"https:\/\/www.foyerlampaul.fr\/?page_id=968\"><img loading=\"lazy\" decoding=\"async\" class=\"alignnone size-full wp-image-1303\" src=\"http:\/\/foyerlampaul.fr\/wp-content\/uploads\/2016\/06\/ico_velo_sm.gif\" alt=\"ico_velo_sm\" width=\"31\" height=\"34\" \/><\/a> <a href=\"https:\/\/www.foyerlampaul.fr\/?page_id=973\"><img loading=\"lazy\" decoding=\"async\" class=\"alignnone size-full wp-image-1305\" src=\"http:\/\/foyerlampaul.fr\/wp-content\/uploads\/2016\/06\/ico_ski_sm_on.gif\" alt=\"ico_ski_sm\" width=\"31\" height=\"35\" \/><\/a> <a href=\"https:\/\/www.foyerlampaul.fr\/?page_id=966\"><img loading=\"lazy\" decoding=\"async\" class=\"alignnone size-full wp-image-1307\" src=\"http:\/\/foyerlampaul.fr\/wp-content\/uploads\/2016\/06\/ico_poterie_sm.gif\" alt=\"ico_poterie_sm\" width=\"31\" height=\"34\" \/><\/a> <a href=\"https:\/\/www.foyerlampaul.fr\/?page_id=1002\"><img loading=\"lazy\" decoding=\"async\" class=\"alignnone size-full wp-image-1309\" src=\"http:\/\/foyerlampaul.fr\/wp-content\/uploads\/2016\/06\/ico_ping_sm.gif\" alt=\"ico_ping_sm\" width=\"31\" height=\"34\" \/><\/a> <a href=\"https:\/\/www.foyerlampaul.fr\/?page_id=975\"><img loading=\"lazy\" decoding=\"async\" class=\"alignnone size-full wp-image-1311\" src=\"http:\/\/foyerlampaul.fr\/wp-content\/uploads\/2016\/06\/ico_marche_sm.gif\" alt=\"ico_marche_sm\" width=\"32\" height=\"35\" \/><\/a> <a href=\"https:\/\/www.foyerlampaul.fr\/?page_id=979\"><img loading=\"lazy\" decoding=\"async\" class=\"alignnone size-full wp-image-1313\" src=\"http:\/\/foyerlampaul.fr\/wp-content\/uploads\/2016\/06\/ico_fleur_sm.gif\" alt=\"ico_fleur_sm\" width=\"32\" height=\"34\" \/><\/a><a href=\"https:\/\/www.foyerlampaul.fr\/?page_id=1540\"><img loading=\"lazy\" decoding=\"async\" class=\"alignnone wp-image-1315 size-full\" src=\"https:\/\/www.foyerlampaul.fr\/wp-content\/uploads\/2016\/06\/ico_jeunes_sm.gif\" alt=\"ico_jeunes_sm\" width=\"31\" height=\"34\" \/><\/a><\/p>\n","protected":false},"excerpt":{"rendered":"<p>La section \u00ab\u00a0Loisirs -Animations &#8211; Ski\u00a0\u00bb a vu le jour en 1983. Cette section a organis\u00e9 : &#8211; Les jeux interquartiers en 1983,1984,1985, (d\u00e9fil\u00e9s de chars, jeux, tirs \u00e0 la corde.) &#8211; Trois carnavals pour les enfants avec d\u00e9guisements et go\u00fbters. &#8211; Des sorties cano\u00eb sur l&rsquo;Elorn et dans l&rsquo;Aber Beno\u00eet. -Des fest-noz avec feux <a href=\"https:\/\/www.foyerlampaul.fr\/?page_id=973\" rel=\"nofollow\"><span class=\"sr-only\">En savoir plus surLoisir Ski<\/span>[&hellip;]<\/a><\/p>\n","protected":false},"author":1,"featured_media":0,"parent":0,"menu_order":0,"comment_status":"closed","ping_status":"closed","template":"","meta":{"footnotes":""},"class_list":["post-973","page","type-page","status-publish","hentry"],"yoast_head":"<!-- This site is optimized with the Yoast SEO plugin v27.4 - https:\/\/yoast.com\/product\/yoast-seo-wordpress\/ -->\n<title>Loisir Ski - Foyer rural de Lampaul-Ploudalm\u00e9zeau<\/title>\n<meta name=\"robots\" content=\"index, follow, max-snippet:-1, max-image-preview:large, max-video-preview:-1\" \/>\n<link rel=\"canonical\" href=\"https:\/\/www.foyerlampaul.fr\/?page_id=973\" \/>\n<meta property=\"og:locale\" content=\"fr_FR\" \/>\n<meta property=\"og:type\" content=\"article\" \/>\n<meta property=\"og:title\" content=\"Loisir Ski - Foyer rural de Lampaul-Ploudalm\u00e9zeau\" \/>\n<meta property=\"og:description\" content=\"La section \u00ab\u00a0Loisirs -Animations &#8211; Ski\u00a0\u00bb a vu le jour en 1983. Cette section a organis\u00e9 : &#8211; Les jeux interquartiers en 1983,1984,1985, (d\u00e9fil\u00e9s de chars, jeux, tirs \u00e0 la corde.) &#8211; Trois carnavals pour les enfants avec d\u00e9guisements et go\u00fbters. &#8211; Des sorties cano\u00eb sur l&rsquo;Elorn et dans l&rsquo;Aber Beno\u00eet. -Des fest-noz avec feux En savoir plus surLoisir Ski[&hellip;]\" \/>\n<meta property=\"og:url\" content=\"https:\/\/www.foyerlampaul.fr\/?page_id=973\" \/>\n<meta property=\"og:site_name\" content=\"Foyer rural de Lampaul-Ploudalm\u00e9zeau\" \/>\n<meta property=\"article:modified_time\" content=\"2023-11-27T09:34:55+00:00\" \/>\n<meta property=\"og:image\" content=\"https:\/\/www.foyerlampaul.fr\/wp-content\/uploads\/2016\/11\/DSC03827-585x439.jpg\" \/>\n<meta name=\"twitter:card\" content=\"summary_large_image\" \/>\n<meta name=\"twitter:label1\" content=\"Dur\u00e9e de lecture estim\u00e9e\" \/>\n\t<meta name=\"twitter:data1\" content=\"5 minutes\" \/>\n<script type=\"application\/ld+json\" class=\"yoast-schema-graph\">{\"@context\":\"https:\\\/\\\/schema.org\",\"@graph\":[{\"@type\":\"WebPage\",\"@id\":\"https:\\\/\\\/www.foyerlampaul.fr\\\/?page_id=973\",\"url\":\"https:\\\/\\\/www.foyerlampaul.fr\\\/?page_id=973\",\"name\":\"Loisir Ski - Foyer rural de Lampaul-Ploudalm\u00e9zeau\",\"isPartOf\":{\"@id\":\"https:\\\/\\\/www.foyerlampaul.fr\\\/#website\"},\"primaryImageOfPage\":{\"@id\":\"https:\\\/\\\/www.foyerlampaul.fr\\\/?page_id=973#primaryimage\"},\"image\":{\"@id\":\"https:\\\/\\\/www.foyerlampaul.fr\\\/?page_id=973#primaryimage\"},\"thumbnailUrl\":\"http:\\\/\\\/www.foyerlampaul.fr\\\/wp-content\\\/uploads\\\/2016\\\/11\\\/DSC03966-300x225.jpg\",\"datePublished\":\"2016-06-23T05:03:52+00:00\",\"dateModified\":\"2023-11-27T09:34:55+00:00\",\"breadcrumb\":{\"@id\":\"https:\\\/\\\/www.foyerlampaul.fr\\\/?page_id=973#breadcrumb\"},\"inLanguage\":\"fr-FR\",\"potentialAction\":[{\"@type\":\"ReadAction\",\"target\":[\"https:\\\/\\\/www.foyerlampaul.fr\\\/?page_id=973\"]}]},{\"@type\":\"ImageObject\",\"inLanguage\":\"fr-FR\",\"@id\":\"https:\\\/\\\/www.foyerlampaul.fr\\\/?page_id=973#primaryimage\",\"url\":\"http:\\\/\\\/www.foyerlampaul.fr\\\/wp-content\\\/uploads\\\/2016\\\/11\\\/DSC03966-300x225.jpg\",\"contentUrl\":\"http:\\\/\\\/www.foyerlampaul.fr\\\/wp-content\\\/uploads\\\/2016\\\/11\\\/DSC03966-300x225.jpg\"},{\"@type\":\"BreadcrumbList\",\"@id\":\"https:\\\/\\\/www.foyerlampaul.fr\\\/?page_id=973#breadcrumb\",\"itemListElement\":[{\"@type\":\"ListItem\",\"position\":1,\"name\":\"Accueil\",\"item\":\"https:\\\/\\\/www.foyerlampaul.fr\\\/\"},{\"@type\":\"ListItem\",\"position\":2,\"name\":\"Loisir Ski\"}]},{\"@type\":\"WebSite\",\"@id\":\"https:\\\/\\\/www.foyerlampaul.fr\\\/#website\",\"url\":\"https:\\\/\\\/www.foyerlampaul.fr\\\/\",\"name\":\"Foyer rural de Lampaul-Ploudalm\u00e9zeau\",\"description\":\"\",\"potentialAction\":[{\"@type\":\"SearchAction\",\"target\":{\"@type\":\"EntryPoint\",\"urlTemplate\":\"https:\\\/\\\/www.foyerlampaul.fr\\\/?s={search_term_string}\"},\"query-input\":{\"@type\":\"PropertyValueSpecification\",\"valueRequired\":true,\"valueName\":\"search_term_string\"}}],\"inLanguage\":\"fr-FR\"}]}<\/script>\n<!-- \/ Yoast SEO plugin. -->","yoast_head_json":{"title":"Loisir Ski - Foyer rural de Lampaul-Ploudalm\u00e9zeau","robots":{"index":"index","follow":"follow","max-snippet":"max-snippet:-1","max-image-preview":"max-image-preview:large","max-video-preview":"max-video-preview:-1"},"canonical":"https:\/\/www.foyerlampaul.fr\/?page_id=973","og_locale":"fr_FR","og_type":"article","og_title":"Loisir Ski - Foyer rural de Lampaul-Ploudalm\u00e9zeau","og_description":"La section \u00ab\u00a0Loisirs -Animations &#8211; Ski\u00a0\u00bb a vu le jour en 1983. Cette section a organis\u00e9 : &#8211; Les jeux interquartiers en 1983,1984,1985, (d\u00e9fil\u00e9s de chars, jeux, tirs \u00e0 la corde.) &#8211; Trois carnavals pour les enfants avec d\u00e9guisements et go\u00fbters. &#8211; Des sorties cano\u00eb sur l&rsquo;Elorn et dans l&rsquo;Aber Beno\u00eet. -Des fest-noz avec feux En savoir plus surLoisir Ski[&hellip;]","og_url":"https:\/\/www.foyerlampaul.fr\/?page_id=973","og_site_name":"Foyer rural de Lampaul-Ploudalm\u00e9zeau","article_modified_time":"2023-11-27T09:34:55+00:00","og_image":[{"url":"https:\/\/www.foyerlampaul.fr\/wp-content\/uploads\/2016\/11\/DSC03827-585x439.jpg","type":"","width":"","height":""}],"twitter_card":"summary_large_image","twitter_misc":{"Dur\u00e9e de lecture estim\u00e9e":"5 minutes"},"schema":{"@context":"https:\/\/schema.org","@graph":[{"@type":"WebPage","@id":"https:\/\/www.foyerlampaul.fr\/?page_id=973","url":"https:\/\/www.foyerlampaul.fr\/?page_id=973","name":"Loisir Ski - Foyer rural de Lampaul-Ploudalm\u00e9zeau","isPartOf":{"@id":"https:\/\/www.foyerlampaul.fr\/#website"},"primaryImageOfPage":{"@id":"https:\/\/www.foyerlampaul.fr\/?page_id=973#primaryimage"},"image":{"@id":"https:\/\/www.foyerlampaul.fr\/?page_id=973#primaryimage"},"thumbnailUrl":"http:\/\/www.foyerlampaul.fr\/wp-content\/uploads\/2016\/11\/DSC03966-300x225.jpg","datePublished":"2016-06-23T05:03:52+00:00","dateModified":"2023-11-27T09:34:55+00:00","breadcrumb":{"@id":"https:\/\/www.foyerlampaul.fr\/?page_id=973#breadcrumb"},"inLanguage":"fr-FR","potentialAction":[{"@type":"ReadAction","target":["https:\/\/www.foyerlampaul.fr\/?page_id=973"]}]},{"@type":"ImageObject","inLanguage":"fr-FR","@id":"https:\/\/www.foyerlampaul.fr\/?page_id=973#primaryimage","url":"http:\/\/www.foyerlampaul.fr\/wp-content\/uploads\/2016\/11\/DSC03966-300x225.jpg","contentUrl":"http:\/\/www.foyerlampaul.fr\/wp-content\/uploads\/2016\/11\/DSC03966-300x225.jpg"},{"@type":"BreadcrumbList","@id":"https:\/\/www.foyerlampaul.fr\/?page_id=973#breadcrumb","itemListElement":[{"@type":"ListItem","position":1,"name":"Accueil","item":"https:\/\/www.foyerlampaul.fr\/"},{"@type":"ListItem","position":2,"name":"Loisir Ski"}]},{"@type":"WebSite","@id":"https:\/\/www.foyerlampaul.fr\/#website","url":"https:\/\/www.foyerlampaul.fr\/","name":"Foyer rural de Lampaul-Ploudalm\u00e9zeau","description":"","potentialAction":[{"@type":"SearchAction","target":{"@type":"EntryPoint","urlTemplate":"https:\/\/www.foyerlampaul.fr\/?s={search_term_string}"},"query-input":{"@type":"PropertyValueSpecification","valueRequired":true,"valueName":"search_term_string"}}],"inLanguage":"fr-FR"}]}},"jetpack_sharing_enabled":true,"_links":{"self":[{"href":"https:\/\/www.foyerlampaul.fr\/index.php?rest_route=\/wp\/v2\/pages\/973","targetHints":{"allow":["GET"]}}],"collection":[{"href":"https:\/\/www.foyerlampaul.fr\/index.php?rest_route=\/wp\/v2\/pages"}],"about":[{"href":"https:\/\/www.foyerlampaul.fr\/index.php?rest_route=\/wp\/v2\/types\/page"}],"author":[{"embeddable":true,"href":"https:\/\/www.foyerlampaul.fr\/index.php?rest_route=\/wp\/v2\/users\/1"}],"replies":[{"embeddable":true,"href":"https:\/\/www.foyerlampaul.fr\/index.php?rest_route=%2Fwp%2Fv2%2Fcomments&post=973"}],"version-history":[{"count":14,"href":"https:\/\/www.foyerlampaul.fr\/index.php?rest_route=\/wp\/v2\/pages\/973\/revisions"}],"predecessor-version":[{"id":2196,"href":"https:\/\/www.foyerlampaul.fr\/index.php?rest_route=\/wp\/v2\/pages\/973\/revisions\/2196"}],"wp:attachment":[{"href":"https:\/\/www.foyerlampaul.fr\/index.php?rest_route=%2Fwp%2Fv2%2Fmedia&parent=973"}],"curies":[{"name":"wp","href":"https:\/\/api.w.org\/{rel}","templated":true}]}}