{"id":968,"date":"2016-06-23T06:02:29","date_gmt":"2016-06-23T05:02:29","guid":{"rendered":"http:\/\/foyerlampaul.fr\/?page_id=968"},"modified":"2023-11-27T10:34:23","modified_gmt":"2023-11-27T09:34:23","slug":"les-tricycles","status":"publish","type":"page","link":"https:\/\/www.foyerlampaul.fr\/?page_id=968","title":{"rendered":"Les Tricycles"},"content":{"rendered":"<p style=\"text-align: justify;\"><a href=\"https:\/\/www.foyerlampaul.fr\/wp-content\/uploads\/2016\/11\/10288808-e1479852643273.jpg\"><img loading=\"lazy\" decoding=\"async\" class=\"aligncenter wp-image-1668\" src=\"https:\/\/www.foyerlampaul.fr\/wp-content\/uploads\/2016\/11\/10288808-300x200.jpg\" width=\"500\" height=\"333\" \/><\/a>\u00c0 l&rsquo;origine de la section, trois passionn\u00e9s de cyclisme se sont regroup\u00e9s et ont donn\u00e9 naissance \u00e0 \u00ab\u00a0Les Tricycles\u00a0\u00bb. Le nom de la section tient, justement, au fait d&rsquo;\u00eatre 3 (tri) et d&rsquo;\u00eatre tous les trois amateurs de v\u00e9lo. D&rsquo;ann\u00e9e en ann\u00e9e, nous nous sommes \u00e9toff\u00e9s pour atteindre aujourd&rsquo;hui le nombre de 20 personnes.<br \/>\nJuin 2001, le cyclisme refait son apparition sur les routes de Lampaul-Ploudalm\u00e9zeau. Les coureurs de niveau R\u00e9gional s&rsquo;\u00e9lancent vers 15h30 sur une distance de 100 kms. \u00c0 la suite de cette belle \u00e9preuve, la section \u00ab\u00a0Les Tricycles\u00a0\u00bb reconduit chaque ann\u00e9e cette \u00e9preuve sportive. Apr\u00e8s 10 \u00e9dition, la section \u00ab\u00a0Les Tricycles\u00a0\u00bb a d\u00e9cid\u00e9 de mettre fin \u00e0 l&rsquo;animation de cette course cycliste.<\/p>\n<p>Souhaitant maintenir une animation \u00ab\u00a0v\u00e9lo\u00a0\u00bb sur la commune, la section \u00ab\u00a0Les Tricycles\u00a0\u00bb propose une rando VTT ouverte \u00e0 tous (licenci\u00e9s ou non). En 2016, la 10\u00e8me \u00e9dition de la rando \u00ab\u00a0Douar An Mor\u00a0\u00bb s&rsquo;est d\u00e9roul\u00e9 le dimanche 04 Septembre.<\/p>\n<p>Gr\u00e2ce au soutien du club VTT TO2P de Ploudalm\u00e9zeau, diff\u00e9rents circuits sont propos\u00e9s (58, 48 kms, 25 kms, 10 kms) et permettent \u00e0 chacun de trouver sa distance de pr\u00e9dilection.<\/p>\n<p><a href=\"https:\/\/www.foyerlampaul.fr\/wp-content\/uploads\/2016\/11\/10288764-e1479853360502.jpg\"><img loading=\"lazy\" decoding=\"async\" class=\"aligncenter wp-image-1672\" src=\"https:\/\/www.foyerlampaul.fr\/wp-content\/uploads\/2016\/11\/10288764-300x182.jpg\" alt=\"10288764\" width=\"500\" height=\"303\" \/><\/a><\/p>\n<p><span style=\"text-decoration: underline;\"><em>Championnat du Finist\u00e8re de cyclisme: <\/em><\/span><\/p>\n<p>2007 a \u00e9t\u00e9 une grande ann\u00e9e pour la section \u00ab\u00a0Les Tricycles\u00a0\u00bb et l&rsquo;ensemble du foyer rural. L&rsquo;organisation du championnat du Finist\u00e8re de cyclisme 1\u00e8re, 2\u00e8me et 3\u00e8me cat\u00e9gories et espoirs a \u00e9t\u00e9 une grande r\u00e9ussite. D&rsquo;ailleurs, le public nombreux venu assister \u00e0 la victoire de Mathieu JEANNES en est un beau t\u00e9moignage &#8230;<\/p>\n<hr \/>\n<p><img loading=\"lazy\" decoding=\"async\" src=\"http:\/\/foyerlampaul.fr\/wp-content\/uploads\/images\/puce_d.gif\" width=\"25\" height=\"20\" align=\"absmiddle\" \/><strong>CONTACT LES TRICYCLES<\/strong><br \/>\n<img loading=\"lazy\" decoding=\"async\" src=\"http:\/\/foyerlampaul.fr\/wp-content\/uploads\/images\/anim.gif\" width=\"17\" height=\"19\" align=\"absmiddle\" \/> :\u00a0 Mr Bernard MARREC<br \/>\n<img loading=\"lazy\" decoding=\"async\" src=\"http:\/\/foyerlampaul.fr\/wp-content\/uploads\/images\/tel.gif\" width=\"17\" height=\"19\" align=\"absmiddle\" \/> : 07 83 59 17 77<br \/>\n<img loading=\"lazy\" decoding=\"async\" src=\"http:\/\/foyerlampaul.fr\/wp-content\/uploads\/images\/mail.gif\" width=\"18\" height=\"19\" align=\"absmiddle\" \/> : <a href=\"mailto:bernard.marec@orange.fr\">envoyer mail<\/a><\/p>\n<p><img loading=\"lazy\" decoding=\"async\" src=\"http:\/\/foyerlampaul.fr\/wp-content\/uploads\/images\/puce_d.gif\" width=\"25\" height=\"20\" align=\"absmiddle\" \/><strong>Photos :<\/strong><\/p>\n<div id=\"kad-wp-gallery50\" class=\"kad-wp-gallery kad-light-wp-gallery clearfix kt-gallery-column-3 rowtight\"><div class=\"tcol-lg-4 tcol-md-4 tcol-sm-4 tcol-xs-6 tcol-ss-12 g_item\"><div class=\"grid_item kad_gallery_fade_in gallery_item\"><a href=\"https:\/\/www.foyerlampaul.fr\/wp-content\/uploads\/2016\/06\/velo_img07.jpg\" data-rel=\"lightbox\" class=\"lightboxhover\"><img loading=\"lazy\" decoding=\"async\" src=\"https:\/\/www.foyerlampaul.fr\/wp-content\/uploads\/2016\/06\/velo_img07.jpg\" width=\"280\" height=\"210\" alt=\"\"  class=\"light-dropshaddow\"\/><\/a><\/div><\/div><div class=\"tcol-lg-4 tcol-md-4 tcol-sm-4 tcol-xs-6 tcol-ss-12 g_item\"><div class=\"grid_item kad_gallery_fade_in gallery_item\"><a href=\"https:\/\/www.foyerlampaul.fr\/wp-content\/uploads\/2016\/06\/boucles2008-2.jpg\" data-rel=\"lightbox\" class=\"lightboxhover\"><img loading=\"lazy\" decoding=\"async\" src=\"https:\/\/www.foyerlampaul.fr\/wp-content\/uploads\/2016\/06\/boucles2008-2.jpg\" width=\"320\" height=\"240\" alt=\"\" srcset=\"https:\/\/www.foyerlampaul.fr\/wp-content\/uploads\/2016\/06\/boucles2008-2.jpg 320w, https:\/\/www.foyerlampaul.fr\/wp-content\/uploads\/2016\/06\/boucles2008-2-300x225.jpg 300w\" sizes=\"auto, (max-width: 320px) 100vw, 320px\" class=\"light-dropshaddow\"\/><\/a><\/div><\/div><div class=\"tcol-lg-4 tcol-md-4 tcol-sm-4 tcol-xs-6 tcol-ss-12 g_item\"><div class=\"grid_item kad_gallery_fade_in gallery_item\"><a href=\"https:\/\/www.foyerlampaul.fr\/wp-content\/uploads\/2016\/06\/velo_img06.jpg\" data-rel=\"lightbox\" class=\"lightboxhover\"><img loading=\"lazy\" decoding=\"async\" src=\"https:\/\/www.foyerlampaul.fr\/wp-content\/uploads\/2016\/06\/velo_img06.jpg\" width=\"280\" height=\"210\" alt=\"\"  class=\"light-dropshaddow\"\/><\/a><\/div><\/div><div class=\"tcol-lg-4 tcol-md-4 tcol-sm-4 tcol-xs-6 tcol-ss-12 g_item\"><div class=\"grid_item kad_gallery_fade_in gallery_item\"><a href=\"https:\/\/www.foyerlampaul.fr\/wp-content\/uploads\/2016\/06\/velo_img05.jpg\" data-rel=\"lightbox\" class=\"lightboxhover\"><img loading=\"lazy\" decoding=\"async\" src=\"https:\/\/www.foyerlampaul.fr\/wp-content\/uploads\/2016\/06\/velo_img05.jpg\" width=\"280\" height=\"210\" alt=\"\"  class=\"light-dropshaddow\"\/><\/a><\/div><\/div><div class=\"tcol-lg-4 tcol-md-4 tcol-sm-4 tcol-xs-6 tcol-ss-12 g_item\"><div class=\"grid_item kad_gallery_fade_in gallery_item\"><a href=\"https:\/\/www.foyerlampaul.fr\/wp-content\/uploads\/2016\/06\/velo_img04.jpg\" data-rel=\"lightbox\" class=\"lightboxhover\"><img loading=\"lazy\" decoding=\"async\" src=\"https:\/\/www.foyerlampaul.fr\/wp-content\/uploads\/2016\/06\/velo_img04.jpg\" width=\"280\" height=\"210\" alt=\"\"  class=\"light-dropshaddow\"\/><\/a><\/div><\/div><div class=\"tcol-lg-4 tcol-md-4 tcol-sm-4 tcol-xs-6 tcol-ss-12 g_item\"><div class=\"grid_item kad_gallery_fade_in gallery_item\"><a href=\"https:\/\/www.foyerlampaul.fr\/wp-content\/uploads\/2016\/06\/velo_img03.jpg\" data-rel=\"lightbox\" class=\"lightboxhover\"><img loading=\"lazy\" decoding=\"async\" src=\"https:\/\/www.foyerlampaul.fr\/wp-content\/uploads\/2016\/06\/velo_img03.jpg\" width=\"280\" height=\"210\" alt=\"\"  class=\"light-dropshaddow\"\/><\/a><\/div><\/div><div class=\"tcol-lg-4 tcol-md-4 tcol-sm-4 tcol-xs-6 tcol-ss-12 g_item\"><div class=\"grid_item kad_gallery_fade_in gallery_item\"><a href=\"https:\/\/www.foyerlampaul.fr\/wp-content\/uploads\/2016\/06\/velo_img02.jpg\" data-rel=\"lightbox\" class=\"lightboxhover\"><img loading=\"lazy\" decoding=\"async\" src=\"https:\/\/www.foyerlampaul.fr\/wp-content\/uploads\/2016\/06\/velo_img02.jpg\" width=\"280\" height=\"210\" alt=\"\"  class=\"light-dropshaddow\"\/><\/a><\/div><\/div><div class=\"tcol-lg-4 tcol-md-4 tcol-sm-4 tcol-xs-6 tcol-ss-12 g_item\"><div class=\"grid_item kad_gallery_fade_in gallery_item\"><a href=\"https:\/\/www.foyerlampaul.fr\/wp-content\/uploads\/2016\/06\/velo_img01.jpg\" data-rel=\"lightbox\" class=\"lightboxhover\"><img loading=\"lazy\" decoding=\"async\" src=\"https:\/\/www.foyerlampaul.fr\/wp-content\/uploads\/2016\/06\/velo_img01.jpg\" width=\"280\" height=\"210\" alt=\"\"  class=\"light-dropshaddow\"\/><\/a><\/div><\/div><div class=\"tcol-lg-4 tcol-md-4 tcol-sm-4 tcol-xs-6 tcol-ss-12 g_item\"><div class=\"grid_item kad_gallery_fade_in gallery_item\"><a href=\"https:\/\/www.foyerlampaul.fr\/wp-content\/uploads\/2016\/06\/velo_top.jpg\" data-rel=\"lightbox\" class=\"lightboxhover\"><img loading=\"lazy\" decoding=\"async\" src=\"https:\/\/www.foyerlampaul.fr\/wp-content\/uploads\/2016\/06\/velo_top.jpg\" width=\"320\" height=\"115\" alt=\"\" srcset=\"https:\/\/www.foyerlampaul.fr\/wp-content\/uploads\/2016\/06\/velo_top.jpg 320w, https:\/\/www.foyerlampaul.fr\/wp-content\/uploads\/2016\/06\/velo_top-300x108.jpg 300w\" sizes=\"auto, (max-width: 320px) 100vw, 320px\" class=\"light-dropshaddow\"\/><\/a><\/div><\/div><\/div>\n<p style=\"text-align: center;\"><a href=\"https:\/\/www.foyerlampaul.fr\/?page_id=983\"><img loading=\"lazy\" decoding=\"async\" class=\"size-full wp-image-1302 alignnone\" src=\"http:\/\/foyerlampaul.fr\/wp-content\/uploads\/2016\/06\/ico_volley_sm.gif\" alt=\"ico_volley_sm_on\" width=\"32\" height=\"34\" \/><\/a><a href=\"https:\/\/www.foyerlampaul.fr\/?page_id=977\"><img loading=\"lazy\" decoding=\"async\" class=\"size-full wp-image-1297 alignnone\" src=\"http:\/\/foyerlampaul.fr\/wp-content\/uploads\/2016\/06\/ico_biblio_sm.gif\" alt=\"ico_biblio_sm\" width=\"31\" height=\"34\" \/><\/a> <a href=\"https:\/\/www.foyerlampaul.fr\/?page_id=1007\"><img loading=\"lazy\" decoding=\"async\" class=\"alignnone size-full wp-image-1299\" src=\"http:\/\/foyerlampaul.fr\/wp-content\/uploads\/2016\/06\/ico_char_sm.gif\" alt=\"ico_char_sm\" width=\"31\" height=\"35\" \/><\/a> <a href=\"https:\/\/www.foyerlampaul.fr\/?page_id=968\"><img loading=\"lazy\" decoding=\"async\" class=\"alignnone size-full wp-image-1303\" src=\"http:\/\/foyerlampaul.fr\/wp-content\/uploads\/2016\/06\/ico_velo_sm_on.gif\" alt=\"ico_velo_sm\" width=\"31\" height=\"34\" \/><\/a> <a href=\"https:\/\/www.foyerlampaul.fr\/?page_id=973\"><img loading=\"lazy\" decoding=\"async\" class=\"alignnone size-full wp-image-1305\" src=\"http:\/\/foyerlampaul.fr\/wp-content\/uploads\/2016\/06\/ico_ski_sm.gif\" alt=\"ico_ski_sm\" width=\"31\" height=\"35\" \/><\/a> <a href=\"https:\/\/www.foyerlampaul.fr\/?page_id=966\"><img loading=\"lazy\" decoding=\"async\" class=\"alignnone size-full wp-image-1307\" src=\"http:\/\/foyerlampaul.fr\/wp-content\/uploads\/2016\/06\/ico_poterie_sm.gif\" alt=\"ico_poterie_sm\" width=\"31\" height=\"34\" \/><\/a> <a href=\"https:\/\/www.foyerlampaul.fr\/?page_id=1002\"><img loading=\"lazy\" decoding=\"async\" class=\"alignnone size-full wp-image-1309\" src=\"http:\/\/foyerlampaul.fr\/wp-content\/uploads\/2016\/06\/ico_ping_sm.gif\" alt=\"ico_ping_sm\" width=\"31\" height=\"34\" \/><\/a> <a href=\"https:\/\/www.foyerlampaul.fr\/?page_id=975\"><img loading=\"lazy\" decoding=\"async\" class=\"alignnone size-full wp-image-1311\" src=\"http:\/\/foyerlampaul.fr\/wp-content\/uploads\/2016\/06\/ico_marche_sm.gif\" alt=\"ico_marche_sm\" width=\"32\" height=\"35\" \/><\/a> <a href=\"https:\/\/www.foyerlampaul.fr\/?page_id=979\"><img loading=\"lazy\" decoding=\"async\" class=\"alignnone size-full wp-image-1313\" src=\"http:\/\/foyerlampaul.fr\/wp-content\/uploads\/2016\/06\/ico_fleur_sm.gif\" alt=\"ico_fleur_sm\" width=\"32\" height=\"34\" \/><\/a><a href=\"https:\/\/www.foyerlampaul.fr\/?page_id=1540\"><img loading=\"lazy\" decoding=\"async\" class=\"alignnone wp-image-1315 size-full\" src=\"https:\/\/www.foyerlampaul.fr\/wp-content\/uploads\/2016\/06\/ico_jeunes_sm.gif\" alt=\"ico_jeunes_sm\" width=\"31\" height=\"34\" \/><\/a><\/p>\n","protected":false},"excerpt":{"rendered":"<p>\u00c0 l&rsquo;origine de la section, trois passionn\u00e9s de cyclisme se sont regroup\u00e9s et ont donn\u00e9 naissance \u00e0 \u00ab\u00a0Les Tricycles\u00a0\u00bb. Le nom de la section tient, justement, au fait d&rsquo;\u00eatre 3 (tri) et d&rsquo;\u00eatre tous les trois amateurs de v\u00e9lo. D&rsquo;ann\u00e9e en ann\u00e9e, nous nous sommes \u00e9toff\u00e9s pour atteindre aujourd&rsquo;hui le nombre de 20 personnes. Juin <a href=\"https:\/\/www.foyerlampaul.fr\/?page_id=968\" rel=\"nofollow\"><span class=\"sr-only\">En savoir plus surLes Tricycles<\/span>[&hellip;]<\/a><\/p>\n","protected":false},"author":1,"featured_media":0,"parent":0,"menu_order":0,"comment_status":"closed","ping_status":"closed","template":"","meta":{"footnotes":""},"class_list":["post-968","page","type-page","status-publish","hentry"],"yoast_head":"<!-- This site is optimized with the Yoast SEO plugin v27.4 - https:\/\/yoast.com\/product\/yoast-seo-wordpress\/ -->\n<title>Les Tricycles - Foyer rural de Lampaul-Ploudalm\u00e9zeau<\/title>\n<meta name=\"robots\" content=\"index, follow, max-snippet:-1, max-image-preview:large, max-video-preview:-1\" \/>\n<link rel=\"canonical\" href=\"https:\/\/www.foyerlampaul.fr\/?page_id=968\" \/>\n<meta property=\"og:locale\" content=\"fr_FR\" \/>\n<meta property=\"og:type\" content=\"article\" \/>\n<meta property=\"og:title\" content=\"Les Tricycles - Foyer rural de Lampaul-Ploudalm\u00e9zeau\" \/>\n<meta property=\"og:description\" content=\"\u00c0 l&rsquo;origine de la section, trois passionn\u00e9s de cyclisme se sont regroup\u00e9s et ont donn\u00e9 naissance \u00e0 \u00ab\u00a0Les Tricycles\u00a0\u00bb. Le nom de la section tient, justement, au fait d&rsquo;\u00eatre 3 (tri) et d&rsquo;\u00eatre tous les trois amateurs de v\u00e9lo. D&rsquo;ann\u00e9e en ann\u00e9e, nous nous sommes \u00e9toff\u00e9s pour atteindre aujourd&rsquo;hui le nombre de 20 personnes. Juin En savoir plus surLes Tricycles[&hellip;]\" \/>\n<meta property=\"og:url\" content=\"https:\/\/www.foyerlampaul.fr\/?page_id=968\" \/>\n<meta property=\"og:site_name\" content=\"Foyer rural de Lampaul-Ploudalm\u00e9zeau\" \/>\n<meta property=\"article:modified_time\" content=\"2023-11-27T09:34:23+00:00\" \/>\n<meta property=\"og:image\" content=\"https:\/\/www.foyerlampaul.fr\/wp-content\/uploads\/2016\/06\/velo_img07.jpg\" \/>\n<meta name=\"twitter:card\" content=\"summary_large_image\" \/>\n<meta name=\"twitter:label1\" content=\"Dur\u00e9e de lecture estim\u00e9e\" \/>\n\t<meta name=\"twitter:data1\" content=\"5 minutes\" \/>\n<script type=\"application\/ld+json\" class=\"yoast-schema-graph\">{\"@context\":\"https:\\\/\\\/schema.org\",\"@graph\":[{\"@type\":\"WebPage\",\"@id\":\"https:\\\/\\\/www.foyerlampaul.fr\\\/?page_id=968\",\"url\":\"https:\\\/\\\/www.foyerlampaul.fr\\\/?page_id=968\",\"name\":\"Les Tricycles - Foyer rural de Lampaul-Ploudalm\u00e9zeau\",\"isPartOf\":{\"@id\":\"https:\\\/\\\/www.foyerlampaul.fr\\\/#website\"},\"primaryImageOfPage\":{\"@id\":\"https:\\\/\\\/www.foyerlampaul.fr\\\/?page_id=968#primaryimage\"},\"image\":{\"@id\":\"https:\\\/\\\/www.foyerlampaul.fr\\\/?page_id=968#primaryimage\"},\"thumbnailUrl\":\"http:\\\/\\\/www.foyerlampaul.fr\\\/wp-content\\\/uploads\\\/2016\\\/11\\\/10288808-300x200.jpg\",\"datePublished\":\"2016-06-23T05:02:29+00:00\",\"dateModified\":\"2023-11-27T09:34:23+00:00\",\"breadcrumb\":{\"@id\":\"https:\\\/\\\/www.foyerlampaul.fr\\\/?page_id=968#breadcrumb\"},\"inLanguage\":\"fr-FR\",\"potentialAction\":[{\"@type\":\"ReadAction\",\"target\":[\"https:\\\/\\\/www.foyerlampaul.fr\\\/?page_id=968\"]}]},{\"@type\":\"ImageObject\",\"inLanguage\":\"fr-FR\",\"@id\":\"https:\\\/\\\/www.foyerlampaul.fr\\\/?page_id=968#primaryimage\",\"url\":\"http:\\\/\\\/www.foyerlampaul.fr\\\/wp-content\\\/uploads\\\/2016\\\/11\\\/10288808-300x200.jpg\",\"contentUrl\":\"http:\\\/\\\/www.foyerlampaul.fr\\\/wp-content\\\/uploads\\\/2016\\\/11\\\/10288808-300x200.jpg\"},{\"@type\":\"BreadcrumbList\",\"@id\":\"https:\\\/\\\/www.foyerlampaul.fr\\\/?page_id=968#breadcrumb\",\"itemListElement\":[{\"@type\":\"ListItem\",\"position\":1,\"name\":\"Accueil\",\"item\":\"https:\\\/\\\/www.foyerlampaul.fr\\\/\"},{\"@type\":\"ListItem\",\"position\":2,\"name\":\"Les Tricycles\"}]},{\"@type\":\"WebSite\",\"@id\":\"https:\\\/\\\/www.foyerlampaul.fr\\\/#website\",\"url\":\"https:\\\/\\\/www.foyerlampaul.fr\\\/\",\"name\":\"Foyer rural de Lampaul-Ploudalm\u00e9zeau\",\"description\":\"\",\"potentialAction\":[{\"@type\":\"SearchAction\",\"target\":{\"@type\":\"EntryPoint\",\"urlTemplate\":\"https:\\\/\\\/www.foyerlampaul.fr\\\/?s={search_term_string}\"},\"query-input\":{\"@type\":\"PropertyValueSpecification\",\"valueRequired\":true,\"valueName\":\"search_term_string\"}}],\"inLanguage\":\"fr-FR\"}]}<\/script>\n<!-- \/ Yoast SEO plugin. -->","yoast_head_json":{"title":"Les Tricycles - Foyer rural de Lampaul-Ploudalm\u00e9zeau","robots":{"index":"index","follow":"follow","max-snippet":"max-snippet:-1","max-image-preview":"max-image-preview:large","max-video-preview":"max-video-preview:-1"},"canonical":"https:\/\/www.foyerlampaul.fr\/?page_id=968","og_locale":"fr_FR","og_type":"article","og_title":"Les Tricycles - Foyer rural de Lampaul-Ploudalm\u00e9zeau","og_description":"\u00c0 l&rsquo;origine de la section, trois passionn\u00e9s de cyclisme se sont regroup\u00e9s et ont donn\u00e9 naissance \u00e0 \u00ab\u00a0Les Tricycles\u00a0\u00bb. Le nom de la section tient, justement, au fait d&rsquo;\u00eatre 3 (tri) et d&rsquo;\u00eatre tous les trois amateurs de v\u00e9lo. D&rsquo;ann\u00e9e en ann\u00e9e, nous nous sommes \u00e9toff\u00e9s pour atteindre aujourd&rsquo;hui le nombre de 20 personnes. Juin En savoir plus surLes Tricycles[&hellip;]","og_url":"https:\/\/www.foyerlampaul.fr\/?page_id=968","og_site_name":"Foyer rural de Lampaul-Ploudalm\u00e9zeau","article_modified_time":"2023-11-27T09:34:23+00:00","og_image":[{"url":"https:\/\/www.foyerlampaul.fr\/wp-content\/uploads\/2016\/06\/velo_img07.jpg","type":"","width":"","height":""}],"twitter_card":"summary_large_image","twitter_misc":{"Dur\u00e9e de lecture estim\u00e9e":"5 minutes"},"schema":{"@context":"https:\/\/schema.org","@graph":[{"@type":"WebPage","@id":"https:\/\/www.foyerlampaul.fr\/?page_id=968","url":"https:\/\/www.foyerlampaul.fr\/?page_id=968","name":"Les Tricycles - Foyer rural de Lampaul-Ploudalm\u00e9zeau","isPartOf":{"@id":"https:\/\/www.foyerlampaul.fr\/#website"},"primaryImageOfPage":{"@id":"https:\/\/www.foyerlampaul.fr\/?page_id=968#primaryimage"},"image":{"@id":"https:\/\/www.foyerlampaul.fr\/?page_id=968#primaryimage"},"thumbnailUrl":"http:\/\/www.foyerlampaul.fr\/wp-content\/uploads\/2016\/11\/10288808-300x200.jpg","datePublished":"2016-06-23T05:02:29+00:00","dateModified":"2023-11-27T09:34:23+00:00","breadcrumb":{"@id":"https:\/\/www.foyerlampaul.fr\/?page_id=968#breadcrumb"},"inLanguage":"fr-FR","potentialAction":[{"@type":"ReadAction","target":["https:\/\/www.foyerlampaul.fr\/?page_id=968"]}]},{"@type":"ImageObject","inLanguage":"fr-FR","@id":"https:\/\/www.foyerlampaul.fr\/?page_id=968#primaryimage","url":"http:\/\/www.foyerlampaul.fr\/wp-content\/uploads\/2016\/11\/10288808-300x200.jpg","contentUrl":"http:\/\/www.foyerlampaul.fr\/wp-content\/uploads\/2016\/11\/10288808-300x200.jpg"},{"@type":"BreadcrumbList","@id":"https:\/\/www.foyerlampaul.fr\/?page_id=968#breadcrumb","itemListElement":[{"@type":"ListItem","position":1,"name":"Accueil","item":"https:\/\/www.foyerlampaul.fr\/"},{"@type":"ListItem","position":2,"name":"Les Tricycles"}]},{"@type":"WebSite","@id":"https:\/\/www.foyerlampaul.fr\/#website","url":"https:\/\/www.foyerlampaul.fr\/","name":"Foyer rural de Lampaul-Ploudalm\u00e9zeau","description":"","potentialAction":[{"@type":"SearchAction","target":{"@type":"EntryPoint","urlTemplate":"https:\/\/www.foyerlampaul.fr\/?s={search_term_string}"},"query-input":{"@type":"PropertyValueSpecification","valueRequired":true,"valueName":"search_term_string"}}],"inLanguage":"fr-FR"}]}},"jetpack_sharing_enabled":true,"_links":{"self":[{"href":"https:\/\/www.foyerlampaul.fr\/index.php?rest_route=\/wp\/v2\/pages\/968","targetHints":{"allow":["GET"]}}],"collection":[{"href":"https:\/\/www.foyerlampaul.fr\/index.php?rest_route=\/wp\/v2\/pages"}],"about":[{"href":"https:\/\/www.foyerlampaul.fr\/index.php?rest_route=\/wp\/v2\/types\/page"}],"author":[{"embeddable":true,"href":"https:\/\/www.foyerlampaul.fr\/index.php?rest_route=\/wp\/v2\/users\/1"}],"replies":[{"embeddable":true,"href":"https:\/\/www.foyerlampaul.fr\/index.php?rest_route=%2Fwp%2Fv2%2Fcomments&post=968"}],"version-history":[{"count":17,"href":"https:\/\/www.foyerlampaul.fr\/index.php?rest_route=\/wp\/v2\/pages\/968\/revisions"}],"predecessor-version":[{"id":2195,"href":"https:\/\/www.foyerlampaul.fr\/index.php?rest_route=\/wp\/v2\/pages\/968\/revisions\/2195"}],"wp:attachment":[{"href":"https:\/\/www.foyerlampaul.fr\/index.php?rest_route=%2Fwp%2Fv2%2Fmedia&parent=968"}],"curies":[{"name":"wp","href":"https:\/\/api.w.org\/{rel}","templated":true}]}}