{"id":960,"date":"2016-06-23T05:53:18","date_gmt":"2016-06-23T04:53:18","guid":{"rendered":"http:\/\/foyerlampaul.fr\/?page_id=960"},"modified":"2016-11-06T12:14:30","modified_gmt":"2016-11-06T11:14:30","slug":"evenements","status":"publish","type":"page","link":"https:\/\/www.foyerlampaul.fr\/?page_id=960","title":{"rendered":"\u00c9v\u00e9nements"},"content":{"rendered":"<p><strong><img loading=\"lazy\" decoding=\"async\" src=\"http:\/\/foyerlampaul.fr\/wp-content\/uploads\/images\/puce_d.gif\" width=\"25\" height=\"21\" align=\"absmiddle\" \/>HISTORIQUE DU FOYER<a href=\"http:\/\/foyerlampaul.fr\/wp-content\/uploads\/images\/evenements\/village-nb.jpg\"><img loading=\"lazy\" decoding=\"async\" class=\"size-medium wp-image-1052 alignright\" src=\"http:\/\/foyerlampaul.fr\/wp-content\/uploads\/images\/evenements\/village-nb.jpg\" alt=\"village_lampaul\" width=\"320\" height=\"148\" \/><\/a><\/strong><br \/>\nLe Foyer Rural fut cr\u00e9\u00e9 en associant les jeunes et les moins jeunes de la commune avec pour but\u00a0: am\u00e9nager dans son p\u00e9rim\u00e8tre un centre d\u2019aspect plaisant offert et ouvert \u00e0 tous, organiser les loisirs de la collectivit\u00e9 dans son ensemble, et renforcer par tous les moyens la solidarit\u00e9 morale des habitants de la commune. <a href=\"https:\/\/www.foyerlampaul.fr\/?page_id=1291\">Lire la suite &#8230;<\/a><\/p>\n<p>&nbsp;<\/p>\n<p><img loading=\"lazy\" decoding=\"async\" src=\"http:\/\/foyerlampaul.fr\/wp-content\/uploads\/images\/puce_d.gif\" width=\"25\" height=\"21\" align=\"absmiddle\" \/><strong>LES GRANDS \u00c9V\u00c9NEMENTS DU FOYER<br \/>\n<\/strong><\/p>\n<div id=\"attachment_1239\" style=\"width: 310px\" class=\"wp-caption alignnone\"><a href=\"http:\/\/foyerlampaul.fr\/wp-content\/uploads\/2016\/06\/mijoux2010-11.jpg\"><img loading=\"lazy\" decoding=\"async\" aria-describedby=\"caption-attachment-1239\" class=\"wp-image-1239 size-medium\" src=\"http:\/\/foyerlampaul.fr\/wp-content\/uploads\/2016\/06\/mijoux2010-11-300x225.jpg\" width=\"300\" height=\"225\" srcset=\"https:\/\/www.foyerlampaul.fr\/wp-content\/uploads\/2016\/06\/mijoux2010-11-300x225.jpg 300w, https:\/\/www.foyerlampaul.fr\/wp-content\/uploads\/2016\/06\/mijoux2010-11-585x439.jpg 585w, https:\/\/www.foyerlampaul.fr\/wp-content\/uploads\/2016\/06\/mijoux2010-11.jpg 700w\" sizes=\"auto, (max-width: 300px) 100vw, 300px\" \/><\/a><p id=\"caption-attachment-1239\" class=\"wp-caption-text\">S\u00e9jour Ski Mijoux 2010<\/p><\/div>\n<p><strong>\u00a0<\/strong><\/p>\n","protected":false},"excerpt":{"rendered":"<p>HISTORIQUE DU FOYER Le Foyer Rural fut cr\u00e9\u00e9 en associant les jeunes et les moins jeunes de la commune avec pour but\u00a0: am\u00e9nager dans son p\u00e9rim\u00e8tre un centre d\u2019aspect plaisant offert et ouvert \u00e0 tous, organiser les loisirs de la collectivit\u00e9 dans son ensemble, et renforcer par tous les moyens la solidarit\u00e9 morale des habitants <a href=\"https:\/\/www.foyerlampaul.fr\/?page_id=960\" rel=\"nofollow\"><span class=\"sr-only\">En savoir plus sur\u00c9v\u00e9nements<\/span>[&hellip;]<\/a><\/p>\n","protected":false},"author":1,"featured_media":0,"parent":0,"menu_order":0,"comment_status":"closed","ping_status":"closed","template":"","meta":{"footnotes":""},"class_list":["post-960","page","type-page","status-publish","hentry"],"yoast_head":"<!-- This site is optimized with the Yoast SEO plugin v27.4 - https:\/\/yoast.com\/product\/yoast-seo-wordpress\/ -->\n<title>\u00c9v\u00e9nements - Foyer rural de Lampaul-Ploudalm\u00e9zeau<\/title>\n<meta name=\"robots\" content=\"index, follow, max-snippet:-1, max-image-preview:large, max-video-preview:-1\" \/>\n<link rel=\"canonical\" href=\"https:\/\/www.foyerlampaul.fr\/?page_id=960\" \/>\n<meta property=\"og:locale\" content=\"fr_FR\" \/>\n<meta property=\"og:type\" content=\"article\" \/>\n<meta property=\"og:title\" content=\"\u00c9v\u00e9nements - Foyer rural de Lampaul-Ploudalm\u00e9zeau\" \/>\n<meta property=\"og:description\" content=\"HISTORIQUE DU FOYER Le Foyer Rural fut cr\u00e9\u00e9 en associant les jeunes et les moins jeunes de la commune avec pour but\u00a0: am\u00e9nager dans son p\u00e9rim\u00e8tre un centre d\u2019aspect plaisant offert et ouvert \u00e0 tous, organiser les loisirs de la collectivit\u00e9 dans son ensemble, et renforcer par tous les moyens la solidarit\u00e9 morale des habitants En savoir plus sur\u00c9v\u00e9nements[&hellip;]\" \/>\n<meta property=\"og:url\" content=\"https:\/\/www.foyerlampaul.fr\/?page_id=960\" \/>\n<meta property=\"og:site_name\" content=\"Foyer rural de Lampaul-Ploudalm\u00e9zeau\" \/>\n<meta property=\"article:modified_time\" content=\"2016-11-06T11:14:30+00:00\" \/>\n<meta property=\"og:image\" content=\"http:\/\/foyerlampaul.fr\/wp-content\/uploads\/images\/puce_d.gif\" \/>\n<meta name=\"twitter:card\" content=\"summary_large_image\" \/>\n<script type=\"application\/ld+json\" class=\"yoast-schema-graph\">{\"@context\":\"https:\\\/\\\/schema.org\",\"@graph\":[{\"@type\":\"WebPage\",\"@id\":\"https:\\\/\\\/www.foyerlampaul.fr\\\/?page_id=960\",\"url\":\"https:\\\/\\\/www.foyerlampaul.fr\\\/?page_id=960\",\"name\":\"\u00c9v\u00e9nements - Foyer rural de Lampaul-Ploudalm\u00e9zeau\",\"isPartOf\":{\"@id\":\"https:\\\/\\\/www.foyerlampaul.fr\\\/#website\"},\"primaryImageOfPage\":{\"@id\":\"https:\\\/\\\/www.foyerlampaul.fr\\\/?page_id=960#primaryimage\"},\"image\":{\"@id\":\"https:\\\/\\\/www.foyerlampaul.fr\\\/?page_id=960#primaryimage\"},\"thumbnailUrl\":\"http:\\\/\\\/foyerlampaul.fr\\\/wp-content\\\/uploads\\\/images\\\/puce_d.gif\",\"datePublished\":\"2016-06-23T04:53:18+00:00\",\"dateModified\":\"2016-11-06T11:14:30+00:00\",\"breadcrumb\":{\"@id\":\"https:\\\/\\\/www.foyerlampaul.fr\\\/?page_id=960#breadcrumb\"},\"inLanguage\":\"fr-FR\",\"potentialAction\":[{\"@type\":\"ReadAction\",\"target\":[\"https:\\\/\\\/www.foyerlampaul.fr\\\/?page_id=960\"]}]},{\"@type\":\"ImageObject\",\"inLanguage\":\"fr-FR\",\"@id\":\"https:\\\/\\\/www.foyerlampaul.fr\\\/?page_id=960#primaryimage\",\"url\":\"http:\\\/\\\/foyerlampaul.fr\\\/wp-content\\\/uploads\\\/images\\\/puce_d.gif\",\"contentUrl\":\"http:\\\/\\\/foyerlampaul.fr\\\/wp-content\\\/uploads\\\/images\\\/puce_d.gif\"},{\"@type\":\"BreadcrumbList\",\"@id\":\"https:\\\/\\\/www.foyerlampaul.fr\\\/?page_id=960#breadcrumb\",\"itemListElement\":[{\"@type\":\"ListItem\",\"position\":1,\"name\":\"Accueil\",\"item\":\"https:\\\/\\\/www.foyerlampaul.fr\\\/\"},{\"@type\":\"ListItem\",\"position\":2,\"name\":\"\u00c9v\u00e9nements\"}]},{\"@type\":\"WebSite\",\"@id\":\"https:\\\/\\\/www.foyerlampaul.fr\\\/#website\",\"url\":\"https:\\\/\\\/www.foyerlampaul.fr\\\/\",\"name\":\"Foyer rural de Lampaul-Ploudalm\u00e9zeau\",\"description\":\"\",\"potentialAction\":[{\"@type\":\"SearchAction\",\"target\":{\"@type\":\"EntryPoint\",\"urlTemplate\":\"https:\\\/\\\/www.foyerlampaul.fr\\\/?s={search_term_string}\"},\"query-input\":{\"@type\":\"PropertyValueSpecification\",\"valueRequired\":true,\"valueName\":\"search_term_string\"}}],\"inLanguage\":\"fr-FR\"}]}<\/script>\n<!-- \/ Yoast SEO plugin. -->","yoast_head_json":{"title":"\u00c9v\u00e9nements - Foyer rural de Lampaul-Ploudalm\u00e9zeau","robots":{"index":"index","follow":"follow","max-snippet":"max-snippet:-1","max-image-preview":"max-image-preview:large","max-video-preview":"max-video-preview:-1"},"canonical":"https:\/\/www.foyerlampaul.fr\/?page_id=960","og_locale":"fr_FR","og_type":"article","og_title":"\u00c9v\u00e9nements - Foyer rural de Lampaul-Ploudalm\u00e9zeau","og_description":"HISTORIQUE DU FOYER Le Foyer Rural fut cr\u00e9\u00e9 en associant les jeunes et les moins jeunes de la commune avec pour but\u00a0: am\u00e9nager dans son p\u00e9rim\u00e8tre un centre d\u2019aspect plaisant offert et ouvert \u00e0 tous, organiser les loisirs de la collectivit\u00e9 dans son ensemble, et renforcer par tous les moyens la solidarit\u00e9 morale des habitants En savoir plus sur\u00c9v\u00e9nements[&hellip;]","og_url":"https:\/\/www.foyerlampaul.fr\/?page_id=960","og_site_name":"Foyer rural de Lampaul-Ploudalm\u00e9zeau","article_modified_time":"2016-11-06T11:14:30+00:00","og_image":[{"url":"http:\/\/foyerlampaul.fr\/wp-content\/uploads\/images\/puce_d.gif","type":"","width":"","height":""}],"twitter_card":"summary_large_image","schema":{"@context":"https:\/\/schema.org","@graph":[{"@type":"WebPage","@id":"https:\/\/www.foyerlampaul.fr\/?page_id=960","url":"https:\/\/www.foyerlampaul.fr\/?page_id=960","name":"\u00c9v\u00e9nements - Foyer rural de Lampaul-Ploudalm\u00e9zeau","isPartOf":{"@id":"https:\/\/www.foyerlampaul.fr\/#website"},"primaryImageOfPage":{"@id":"https:\/\/www.foyerlampaul.fr\/?page_id=960#primaryimage"},"image":{"@id":"https:\/\/www.foyerlampaul.fr\/?page_id=960#primaryimage"},"thumbnailUrl":"http:\/\/foyerlampaul.fr\/wp-content\/uploads\/images\/puce_d.gif","datePublished":"2016-06-23T04:53:18+00:00","dateModified":"2016-11-06T11:14:30+00:00","breadcrumb":{"@id":"https:\/\/www.foyerlampaul.fr\/?page_id=960#breadcrumb"},"inLanguage":"fr-FR","potentialAction":[{"@type":"ReadAction","target":["https:\/\/www.foyerlampaul.fr\/?page_id=960"]}]},{"@type":"ImageObject","inLanguage":"fr-FR","@id":"https:\/\/www.foyerlampaul.fr\/?page_id=960#primaryimage","url":"http:\/\/foyerlampaul.fr\/wp-content\/uploads\/images\/puce_d.gif","contentUrl":"http:\/\/foyerlampaul.fr\/wp-content\/uploads\/images\/puce_d.gif"},{"@type":"BreadcrumbList","@id":"https:\/\/www.foyerlampaul.fr\/?page_id=960#breadcrumb","itemListElement":[{"@type":"ListItem","position":1,"name":"Accueil","item":"https:\/\/www.foyerlampaul.fr\/"},{"@type":"ListItem","position":2,"name":"\u00c9v\u00e9nements"}]},{"@type":"WebSite","@id":"https:\/\/www.foyerlampaul.fr\/#website","url":"https:\/\/www.foyerlampaul.fr\/","name":"Foyer rural de Lampaul-Ploudalm\u00e9zeau","description":"","potentialAction":[{"@type":"SearchAction","target":{"@type":"EntryPoint","urlTemplate":"https:\/\/www.foyerlampaul.fr\/?s={search_term_string}"},"query-input":{"@type":"PropertyValueSpecification","valueRequired":true,"valueName":"search_term_string"}}],"inLanguage":"fr-FR"}]}},"jetpack_sharing_enabled":true,"_links":{"self":[{"href":"https:\/\/www.foyerlampaul.fr\/index.php?rest_route=\/wp\/v2\/pages\/960","targetHints":{"allow":["GET"]}}],"collection":[{"href":"https:\/\/www.foyerlampaul.fr\/index.php?rest_route=\/wp\/v2\/pages"}],"about":[{"href":"https:\/\/www.foyerlampaul.fr\/index.php?rest_route=\/wp\/v2\/types\/page"}],"author":[{"embeddable":true,"href":"https:\/\/www.foyerlampaul.fr\/index.php?rest_route=\/wp\/v2\/users\/1"}],"replies":[{"embeddable":true,"href":"https:\/\/www.foyerlampaul.fr\/index.php?rest_route=%2Fwp%2Fv2%2Fcomments&post=960"}],"version-history":[{"count":15,"href":"https:\/\/www.foyerlampaul.fr\/index.php?rest_route=\/wp\/v2\/pages\/960\/revisions"}],"predecessor-version":[{"id":1374,"href":"https:\/\/www.foyerlampaul.fr\/index.php?rest_route=\/wp\/v2\/pages\/960\/revisions\/1374"}],"wp:attachment":[{"href":"https:\/\/www.foyerlampaul.fr\/index.php?rest_route=%2Fwp%2Fv2%2Fmedia&parent=960"}],"curies":[{"name":"wp","href":"https:\/\/api.w.org\/{rel}","templated":true}]}}