{"id":1397,"date":"2016-08-02T02:47:39","date_gmt":"2016-08-02T01:47:39","guid":{"rendered":"http:\/\/www.foyerlampaul.fr\/?page_id=1397"},"modified":"2023-11-27T10:21:04","modified_gmt":"2023-11-27T09:21:04","slug":"sections","status":"publish","type":"page","link":"https:\/\/www.foyerlampaul.fr\/?page_id=1397","title":{"rendered":"Activit\u00e9s"},"content":{"rendered":"<div style=\"text-align: left;\">Notre association, affili\u00e9e \u00e0 la FNSMR (F\u00e9d\u00e9ration Nationale du Sport en Milieu Rural), regroupe \u00e0 ce jour 10 sections (biblioth\u00e8que, char \u00e0 voile, Fleur de l\u2019\u00e2ge, karting, ski loisirs, marche, poterie, volley-ball, tennis de table, les tricycles) qui totalisent pas moins de 200 adh\u00e9rents r\u00e9partis en sections que trouverez d\u00e9taill\u00e9es sur ces pages &#8230;<\/div>\n<div style=\"text-align: left;\"><\/div>\n<table class=\" aligncenter\" style=\"width: 770px;\">\n<tbody>\n<tr style=\"height: 34px;\">\n<td style=\"width: 390.2px; text-align: right; height: 34px;\"><a href=\"https:\/\/www.foyerlampaul.fr\/?page_id=983\">Volley Ball <\/a><img loading=\"lazy\" decoding=\"async\" src=\"http:\/\/foyerlampaul.fr\/wp-content\/uploads\/images\/sections\/volley\/ico_volley_sm.gif\" width=\"31\" height=\"34\" align=\"absmiddle\" \/><\/td>\n<td style=\"width: 327.8px; text-align: left; height: 34px;\"><img loading=\"lazy\" decoding=\"async\" src=\"http:\/\/foyerlampaul.fr\/wp-content\/uploads\/images\/sections\/fleur\/ico_fleur_sm.gif\" width=\"31\" height=\"34\" align=\"absmiddle\" \/><a href=\"https:\/\/www.foyerlampaul.fr\/?page_id=979\"> Fleur de l\u2019\u00e2ge<\/a><\/td>\n<\/tr>\n<tr style=\"height: 34px;\">\n<td style=\"width: 390.2px; text-align: right; height: 34px;\"><a href=\"https:\/\/www.foyerlampaul.fr\/?page_id=977\"> Biblioth\u00e8que <\/a><img loading=\"lazy\" decoding=\"async\" src=\"http:\/\/foyerlampaul.fr\/wp-content\/uploads\/images\/sections\/bibliotheque\/ico_biblio_sm.gif\" width=\"31\" height=\"34\" align=\"absmiddle\" \/><\/td>\n<td style=\"width: 327.8px; height: 34px;\"><img loading=\"lazy\" decoding=\"async\" src=\"http:\/\/foyerlampaul.fr\/wp-content\/uploads\/images\/sections\/marche\/ico_marche_sm.gif\" width=\"31\" height=\"34\" align=\"absmiddle\" \/> <a href=\"https:\/\/www.foyerlampaul.fr\/?page_id=975\">Marche<\/a><\/td>\n<\/tr>\n<tr style=\"height: 35px;\">\n<td style=\"width: 390.2px; text-align: right; height: 35px;\"><a href=\"https:\/\/www.foyerlampaul.fr\/?page_id=973\">Loisir Ski <\/a><img loading=\"lazy\" decoding=\"async\" src=\"http:\/\/foyerlampaul.fr\/wp-content\/uploads\/images\/sections\/ski\/ico_ski_sm.gif\" width=\"31\" height=\"34\" align=\"absmiddle\" \/><\/td>\n<td style=\"width: 327.8px; height: 35px;\"><img loading=\"lazy\" decoding=\"async\" src=\"http:\/\/foyerlampaul.fr\/wp-content\/uploads\/images\/sections\/velo\/ico_velo_sm.gif\" width=\"31\" height=\"34\" align=\"absmiddle\" \/><a href=\" https:\/\/www.foyerlampaul.fr\/?page_id=968\"> Les Tricycles<\/a><\/td>\n<\/tr>\n<tr style=\"height: 34px;\">\n<td style=\"width: 390.2px; text-align: right; height: 34px;\"><a href=\"https:\/\/www.foyerlampaul.fr\/?page_id=966 \"> Poterie <\/a><img loading=\"lazy\" decoding=\"async\" src=\"http:\/\/foyerlampaul.fr\/wp-content\/uploads\/images\/sections\/poterie\/ico_poterie_sm.gif\" width=\"31\" height=\"34\" align=\"absmiddle\" \/><\/td>\n<td style=\"width: 327.8px; height: 34px;\"><img loading=\"lazy\" decoding=\"async\" src=\"http:\/\/foyerlampaul.fr\/wp-content\/uploads\/images\/sections\/ping\/ico_ping_sm.gif\" width=\"31\" height=\"34\" align=\"absmiddle\" \/><a href=\"https:\/\/www.foyerlampaul.fr\/?page_id=1002 \"> Tennis de Table<\/a><\/td>\n<\/tr>\n<tr style=\"height: 34px;\">\n<td style=\"width: 390.2px; text-align: right; height: 34px;\"><a href=\"https:\/\/www.foyerlampaul.fr\/?page_id=1007 \"> Bag-Douar : Char \u00e0 Voile <\/a><img loading=\"lazy\" decoding=\"async\" src=\"http:\/\/foyerlampaul.fr\/wp-content\/uploads\/images\/sections\/char\/ico_char_sm.gif\" width=\"31\" height=\"34\" align=\"absmiddle\" \/><\/td>\n<td style=\"width: 327.8px; height: 34px;\"><img loading=\"lazy\" decoding=\"async\" src=\"https:\/\/www.foyerlampaul.fr\/wp-content\/uploads\/2016\/06\/ico_jeunes_sm.gif\" width=\"31\" height=\"34\" align=\"absmiddle\" \/><a href=\"https:\/\/www.foyerlampaul.fr\/?page_id=1540\"> Karting<\/a><\/td>\n<\/tr>\n<\/tbody>\n<\/table>\n","protected":false},"excerpt":{"rendered":"<p>Notre association, affili\u00e9e \u00e0 la FNSMR (F\u00e9d\u00e9ration Nationale du Sport en Milieu Rural), regroupe \u00e0 ce jour 10 sections (biblioth\u00e8que, char \u00e0 voile, Fleur de l\u2019\u00e2ge, karting, ski loisirs, marche, poterie, volley-ball, tennis de table, les tricycles) qui totalisent pas moins de 200 adh\u00e9rents r\u00e9partis en sections que trouverez d\u00e9taill\u00e9es sur ces pages &#8230; Volley <a href=\"https:\/\/www.foyerlampaul.fr\/?page_id=1397\" rel=\"nofollow\"><span class=\"sr-only\">En savoir plus surActivit\u00e9s<\/span>[&hellip;]<\/a><\/p>\n","protected":false},"author":1,"featured_media":0,"parent":0,"menu_order":0,"comment_status":"closed","ping_status":"closed","template":"","meta":{"footnotes":""},"class_list":["post-1397","page","type-page","status-publish","hentry"],"yoast_head":"<!-- This site is optimized with the Yoast SEO plugin v27.4 - https:\/\/yoast.com\/product\/yoast-seo-wordpress\/ -->\n<title>Activit\u00e9s - Foyer rural de Lampaul-Ploudalm\u00e9zeau<\/title>\n<meta name=\"robots\" content=\"index, follow, max-snippet:-1, max-image-preview:large, max-video-preview:-1\" \/>\n<link rel=\"canonical\" href=\"https:\/\/www.foyerlampaul.fr\/?page_id=1397\" \/>\n<meta property=\"og:locale\" content=\"fr_FR\" \/>\n<meta property=\"og:type\" content=\"article\" \/>\n<meta property=\"og:title\" content=\"Activit\u00e9s - Foyer rural de Lampaul-Ploudalm\u00e9zeau\" \/>\n<meta property=\"og:description\" content=\"Notre association, affili\u00e9e \u00e0 la FNSMR (F\u00e9d\u00e9ration Nationale du Sport en Milieu Rural), regroupe \u00e0 ce jour 10 sections (biblioth\u00e8que, char \u00e0 voile, Fleur de l\u2019\u00e2ge, karting, ski loisirs, marche, poterie, volley-ball, tennis de table, les tricycles) qui totalisent pas moins de 200 adh\u00e9rents r\u00e9partis en sections que trouverez d\u00e9taill\u00e9es sur ces pages &#8230; Volley En savoir plus surActivit\u00e9s[&hellip;]\" \/>\n<meta property=\"og:url\" content=\"https:\/\/www.foyerlampaul.fr\/?page_id=1397\" \/>\n<meta property=\"og:site_name\" content=\"Foyer rural de Lampaul-Ploudalm\u00e9zeau\" \/>\n<meta property=\"article:modified_time\" content=\"2023-11-27T09:21:04+00:00\" \/>\n<meta property=\"og:image\" content=\"http:\/\/foyerlampaul.fr\/wp-content\/uploads\/images\/sections\/volley\/ico_volley_sm.gif\" \/>\n<meta name=\"twitter:card\" content=\"summary_large_image\" \/>\n<meta name=\"twitter:label1\" content=\"Dur\u00e9e de lecture estim\u00e9e\" \/>\n\t<meta name=\"twitter:data1\" content=\"3 minutes\" \/>\n<script type=\"application\/ld+json\" class=\"yoast-schema-graph\">{\"@context\":\"https:\\\/\\\/schema.org\",\"@graph\":[{\"@type\":\"WebPage\",\"@id\":\"https:\\\/\\\/www.foyerlampaul.fr\\\/?page_id=1397\",\"url\":\"https:\\\/\\\/www.foyerlampaul.fr\\\/?page_id=1397\",\"name\":\"Activit\u00e9s - Foyer rural de Lampaul-Ploudalm\u00e9zeau\",\"isPartOf\":{\"@id\":\"https:\\\/\\\/www.foyerlampaul.fr\\\/#website\"},\"primaryImageOfPage\":{\"@id\":\"https:\\\/\\\/www.foyerlampaul.fr\\\/?page_id=1397#primaryimage\"},\"image\":{\"@id\":\"https:\\\/\\\/www.foyerlampaul.fr\\\/?page_id=1397#primaryimage\"},\"thumbnailUrl\":\"http:\\\/\\\/foyerlampaul.fr\\\/wp-content\\\/uploads\\\/images\\\/sections\\\/volley\\\/ico_volley_sm.gif\",\"datePublished\":\"2016-08-02T01:47:39+00:00\",\"dateModified\":\"2023-11-27T09:21:04+00:00\",\"breadcrumb\":{\"@id\":\"https:\\\/\\\/www.foyerlampaul.fr\\\/?page_id=1397#breadcrumb\"},\"inLanguage\":\"fr-FR\",\"potentialAction\":[{\"@type\":\"ReadAction\",\"target\":[\"https:\\\/\\\/www.foyerlampaul.fr\\\/?page_id=1397\"]}]},{\"@type\":\"ImageObject\",\"inLanguage\":\"fr-FR\",\"@id\":\"https:\\\/\\\/www.foyerlampaul.fr\\\/?page_id=1397#primaryimage\",\"url\":\"http:\\\/\\\/foyerlampaul.fr\\\/wp-content\\\/uploads\\\/images\\\/sections\\\/volley\\\/ico_volley_sm.gif\",\"contentUrl\":\"http:\\\/\\\/foyerlampaul.fr\\\/wp-content\\\/uploads\\\/images\\\/sections\\\/volley\\\/ico_volley_sm.gif\"},{\"@type\":\"BreadcrumbList\",\"@id\":\"https:\\\/\\\/www.foyerlampaul.fr\\\/?page_id=1397#breadcrumb\",\"itemListElement\":[{\"@type\":\"ListItem\",\"position\":1,\"name\":\"Accueil\",\"item\":\"https:\\\/\\\/www.foyerlampaul.fr\\\/\"},{\"@type\":\"ListItem\",\"position\":2,\"name\":\"Activit\u00e9s\"}]},{\"@type\":\"WebSite\",\"@id\":\"https:\\\/\\\/www.foyerlampaul.fr\\\/#website\",\"url\":\"https:\\\/\\\/www.foyerlampaul.fr\\\/\",\"name\":\"Foyer rural de Lampaul-Ploudalm\u00e9zeau\",\"description\":\"\",\"potentialAction\":[{\"@type\":\"SearchAction\",\"target\":{\"@type\":\"EntryPoint\",\"urlTemplate\":\"https:\\\/\\\/www.foyerlampaul.fr\\\/?s={search_term_string}\"},\"query-input\":{\"@type\":\"PropertyValueSpecification\",\"valueRequired\":true,\"valueName\":\"search_term_string\"}}],\"inLanguage\":\"fr-FR\"}]}<\/script>\n<!-- \/ Yoast SEO plugin. -->","yoast_head_json":{"title":"Activit\u00e9s - Foyer rural de Lampaul-Ploudalm\u00e9zeau","robots":{"index":"index","follow":"follow","max-snippet":"max-snippet:-1","max-image-preview":"max-image-preview:large","max-video-preview":"max-video-preview:-1"},"canonical":"https:\/\/www.foyerlampaul.fr\/?page_id=1397","og_locale":"fr_FR","og_type":"article","og_title":"Activit\u00e9s - Foyer rural de Lampaul-Ploudalm\u00e9zeau","og_description":"Notre association, affili\u00e9e \u00e0 la FNSMR (F\u00e9d\u00e9ration Nationale du Sport en Milieu Rural), regroupe \u00e0 ce jour 10 sections (biblioth\u00e8que, char \u00e0 voile, Fleur de l\u2019\u00e2ge, karting, ski loisirs, marche, poterie, volley-ball, tennis de table, les tricycles) qui totalisent pas moins de 200 adh\u00e9rents r\u00e9partis en sections que trouverez d\u00e9taill\u00e9es sur ces pages &#8230; Volley En savoir plus surActivit\u00e9s[&hellip;]","og_url":"https:\/\/www.foyerlampaul.fr\/?page_id=1397","og_site_name":"Foyer rural de Lampaul-Ploudalm\u00e9zeau","article_modified_time":"2023-11-27T09:21:04+00:00","og_image":[{"url":"http:\/\/foyerlampaul.fr\/wp-content\/uploads\/images\/sections\/volley\/ico_volley_sm.gif","type":"","width":"","height":""}],"twitter_card":"summary_large_image","twitter_misc":{"Dur\u00e9e de lecture estim\u00e9e":"3 minutes"},"schema":{"@context":"https:\/\/schema.org","@graph":[{"@type":"WebPage","@id":"https:\/\/www.foyerlampaul.fr\/?page_id=1397","url":"https:\/\/www.foyerlampaul.fr\/?page_id=1397","name":"Activit\u00e9s - Foyer rural de Lampaul-Ploudalm\u00e9zeau","isPartOf":{"@id":"https:\/\/www.foyerlampaul.fr\/#website"},"primaryImageOfPage":{"@id":"https:\/\/www.foyerlampaul.fr\/?page_id=1397#primaryimage"},"image":{"@id":"https:\/\/www.foyerlampaul.fr\/?page_id=1397#primaryimage"},"thumbnailUrl":"http:\/\/foyerlampaul.fr\/wp-content\/uploads\/images\/sections\/volley\/ico_volley_sm.gif","datePublished":"2016-08-02T01:47:39+00:00","dateModified":"2023-11-27T09:21:04+00:00","breadcrumb":{"@id":"https:\/\/www.foyerlampaul.fr\/?page_id=1397#breadcrumb"},"inLanguage":"fr-FR","potentialAction":[{"@type":"ReadAction","target":["https:\/\/www.foyerlampaul.fr\/?page_id=1397"]}]},{"@type":"ImageObject","inLanguage":"fr-FR","@id":"https:\/\/www.foyerlampaul.fr\/?page_id=1397#primaryimage","url":"http:\/\/foyerlampaul.fr\/wp-content\/uploads\/images\/sections\/volley\/ico_volley_sm.gif","contentUrl":"http:\/\/foyerlampaul.fr\/wp-content\/uploads\/images\/sections\/volley\/ico_volley_sm.gif"},{"@type":"BreadcrumbList","@id":"https:\/\/www.foyerlampaul.fr\/?page_id=1397#breadcrumb","itemListElement":[{"@type":"ListItem","position":1,"name":"Accueil","item":"https:\/\/www.foyerlampaul.fr\/"},{"@type":"ListItem","position":2,"name":"Activit\u00e9s"}]},{"@type":"WebSite","@id":"https:\/\/www.foyerlampaul.fr\/#website","url":"https:\/\/www.foyerlampaul.fr\/","name":"Foyer rural de Lampaul-Ploudalm\u00e9zeau","description":"","potentialAction":[{"@type":"SearchAction","target":{"@type":"EntryPoint","urlTemplate":"https:\/\/www.foyerlampaul.fr\/?s={search_term_string}"},"query-input":{"@type":"PropertyValueSpecification","valueRequired":true,"valueName":"search_term_string"}}],"inLanguage":"fr-FR"}]}},"jetpack_sharing_enabled":true,"_links":{"self":[{"href":"https:\/\/www.foyerlampaul.fr\/index.php?rest_route=\/wp\/v2\/pages\/1397","targetHints":{"allow":["GET"]}}],"collection":[{"href":"https:\/\/www.foyerlampaul.fr\/index.php?rest_route=\/wp\/v2\/pages"}],"about":[{"href":"https:\/\/www.foyerlampaul.fr\/index.php?rest_route=\/wp\/v2\/types\/page"}],"author":[{"embeddable":true,"href":"https:\/\/www.foyerlampaul.fr\/index.php?rest_route=\/wp\/v2\/users\/1"}],"replies":[{"embeddable":true,"href":"https:\/\/www.foyerlampaul.fr\/index.php?rest_route=%2Fwp%2Fv2%2Fcomments&post=1397"}],"version-history":[{"count":21,"href":"https:\/\/www.foyerlampaul.fr\/index.php?rest_route=\/wp\/v2\/pages\/1397\/revisions"}],"predecessor-version":[{"id":2188,"href":"https:\/\/www.foyerlampaul.fr\/index.php?rest_route=\/wp\/v2\/pages\/1397\/revisions\/2188"}],"wp:attachment":[{"href":"https:\/\/www.foyerlampaul.fr\/index.php?rest_route=%2Fwp%2Fv2%2Fmedia&parent=1397"}],"curies":[{"name":"wp","href":"https:\/\/api.w.org\/{rel}","templated":true}]}}