{"id":1291,"date":"2016-06-27T19:45:16","date_gmt":"2016-06-27T18:45:16","guid":{"rendered":"http:\/\/foyerlampaul.fr\/?page_id=1291"},"modified":"2016-06-27T19:49:52","modified_gmt":"2016-06-27T18:49:52","slug":"historique-du-foyer","status":"publish","type":"page","link":"https:\/\/www.foyerlampaul.fr\/?page_id=1291","title":{"rendered":"Historique du Foyer"},"content":{"rendered":"<p><a href=\"http:\/\/foyerlampaul.fr\/wp-content\/uploads\/2016\/06\/village-nb.jpg\"><img loading=\"lazy\" decoding=\"async\" class=\"size-medium wp-image-1295 alignright\" src=\"http:\/\/foyerlampaul.fr\/wp-content\/uploads\/2016\/06\/village-nb-300x139.jpg\" alt=\"village-nb\" width=\"300\" height=\"139\" srcset=\"https:\/\/www.foyerlampaul.fr\/wp-content\/uploads\/2016\/06\/village-nb-300x139.jpg 300w, https:\/\/www.foyerlampaul.fr\/wp-content\/uploads\/2016\/06\/village-nb.jpg 320w\" sizes=\"auto, (max-width: 300px) 100vw, 300px\" \/><\/a>Le Foyer Rural fut cr\u00e9\u00e9 en associant les jeunes et les moins jeunes de la commune avec pour but\u00a0: am\u00e9nager dans son p\u00e9rim\u00e8tre un centre d\u2019aspect plaisant offert et ouvert \u00e0 tous, organiser les loisirs de la collectivit\u00e9 dans son ensemble, et renforcer par tous les moyens la solidarit\u00e9 morale des habitants de la commune.<\/p>\n<p>&#8211; Cr\u00e9ation vers 1970 d&rsquo;un club de football : St\u00e9r\u00e9den-Vor, reprise en 1984 apr\u00e8s sommeil.<br \/>\n&#8211; Cr\u00e9ation en 1976 d&rsquo;un club du 3\u00e8me Age (devenu <a href=\"http:\/\/foyerlampaul.fr\/index.php\/fleur-de-lage\/\">Fleur de l&rsquo;Age<\/a>, 30 ans en 2006).<br \/>\n&#8211; Cr\u00e9ation en 1977 d&rsquo;un club de <a href=\"http:\/\/foyerlampaul.fr\/index.php\/volley-ball\/\">Volley-ball<\/a> (30 ans en 2007, en sommeil de 1990 \u00e0 1995).<\/p>\n<p>&#8211; Regroupement des diverses associations de la commune le 15 d\u00e9cembre 1979 et constitution d&rsquo;un Foyer Rural. Il sollicite la location d&rsquo;un b\u00e2timent communal afin de d\u00e9velopper ses diverses activit\u00e9s qui deviendront des <a href=\"https:\/\/www.foyerlampaul.fr\/activites_foyer.htm\">sections<\/a>.<\/p>\n<p>&#8211; <strong>D\u00e9claration en pr\u00e9fecture du Foyer Rural le 2 janvier 1980<\/strong>, pr\u00e9sidence de Andr\u00e9 Bideau.<\/p>\n<p>&#8211; Bail de location entre la commune et le Foyer Rural pass\u00e9 le 27 f\u00e9vrier 1980. L&rsquo;immeuble devient un centre de vacances pendant les mois d&rsquo;\u00e9t\u00e9s et est g\u00e9r\u00e9 par la commune sur juillet et ao\u00fbt.<br \/>\n&#8211; 1\u00e8re r\u00e9novation des b\u00e2timents en 1981 avec participation conjointe Municipalit\u00e9\/Foyer.<\/p>\n<p>&#8211; Cr\u00e9ation de la section <a href=\"http:\/\/foyerlampaul.fr\/index.php\/bibliotheque\/\">biblioth\u00e8que<\/a> en 1981.<br \/>\n&#8211; Cr\u00e9ation de la section <a href=\"http:\/\/foyerlampaul.fr\/index.php\/loisir-ski\/\">Loisirs, Animations, Ski<\/a> en 1984.<br \/>\n&#8211; Mise en place d&rsquo;un emploi \u00e0 temps partiel (accueil et entretien) depuis 1984 sous gestion b\u00e9n\u00e9vole.<br \/>\n&#8211; Organisation des finales des Crit\u00e9riums nationaux de Volley-ball des Foyers Ruraux en 1988.<br \/>\n&#8211; Cr\u00e9ation de la section Peinture, Dessin en 1985 et fin en 1993.<br \/>\n&#8211; Cr\u00e9ation de la section <a href=\"http:\/\/foyerlampaul.fr\/index.php\/bag-douar-char-a-voile\/\">Char \u00e0 Voile : Bag-Douar<\/a> en 1986.<br \/>\n&#8211; Cr\u00e9ation de la section JJF : Journal des Jeunes du Foyer en 1992 et fin en 19??.<br \/>\n&#8211; Cr\u00e9ation de la section <a href=\"http:\/\/foyerlampaul.fr\/index.php\/marche\/\">Marche<\/a> en 1989.<br \/>\n&#8211; Cr\u00e9ation de la section <a href=\"http:\/\/foyerlampaul.fr\/index.php\/poterie\/\">Poterie<\/a> en 1996.<br \/>\n&#8211; Cr\u00e9ation de la section <a href=\"http:\/\/foyerlampaul.fr\/index.php\/foyer-des-jeunes\/\">Foyer des jeunes<\/a> en 1997.<\/p>\n<p>&#8211; Organisation des Crit\u00e9riums nationaux de Volley-ball desFoyers Ruraux de 1998.<br \/>\n&#8211; 2\u00e8me r\u00e9novation, agrandissement du Foyer et 1\u00e8re tranche des salles communales finie en 2002 avec concertation Municipalit\u00e9\/Foyer (80% de subventions).<\/p>\n<p>&#8211; Cr\u00e9ation de la section <a href=\"http:\/\/foyerlampaul.fr\/index.php\/les-tricycles\/\">Les tricycles<\/a> en 2001.<br \/>\n&#8211; Cr\u00e9ation de la section <a href=\"http:\/\/foyerlampaul.fr\/index.php\/tennis-de-table\/\">Tennis de Table<\/a> en 2003.<br \/>\n&#8211; Cr\u00e9ation de la section : Et si on chantait en 2004 et fin en septembre 2005.<br \/>\n&#8211; Organisation du spectacle de <a href=\"https:\/\/www.foyerlampaul.fr\/guerzaille.htm\">Marie Guerzaille<\/a> en juin 2005 (1200 pers.) \u00e0 la salle omnisports de Ploudalm\u00e9zeau.<br \/>\n&#8211; En 2005, r\u00e9unions d&rsquo;information et de concertation concernant le projet de salle multifonction (salle de sports, all\u00e9e couverte de boules et foyer des jeunes) en collaboration avec la Mairie.<br \/>\n&#8211; En mai 2007, Organisation du Championnat d\u00e9partemental de cyclisme.<br \/>\n&#8211; En juin 2007, d\u00e9but de 2\u00e8me tranche des travaux de r\u00e9alisation de la salle Multifonctions.<br \/>\n&#8211; En octobre 2007, mise en ligne du site internet <a href=\"https:\/\/www.foyerlampaul.fr\">www.foyerlampaul.fr<br \/>\n<\/a>cr\u00e9\u00e9 par MARION Tanguy (<a href=\"http:\/\/www.tan-ki.com\" target=\"_blank\">www.tan-ki.com<\/a>).<\/p>\n","protected":false},"excerpt":{"rendered":"<p>Le Foyer Rural fut cr\u00e9\u00e9 en associant les jeunes et les moins jeunes de la commune avec pour but\u00a0: am\u00e9nager dans son p\u00e9rim\u00e8tre un centre d\u2019aspect plaisant offert et ouvert \u00e0 tous, organiser les loisirs de la collectivit\u00e9 dans son ensemble, et renforcer par tous les moyens la solidarit\u00e9 morale des habitants de la commune. <a href=\"https:\/\/www.foyerlampaul.fr\/?page_id=1291\" rel=\"nofollow\"><span class=\"sr-only\">En savoir plus surHistorique du Foyer<\/span>[&hellip;]<\/a><\/p>\n","protected":false},"author":1,"featured_media":0,"parent":0,"menu_order":0,"comment_status":"closed","ping_status":"closed","template":"","meta":{"footnotes":""},"class_list":["post-1291","page","type-page","status-publish","hentry"],"yoast_head":"<!-- This site is optimized with the Yoast SEO plugin v27.4 - https:\/\/yoast.com\/product\/yoast-seo-wordpress\/ -->\n<title>Historique du Foyer - Foyer rural de Lampaul-Ploudalm\u00e9zeau<\/title>\n<meta name=\"robots\" content=\"index, follow, max-snippet:-1, max-image-preview:large, max-video-preview:-1\" \/>\n<link rel=\"canonical\" href=\"https:\/\/www.foyerlampaul.fr\/?page_id=1291\" \/>\n<meta property=\"og:locale\" content=\"fr_FR\" \/>\n<meta property=\"og:type\" content=\"article\" \/>\n<meta property=\"og:title\" content=\"Historique du Foyer - Foyer rural de Lampaul-Ploudalm\u00e9zeau\" \/>\n<meta property=\"og:description\" content=\"Le Foyer Rural fut cr\u00e9\u00e9 en associant les jeunes et les moins jeunes de la commune avec pour but\u00a0: am\u00e9nager dans son p\u00e9rim\u00e8tre un centre d\u2019aspect plaisant offert et ouvert \u00e0 tous, organiser les loisirs de la collectivit\u00e9 dans son ensemble, et renforcer par tous les moyens la solidarit\u00e9 morale des habitants de la commune. En savoir plus surHistorique du Foyer[&hellip;]\" \/>\n<meta property=\"og:url\" content=\"https:\/\/www.foyerlampaul.fr\/?page_id=1291\" \/>\n<meta property=\"og:site_name\" content=\"Foyer rural de Lampaul-Ploudalm\u00e9zeau\" \/>\n<meta property=\"article:modified_time\" content=\"2016-06-27T18:49:52+00:00\" \/>\n<meta property=\"og:image\" content=\"http:\/\/foyerlampaul.fr\/wp-content\/uploads\/2016\/06\/village-nb-300x139.jpg\" \/>\n<meta name=\"twitter:card\" content=\"summary_large_image\" \/>\n<meta name=\"twitter:label1\" content=\"Dur\u00e9e de lecture estim\u00e9e\" \/>\n\t<meta name=\"twitter:data1\" content=\"2 minutes\" \/>\n<script type=\"application\/ld+json\" class=\"yoast-schema-graph\">{\"@context\":\"https:\\\/\\\/schema.org\",\"@graph\":[{\"@type\":\"WebPage\",\"@id\":\"https:\\\/\\\/www.foyerlampaul.fr\\\/?page_id=1291\",\"url\":\"https:\\\/\\\/www.foyerlampaul.fr\\\/?page_id=1291\",\"name\":\"Historique du Foyer - Foyer rural de Lampaul-Ploudalm\u00e9zeau\",\"isPartOf\":{\"@id\":\"https:\\\/\\\/www.foyerlampaul.fr\\\/#website\"},\"primaryImageOfPage\":{\"@id\":\"https:\\\/\\\/www.foyerlampaul.fr\\\/?page_id=1291#primaryimage\"},\"image\":{\"@id\":\"https:\\\/\\\/www.foyerlampaul.fr\\\/?page_id=1291#primaryimage\"},\"thumbnailUrl\":\"http:\\\/\\\/foyerlampaul.fr\\\/wp-content\\\/uploads\\\/2016\\\/06\\\/village-nb-300x139.jpg\",\"datePublished\":\"2016-06-27T18:45:16+00:00\",\"dateModified\":\"2016-06-27T18:49:52+00:00\",\"breadcrumb\":{\"@id\":\"https:\\\/\\\/www.foyerlampaul.fr\\\/?page_id=1291#breadcrumb\"},\"inLanguage\":\"fr-FR\",\"potentialAction\":[{\"@type\":\"ReadAction\",\"target\":[\"https:\\\/\\\/www.foyerlampaul.fr\\\/?page_id=1291\"]}]},{\"@type\":\"ImageObject\",\"inLanguage\":\"fr-FR\",\"@id\":\"https:\\\/\\\/www.foyerlampaul.fr\\\/?page_id=1291#primaryimage\",\"url\":\"http:\\\/\\\/foyerlampaul.fr\\\/wp-content\\\/uploads\\\/2016\\\/06\\\/village-nb-300x139.jpg\",\"contentUrl\":\"http:\\\/\\\/foyerlampaul.fr\\\/wp-content\\\/uploads\\\/2016\\\/06\\\/village-nb-300x139.jpg\"},{\"@type\":\"BreadcrumbList\",\"@id\":\"https:\\\/\\\/www.foyerlampaul.fr\\\/?page_id=1291#breadcrumb\",\"itemListElement\":[{\"@type\":\"ListItem\",\"position\":1,\"name\":\"Accueil\",\"item\":\"https:\\\/\\\/www.foyerlampaul.fr\\\/\"},{\"@type\":\"ListItem\",\"position\":2,\"name\":\"Historique du Foyer\"}]},{\"@type\":\"WebSite\",\"@id\":\"https:\\\/\\\/www.foyerlampaul.fr\\\/#website\",\"url\":\"https:\\\/\\\/www.foyerlampaul.fr\\\/\",\"name\":\"Foyer rural de Lampaul-Ploudalm\u00e9zeau\",\"description\":\"\",\"potentialAction\":[{\"@type\":\"SearchAction\",\"target\":{\"@type\":\"EntryPoint\",\"urlTemplate\":\"https:\\\/\\\/www.foyerlampaul.fr\\\/?s={search_term_string}\"},\"query-input\":{\"@type\":\"PropertyValueSpecification\",\"valueRequired\":true,\"valueName\":\"search_term_string\"}}],\"inLanguage\":\"fr-FR\"}]}<\/script>\n<!-- \/ Yoast SEO plugin. -->","yoast_head_json":{"title":"Historique du Foyer - Foyer rural de Lampaul-Ploudalm\u00e9zeau","robots":{"index":"index","follow":"follow","max-snippet":"max-snippet:-1","max-image-preview":"max-image-preview:large","max-video-preview":"max-video-preview:-1"},"canonical":"https:\/\/www.foyerlampaul.fr\/?page_id=1291","og_locale":"fr_FR","og_type":"article","og_title":"Historique du Foyer - Foyer rural de Lampaul-Ploudalm\u00e9zeau","og_description":"Le Foyer Rural fut cr\u00e9\u00e9 en associant les jeunes et les moins jeunes de la commune avec pour but\u00a0: am\u00e9nager dans son p\u00e9rim\u00e8tre un centre d\u2019aspect plaisant offert et ouvert \u00e0 tous, organiser les loisirs de la collectivit\u00e9 dans son ensemble, et renforcer par tous les moyens la solidarit\u00e9 morale des habitants de la commune. En savoir plus surHistorique du Foyer[&hellip;]","og_url":"https:\/\/www.foyerlampaul.fr\/?page_id=1291","og_site_name":"Foyer rural de Lampaul-Ploudalm\u00e9zeau","article_modified_time":"2016-06-27T18:49:52+00:00","og_image":[{"url":"http:\/\/foyerlampaul.fr\/wp-content\/uploads\/2016\/06\/village-nb-300x139.jpg","type":"","width":"","height":""}],"twitter_card":"summary_large_image","twitter_misc":{"Dur\u00e9e de lecture estim\u00e9e":"2 minutes"},"schema":{"@context":"https:\/\/schema.org","@graph":[{"@type":"WebPage","@id":"https:\/\/www.foyerlampaul.fr\/?page_id=1291","url":"https:\/\/www.foyerlampaul.fr\/?page_id=1291","name":"Historique du Foyer - Foyer rural de Lampaul-Ploudalm\u00e9zeau","isPartOf":{"@id":"https:\/\/www.foyerlampaul.fr\/#website"},"primaryImageOfPage":{"@id":"https:\/\/www.foyerlampaul.fr\/?page_id=1291#primaryimage"},"image":{"@id":"https:\/\/www.foyerlampaul.fr\/?page_id=1291#primaryimage"},"thumbnailUrl":"http:\/\/foyerlampaul.fr\/wp-content\/uploads\/2016\/06\/village-nb-300x139.jpg","datePublished":"2016-06-27T18:45:16+00:00","dateModified":"2016-06-27T18:49:52+00:00","breadcrumb":{"@id":"https:\/\/www.foyerlampaul.fr\/?page_id=1291#breadcrumb"},"inLanguage":"fr-FR","potentialAction":[{"@type":"ReadAction","target":["https:\/\/www.foyerlampaul.fr\/?page_id=1291"]}]},{"@type":"ImageObject","inLanguage":"fr-FR","@id":"https:\/\/www.foyerlampaul.fr\/?page_id=1291#primaryimage","url":"http:\/\/foyerlampaul.fr\/wp-content\/uploads\/2016\/06\/village-nb-300x139.jpg","contentUrl":"http:\/\/foyerlampaul.fr\/wp-content\/uploads\/2016\/06\/village-nb-300x139.jpg"},{"@type":"BreadcrumbList","@id":"https:\/\/www.foyerlampaul.fr\/?page_id=1291#breadcrumb","itemListElement":[{"@type":"ListItem","position":1,"name":"Accueil","item":"https:\/\/www.foyerlampaul.fr\/"},{"@type":"ListItem","position":2,"name":"Historique du Foyer"}]},{"@type":"WebSite","@id":"https:\/\/www.foyerlampaul.fr\/#website","url":"https:\/\/www.foyerlampaul.fr\/","name":"Foyer rural de Lampaul-Ploudalm\u00e9zeau","description":"","potentialAction":[{"@type":"SearchAction","target":{"@type":"EntryPoint","urlTemplate":"https:\/\/www.foyerlampaul.fr\/?s={search_term_string}"},"query-input":{"@type":"PropertyValueSpecification","valueRequired":true,"valueName":"search_term_string"}}],"inLanguage":"fr-FR"}]}},"jetpack_sharing_enabled":true,"_links":{"self":[{"href":"https:\/\/www.foyerlampaul.fr\/index.php?rest_route=\/wp\/v2\/pages\/1291","targetHints":{"allow":["GET"]}}],"collection":[{"href":"https:\/\/www.foyerlampaul.fr\/index.php?rest_route=\/wp\/v2\/pages"}],"about":[{"href":"https:\/\/www.foyerlampaul.fr\/index.php?rest_route=\/wp\/v2\/types\/page"}],"author":[{"embeddable":true,"href":"https:\/\/www.foyerlampaul.fr\/index.php?rest_route=\/wp\/v2\/users\/1"}],"replies":[{"embeddable":true,"href":"https:\/\/www.foyerlampaul.fr\/index.php?rest_route=%2Fwp%2Fv2%2Fcomments&post=1291"}],"version-history":[{"count":3,"href":"https:\/\/www.foyerlampaul.fr\/index.php?rest_route=\/wp\/v2\/pages\/1291\/revisions"}],"predecessor-version":[{"id":2013,"href":"https:\/\/www.foyerlampaul.fr\/index.php?rest_route=\/wp\/v2\/pages\/1291\/revisions\/2013"}],"wp:attachment":[{"href":"https:\/\/www.foyerlampaul.fr\/index.php?rest_route=%2Fwp%2Fv2%2Fmedia&parent=1291"}],"curies":[{"name":"wp","href":"https:\/\/api.w.org\/{rel}","templated":true}]}}