{"id":1248,"date":"2016-06-27T02:43:50","date_gmt":"2016-06-27T01:43:50","guid":{"rendered":"http:\/\/foyerlampaul.fr\/?page_id=1248"},"modified":"2016-10-15T14:27:12","modified_gmt":"2016-10-15T13:27:12","slug":"nous-situer","status":"publish","type":"page","link":"https:\/\/www.foyerlampaul.fr\/?page_id=1248","title":{"rendered":"Plan"},"content":{"rendered":"<p>Venez nous rejoindre ! Vous pouvez, gr\u00e2ce \u00e0 la carte, noter notre adresse et venir \u00e0 Lampaul-Ploudalm\u00e9zeau nous passer faire coucou (cliquez sur \u00ab\u00a0Agrandir le plan\u00a0\u00bb pour que Google Map s&rsquo;ouvre dans un autre onglet).<\/p>\n<p style=\"text-align: center;\"><iframe loading=\"lazy\" style=\"border: 0;\" src=\"https:\/\/www.google.com\/maps\/embed?pb=!1m18!1m12!1m3!1d5281.3064861513785!2d-4.656269675047082!3d48.559036102986376!2m3!1f0!2f0!3f0!3m2!1i1024!2i768!4f13.1!3m3!1m2!1s0x0%3A0x40d177a95a232604!2sFoyer+Rural!5e0!3m2!1sfr!2sfr!4v1466998684146\" width=\"600\" height=\"450\" frameborder=\"0\" allowfullscreen=\"allowfullscreen\"><\/iframe><\/p>\n<p style=\"text-align: center;\"><strong>Adresse si\u00e8ge social :<\/strong><br \/>\nFoyer rural<br \/>\n1, route de Ploudalm\u00e9zeau<br \/>\n29830, Lampaul-Ploudalm\u00e9zeau<\/p>\n","protected":false},"excerpt":{"rendered":"<p>Venez nous rejoindre ! Vous pouvez, gr\u00e2ce \u00e0 la carte, noter notre adresse et venir \u00e0 Lampaul-Ploudalm\u00e9zeau nous passer faire coucou (cliquez sur \u00ab\u00a0Agrandir le plan\u00a0\u00bb pour que Google Map s&rsquo;ouvre dans un autre onglet). Adresse si\u00e8ge social : Foyer rural 1, route de Ploudalm\u00e9zeau 29830, Lampaul-Ploudalm\u00e9zeau<\/p>\n","protected":false},"author":1,"featured_media":0,"parent":0,"menu_order":0,"comment_status":"closed","ping_status":"closed","template":"","meta":{"footnotes":""},"class_list":["post-1248","page","type-page","status-publish","hentry"],"yoast_head":"<!-- This site is optimized with the Yoast SEO plugin v27.5 - https:\/\/yoast.com\/product\/yoast-seo-wordpress\/ -->\n<title>Plan - Foyer rural de Lampaul-Ploudalm\u00e9zeau<\/title>\n<meta name=\"robots\" content=\"index, follow, max-snippet:-1, max-image-preview:large, max-video-preview:-1\" \/>\n<link rel=\"canonical\" href=\"https:\/\/www.foyerlampaul.fr\/?page_id=1248\" \/>\n<meta property=\"og:locale\" content=\"fr_FR\" \/>\n<meta property=\"og:type\" content=\"article\" \/>\n<meta property=\"og:title\" content=\"Plan - Foyer rural de Lampaul-Ploudalm\u00e9zeau\" \/>\n<meta property=\"og:description\" content=\"Venez nous rejoindre ! Vous pouvez, gr\u00e2ce \u00e0 la carte, noter notre adresse et venir \u00e0 Lampaul-Ploudalm\u00e9zeau nous passer faire coucou (cliquez sur \u00ab\u00a0Agrandir le plan\u00a0\u00bb pour que Google Map s&rsquo;ouvre dans un autre onglet). Adresse si\u00e8ge social : Foyer rural 1, route de Ploudalm\u00e9zeau 29830, Lampaul-Ploudalm\u00e9zeau\" \/>\n<meta property=\"og:url\" content=\"https:\/\/www.foyerlampaul.fr\/?page_id=1248\" \/>\n<meta property=\"og:site_name\" content=\"Foyer rural de Lampaul-Ploudalm\u00e9zeau\" \/>\n<meta property=\"article:modified_time\" content=\"2016-10-15T13:27:12+00:00\" \/>\n<meta name=\"twitter:card\" content=\"summary_large_image\" \/>\n<script type=\"application\/ld+json\" class=\"yoast-schema-graph\">{\"@context\":\"https:\\\/\\\/schema.org\",\"@graph\":[{\"@type\":\"WebPage\",\"@id\":\"https:\\\/\\\/www.foyerlampaul.fr\\\/?page_id=1248\",\"url\":\"https:\\\/\\\/www.foyerlampaul.fr\\\/?page_id=1248\",\"name\":\"Plan - Foyer rural de Lampaul-Ploudalm\u00e9zeau\",\"isPartOf\":{\"@id\":\"https:\\\/\\\/www.foyerlampaul.fr\\\/#website\"},\"datePublished\":\"2016-06-27T01:43:50+00:00\",\"dateModified\":\"2016-10-15T13:27:12+00:00\",\"breadcrumb\":{\"@id\":\"https:\\\/\\\/www.foyerlampaul.fr\\\/?page_id=1248#breadcrumb\"},\"inLanguage\":\"fr-FR\",\"potentialAction\":[{\"@type\":\"ReadAction\",\"target\":[\"https:\\\/\\\/www.foyerlampaul.fr\\\/?page_id=1248\"]}]},{\"@type\":\"BreadcrumbList\",\"@id\":\"https:\\\/\\\/www.foyerlampaul.fr\\\/?page_id=1248#breadcrumb\",\"itemListElement\":[{\"@type\":\"ListItem\",\"position\":1,\"name\":\"Accueil\",\"item\":\"https:\\\/\\\/www.foyerlampaul.fr\\\/\"},{\"@type\":\"ListItem\",\"position\":2,\"name\":\"Plan\"}]},{\"@type\":\"WebSite\",\"@id\":\"https:\\\/\\\/www.foyerlampaul.fr\\\/#website\",\"url\":\"https:\\\/\\\/www.foyerlampaul.fr\\\/\",\"name\":\"Foyer rural de Lampaul-Ploudalm\u00e9zeau\",\"description\":\"\",\"potentialAction\":[{\"@type\":\"SearchAction\",\"target\":{\"@type\":\"EntryPoint\",\"urlTemplate\":\"https:\\\/\\\/www.foyerlampaul.fr\\\/?s={search_term_string}\"},\"query-input\":{\"@type\":\"PropertyValueSpecification\",\"valueRequired\":true,\"valueName\":\"search_term_string\"}}],\"inLanguage\":\"fr-FR\"}]}<\/script>\n<!-- \/ Yoast SEO plugin. -->","yoast_head_json":{"title":"Plan - Foyer rural de Lampaul-Ploudalm\u00e9zeau","robots":{"index":"index","follow":"follow","max-snippet":"max-snippet:-1","max-image-preview":"max-image-preview:large","max-video-preview":"max-video-preview:-1"},"canonical":"https:\/\/www.foyerlampaul.fr\/?page_id=1248","og_locale":"fr_FR","og_type":"article","og_title":"Plan - Foyer rural de Lampaul-Ploudalm\u00e9zeau","og_description":"Venez nous rejoindre ! Vous pouvez, gr\u00e2ce \u00e0 la carte, noter notre adresse et venir \u00e0 Lampaul-Ploudalm\u00e9zeau nous passer faire coucou (cliquez sur \u00ab\u00a0Agrandir le plan\u00a0\u00bb pour que Google Map s&rsquo;ouvre dans un autre onglet). Adresse si\u00e8ge social : Foyer rural 1, route de Ploudalm\u00e9zeau 29830, Lampaul-Ploudalm\u00e9zeau","og_url":"https:\/\/www.foyerlampaul.fr\/?page_id=1248","og_site_name":"Foyer rural de Lampaul-Ploudalm\u00e9zeau","article_modified_time":"2016-10-15T13:27:12+00:00","twitter_card":"summary_large_image","schema":{"@context":"https:\/\/schema.org","@graph":[{"@type":"WebPage","@id":"https:\/\/www.foyerlampaul.fr\/?page_id=1248","url":"https:\/\/www.foyerlampaul.fr\/?page_id=1248","name":"Plan - Foyer rural de Lampaul-Ploudalm\u00e9zeau","isPartOf":{"@id":"https:\/\/www.foyerlampaul.fr\/#website"},"datePublished":"2016-06-27T01:43:50+00:00","dateModified":"2016-10-15T13:27:12+00:00","breadcrumb":{"@id":"https:\/\/www.foyerlampaul.fr\/?page_id=1248#breadcrumb"},"inLanguage":"fr-FR","potentialAction":[{"@type":"ReadAction","target":["https:\/\/www.foyerlampaul.fr\/?page_id=1248"]}]},{"@type":"BreadcrumbList","@id":"https:\/\/www.foyerlampaul.fr\/?page_id=1248#breadcrumb","itemListElement":[{"@type":"ListItem","position":1,"name":"Accueil","item":"https:\/\/www.foyerlampaul.fr\/"},{"@type":"ListItem","position":2,"name":"Plan"}]},{"@type":"WebSite","@id":"https:\/\/www.foyerlampaul.fr\/#website","url":"https:\/\/www.foyerlampaul.fr\/","name":"Foyer rural de Lampaul-Ploudalm\u00e9zeau","description":"","potentialAction":[{"@type":"SearchAction","target":{"@type":"EntryPoint","urlTemplate":"https:\/\/www.foyerlampaul.fr\/?s={search_term_string}"},"query-input":{"@type":"PropertyValueSpecification","valueRequired":true,"valueName":"search_term_string"}}],"inLanguage":"fr-FR"}]}},"jetpack_sharing_enabled":true,"_links":{"self":[{"href":"https:\/\/www.foyerlampaul.fr\/index.php?rest_route=\/wp\/v2\/pages\/1248","targetHints":{"allow":["GET"]}}],"collection":[{"href":"https:\/\/www.foyerlampaul.fr\/index.php?rest_route=\/wp\/v2\/pages"}],"about":[{"href":"https:\/\/www.foyerlampaul.fr\/index.php?rest_route=\/wp\/v2\/types\/page"}],"author":[{"embeddable":true,"href":"https:\/\/www.foyerlampaul.fr\/index.php?rest_route=\/wp\/v2\/users\/1"}],"replies":[{"embeddable":true,"href":"https:\/\/www.foyerlampaul.fr\/index.php?rest_route=%2Fwp%2Fv2%2Fcomments&post=1248"}],"version-history":[{"count":7,"href":"https:\/\/www.foyerlampaul.fr\/index.php?rest_route=\/wp\/v2\/pages\/1248\/revisions"}],"predecessor-version":[{"id":1489,"href":"https:\/\/www.foyerlampaul.fr\/index.php?rest_route=\/wp\/v2\/pages\/1248\/revisions\/1489"}],"wp:attachment":[{"href":"https:\/\/www.foyerlampaul.fr\/index.php?rest_route=%2Fwp%2Fv2%2Fmedia&parent=1248"}],"curies":[{"name":"wp","href":"https:\/\/api.w.org\/{rel}","templated":true}]}}