{"id":1007,"date":"2016-06-23T06:23:29","date_gmt":"2016-06-23T05:23:29","guid":{"rendered":"http:\/\/foyerlampaul.fr\/?page_id=1007"},"modified":"2023-11-27T10:24:13","modified_gmt":"2023-11-27T09:24:13","slug":"bag-douar-char-a-voile","status":"publish","type":"page","link":"https:\/\/www.foyerlampaul.fr\/?page_id=1007","title":{"rendered":"Bag-Douar : Char \u00e0 Voile"},"content":{"rendered":"<p style=\"text-align: justify;\"><a href=\"https:\/\/www.foyerlampaul.fr\/wp-content\/uploads\/2016\/11\/11110633-e1479854527589.jpg\"><img loading=\"lazy\" decoding=\"async\" class=\"aligncenter wp-image-1684\" src=\"https:\/\/www.foyerlampaul.fr\/wp-content\/uploads\/2016\/11\/11110633-300x181.jpg\" width=\"500\" height=\"302\" \/><\/a><br \/>\nLe club de char \u00e0 voile est affili\u00e9 \u00e0 la <a href=\"http:\/\/www.ffcv.org\/\" target=\"_blank\" rel=\"noopener\">F\u00e9d\u00e9ration Fran\u00e7aise de Char \u00e0 Voile<\/a>.<br \/>\nLa pratique du char \u00e0 voile est relativement facile et est donc accessible aux enfants \u00e0 partir de 9-10 ans ainsi qu&rsquo;aux adultes. Deux chars sont adapt\u00e9s aux plus jeunes, des smarty.<br \/>\nSensations fortes et rendez-vous avec la nature garanties. Il est \u00e9galement possible de se lancer dans la comp\u00e9tition.<br \/>\nLes cours\u00a0se d\u00e9roulent tous les week-end de septembre \u00e0 juin, suivant les mar\u00e9es. Les jeunes comp\u00e9titeurs et les loisirs sont encadr\u00e9s par les b\u00e9n\u00e9voles du club.<br \/>\nLe club poss\u00e8de 14 minis chars pour les\u00a0jeunes et pour les adultes en loisirs,\u00a08 chars type\u00a0promos pour les\u00a0 adultes confirm\u00e9s.<br \/>\nChaque ann\u00e9e est organis\u00e9 un bapt\u00eame pour la d\u00e9couverte du char \u00e0 voile \u00e0 la fin de l&rsquo;\u00e9t\u00e9.<br \/>\n<a href=\"https:\/\/www.foyerlampaul.fr\/wp-content\/uploads\/2016\/11\/11110614-e1479852886164.jpg\"><img loading=\"lazy\" decoding=\"async\" class=\"aligncenter wp-image-1669\" src=\"https:\/\/www.foyerlampaul.fr\/wp-content\/uploads\/2016\/11\/11110614-196x300.jpg\" width=\"326\" height=\"500\" \/><\/a><\/p>\n<hr \/>\n<p><img loading=\"lazy\" decoding=\"async\" src=\"http:\/\/foyerlampaul.fr\/wp-content\/uploads\/images\/puce_d.gif\" width=\"25\" height=\"20\" align=\"absmiddle\" \/><strong>CONTACT CHAR \u00c0 VOILE <\/strong>:<br \/>\n<img loading=\"lazy\" decoding=\"async\" src=\"http:\/\/foyerlampaul.fr\/wp-content\/uploads\/images\/anim.gif\" width=\"17\" height=\"19\" align=\"absmiddle\" \/> : M. Thomas Alain<br \/>\n<img loading=\"lazy\" decoding=\"async\" src=\"http:\/\/foyerlampaul.fr\/wp-content\/uploads\/images\/tel.gif\" width=\"17\" height=\"19\" align=\"absmiddle\" \/> : 06 61 78 79 87<br \/>\n<img loading=\"lazy\" decoding=\"async\" src=\"http:\/\/foyerlampaul.fr\/wp-content\/uploads\/images\/mail.gif\" width=\"18\" height=\"19\" align=\"absmiddle\" \/> : <a href=\"mailto:lanning.thomas@hotmail.fr\">envoyer lien<\/a><\/p>\n<p><img loading=\"lazy\" decoding=\"async\" src=\"http:\/\/foyerlampaul.fr\/wp-content\/uploads\/images\/puce_d.gif\" width=\"25\" height=\"20\" align=\"absmiddle\" \/><strong>Horaires des cours :9h45 \u00e0 12h00 le dimanche matin<\/strong><\/p>\n<p><img loading=\"lazy\" decoding=\"async\" src=\"http:\/\/foyerlampaul.fr\/wp-content\/uploads\/images\/puce_d.gif\" width=\"25\" height=\"20\" align=\"absmiddle\" \/><strong>Photos :sortie plage de Lampaul-Ploudalm\u00e9zeau<\/strong><\/p>\n<p><a href=\"https:\/\/www.foyerlampaul.fr\/wp-content\/uploads\/2016\/12\/IMG_1974.jpg\"><img loading=\"lazy\" decoding=\"async\" class=\"alignnone size-medium wp-image-1697\" src=\"https:\/\/www.foyerlampaul.fr\/wp-content\/uploads\/2016\/12\/IMG_1974-300x225.jpg\" alt=\"img_1974\" width=\"300\" height=\"225\" srcset=\"https:\/\/www.foyerlampaul.fr\/wp-content\/uploads\/2016\/12\/IMG_1974-300x225.jpg 300w, https:\/\/www.foyerlampaul.fr\/wp-content\/uploads\/2016\/12\/IMG_1974-768x576.jpg 768w, https:\/\/www.foyerlampaul.fr\/wp-content\/uploads\/2016\/12\/IMG_1974-1024x768.jpg 1024w, https:\/\/www.foyerlampaul.fr\/wp-content\/uploads\/2016\/12\/IMG_1974.jpg 1170w, https:\/\/www.foyerlampaul.fr\/wp-content\/uploads\/2016\/12\/IMG_1974-585x439.jpg 585w\" sizes=\"auto, (max-width: 300px) 100vw, 300px\" \/><\/a><a href=\"https:\/\/www.foyerlampaul.fr\/wp-content\/uploads\/2016\/12\/IMG_1982.jpg\"><img loading=\"lazy\" decoding=\"async\" class=\"alignnone size-medium wp-image-1701\" src=\"https:\/\/www.foyerlampaul.fr\/wp-content\/uploads\/2016\/12\/IMG_1982-300x225.jpg\" alt=\"img_1982\" width=\"300\" height=\"225\" srcset=\"https:\/\/www.foyerlampaul.fr\/wp-content\/uploads\/2016\/12\/IMG_1982-300x225.jpg 300w, https:\/\/www.foyerlampaul.fr\/wp-content\/uploads\/2016\/12\/IMG_1982-768x576.jpg 768w, https:\/\/www.foyerlampaul.fr\/wp-content\/uploads\/2016\/12\/IMG_1982-1024x768.jpg 1024w, https:\/\/www.foyerlampaul.fr\/wp-content\/uploads\/2016\/12\/IMG_1982.jpg 1170w, https:\/\/www.foyerlampaul.fr\/wp-content\/uploads\/2016\/12\/IMG_1982-585x439.jpg 585w\" sizes=\"auto, (max-width: 300px) 100vw, 300px\" \/><\/a> <a href=\"https:\/\/www.foyerlampaul.fr\/wp-content\/uploads\/2016\/12\/IMG_1981.jpg\"><img loading=\"lazy\" decoding=\"async\" class=\"alignnone size-medium wp-image-1700\" src=\"https:\/\/www.foyerlampaul.fr\/wp-content\/uploads\/2016\/12\/IMG_1981-300x225.jpg\" alt=\"img_1981\" width=\"300\" height=\"225\" srcset=\"https:\/\/www.foyerlampaul.fr\/wp-content\/uploads\/2016\/12\/IMG_1981-300x225.jpg 300w, https:\/\/www.foyerlampaul.fr\/wp-content\/uploads\/2016\/12\/IMG_1981-768x576.jpg 768w, https:\/\/www.foyerlampaul.fr\/wp-content\/uploads\/2016\/12\/IMG_1981-1024x768.jpg 1024w, https:\/\/www.foyerlampaul.fr\/wp-content\/uploads\/2016\/12\/IMG_1981.jpg 1170w, https:\/\/www.foyerlampaul.fr\/wp-content\/uploads\/2016\/12\/IMG_1981-585x439.jpg 585w\" sizes=\"auto, (max-width: 300px) 100vw, 300px\" \/><\/a> <a href=\"https:\/\/www.foyerlampaul.fr\/wp-content\/uploads\/2016\/12\/IMG_1973.jpg\"><img loading=\"lazy\" decoding=\"async\" class=\"alignnone size-medium wp-image-1699\" src=\"https:\/\/www.foyerlampaul.fr\/wp-content\/uploads\/2016\/12\/IMG_1973-300x225.jpg\" alt=\"img_1973\" width=\"300\" height=\"225\" srcset=\"https:\/\/www.foyerlampaul.fr\/wp-content\/uploads\/2016\/12\/IMG_1973-300x225.jpg 300w, https:\/\/www.foyerlampaul.fr\/wp-content\/uploads\/2016\/12\/IMG_1973-768x576.jpg 768w, https:\/\/www.foyerlampaul.fr\/wp-content\/uploads\/2016\/12\/IMG_1973-1024x768.jpg 1024w, https:\/\/www.foyerlampaul.fr\/wp-content\/uploads\/2016\/12\/IMG_1973.jpg 1170w, https:\/\/www.foyerlampaul.fr\/wp-content\/uploads\/2016\/12\/IMG_1973-585x439.jpg 585w\" sizes=\"auto, (max-width: 300px) 100vw, 300px\" \/><\/a> <a href=\"https:\/\/www.foyerlampaul.fr\/wp-content\/uploads\/2016\/12\/IMG_1970.jpg\"><img loading=\"lazy\" decoding=\"async\" class=\"alignnone size-medium wp-image-1698\" src=\"https:\/\/www.foyerlampaul.fr\/wp-content\/uploads\/2016\/12\/IMG_1970-300x225.jpg\" alt=\"img_1970\" width=\"300\" height=\"225\" srcset=\"https:\/\/www.foyerlampaul.fr\/wp-content\/uploads\/2016\/12\/IMG_1970-300x225.jpg 300w, https:\/\/www.foyerlampaul.fr\/wp-content\/uploads\/2016\/12\/IMG_1970-768x576.jpg 768w, https:\/\/www.foyerlampaul.fr\/wp-content\/uploads\/2016\/12\/IMG_1970-1024x768.jpg 1024w, https:\/\/www.foyerlampaul.fr\/wp-content\/uploads\/2016\/12\/IMG_1970.jpg 1170w, https:\/\/www.foyerlampaul.fr\/wp-content\/uploads\/2016\/12\/IMG_1970-585x439.jpg 585w\" sizes=\"auto, (max-width: 300px) 100vw, 300px\" \/><\/a> <a href=\"https:\/\/www.foyerlampaul.fr\/wp-content\/uploads\/2016\/12\/IMG_1974.jpg\"><img loading=\"lazy\" decoding=\"async\" class=\"alignnone size-medium wp-image-1697\" src=\"https:\/\/www.foyerlampaul.fr\/wp-content\/uploads\/2016\/12\/IMG_1974-300x225.jpg\" alt=\"img_1974\" width=\"300\" height=\"225\" srcset=\"https:\/\/www.foyerlampaul.fr\/wp-content\/uploads\/2016\/12\/IMG_1974-300x225.jpg 300w, https:\/\/www.foyerlampaul.fr\/wp-content\/uploads\/2016\/12\/IMG_1974-768x576.jpg 768w, https:\/\/www.foyerlampaul.fr\/wp-content\/uploads\/2016\/12\/IMG_1974-1024x768.jpg 1024w, https:\/\/www.foyerlampaul.fr\/wp-content\/uploads\/2016\/12\/IMG_1974.jpg 1170w, https:\/\/www.foyerlampaul.fr\/wp-content\/uploads\/2016\/12\/IMG_1974-585x439.jpg 585w\" sizes=\"auto, (max-width: 300px) 100vw, 300px\" \/><\/a><\/p>\n<p style=\"text-align: center;\"><a href=\"https:\/\/www.foyerlampaul.fr\/?page_id=983\"><img loading=\"lazy\" decoding=\"async\" class=\"size-full wp-image-1302 alignnone\" src=\"http:\/\/foyerlampaul.fr\/wp-content\/uploads\/2016\/06\/ico_volley_sm.gif\" alt=\"ico_volley_sm_on\" width=\"32\" height=\"34\" \/><\/a><a href=\"https:\/\/www.foyerlampaul.fr\/?page_id=977\"><img loading=\"lazy\" decoding=\"async\" class=\"size-full wp-image-1297 alignnone\" src=\"http:\/\/foyerlampaul.fr\/wp-content\/uploads\/2016\/06\/ico_biblio_sm.gif\" alt=\"ico_biblio_sm\" width=\"31\" height=\"34\" \/><\/a> <a href=\"https:\/\/www.foyerlampaul.fr\/?page_id=1007\"><img loading=\"lazy\" decoding=\"async\" class=\"alignnone size-full wp-image-1299\" src=\"http:\/\/foyerlampaul.fr\/wp-content\/uploads\/2016\/06\/ico_char_sm_on.gif\" alt=\"ico_char_sm\" width=\"31\" height=\"35\" \/><\/a> <a href=\"https:\/\/www.foyerlampaul.fr\/?page_id=968\"><img loading=\"lazy\" decoding=\"async\" class=\"alignnone size-full wp-image-1303\" src=\"http:\/\/foyerlampaul.fr\/wp-content\/uploads\/2016\/06\/ico_velo_sm.gif\" alt=\"ico_velo_sm\" width=\"31\" height=\"34\" \/><\/a> <a href=\"https:\/\/www.foyerlampaul.fr\/?page_id=973\"><img loading=\"lazy\" decoding=\"async\" class=\"alignnone size-full wp-image-1305\" src=\"http:\/\/foyerlampaul.fr\/wp-content\/uploads\/2016\/06\/ico_ski_sm.gif\" alt=\"ico_ski_sm\" width=\"31\" height=\"35\" \/><\/a> <a href=\"https:\/\/www.foyerlampaul.fr\/?page_id=966\"><img loading=\"lazy\" decoding=\"async\" class=\"alignnone size-full wp-image-1307\" src=\"http:\/\/foyerlampaul.fr\/wp-content\/uploads\/2016\/06\/ico_poterie_sm.gif\" alt=\"ico_poterie_sm\" width=\"31\" height=\"34\" \/><\/a> <a href=\"https:\/\/www.foyerlampaul.fr\/?page_id=1002\"><img loading=\"lazy\" decoding=\"async\" class=\"alignnone size-full wp-image-1309\" src=\"http:\/\/foyerlampaul.fr\/wp-content\/uploads\/2016\/06\/ico_ping_sm.gif\" alt=\"ico_ping_sm\" width=\"31\" height=\"34\" \/><\/a> <a href=\"https:\/\/www.foyerlampaul.fr\/?page_id=975\"><img loading=\"lazy\" decoding=\"async\" class=\"alignnone size-full wp-image-1311\" src=\"http:\/\/foyerlampaul.fr\/wp-content\/uploads\/2016\/06\/ico_marche_sm.gif\" alt=\"ico_marche_sm\" width=\"32\" height=\"35\" \/><\/a> <a href=\"https:\/\/www.foyerlampaul.fr\/?page_id=979\"><img loading=\"lazy\" decoding=\"async\" class=\"alignnone size-full wp-image-1313\" src=\"http:\/\/foyerlampaul.fr\/wp-content\/uploads\/2016\/06\/ico_fleur_sm.gif\" alt=\"ico_fleur_sm\" width=\"32\" height=\"34\" \/><\/a><a href=\"https:\/\/www.foyerlampaul.fr\/?page_id=1540\"><img loading=\"lazy\" decoding=\"async\" class=\"alignnone wp-image-1315 size-full\" src=\"https:\/\/www.foyerlampaul.fr\/wp-content\/uploads\/2016\/06\/ico_jeunes_sm.gif\" alt=\"ico_jeunes_sm\" width=\"31\" height=\"34\" \/><\/a><\/p>\n","protected":false},"excerpt":{"rendered":"<p>Le club de char \u00e0 voile est affili\u00e9 \u00e0 la F\u00e9d\u00e9ration Fran\u00e7aise de Char \u00e0 Voile. La pratique du char \u00e0 voile est relativement facile et est donc accessible aux enfants \u00e0 partir de 9-10 ans ainsi qu&rsquo;aux adultes. Deux chars sont adapt\u00e9s aux plus jeunes, des smarty. Sensations fortes et rendez-vous avec la nature <a href=\"https:\/\/www.foyerlampaul.fr\/?page_id=1007\" rel=\"nofollow\"><span class=\"sr-only\">En savoir plus surBag-Douar : Char \u00e0 Voile<\/span>[&hellip;]<\/a><\/p>\n","protected":false},"author":1,"featured_media":0,"parent":0,"menu_order":0,"comment_status":"closed","ping_status":"closed","template":"","meta":{"footnotes":""},"class_list":["post-1007","page","type-page","status-publish","hentry"],"yoast_head":"<!-- This site is optimized with the Yoast SEO plugin v27.4 - https:\/\/yoast.com\/product\/yoast-seo-wordpress\/ -->\n<title>Bag-Douar : Char \u00e0 Voile - Foyer rural de Lampaul-Ploudalm\u00e9zeau<\/title>\n<meta name=\"robots\" content=\"index, follow, max-snippet:-1, max-image-preview:large, max-video-preview:-1\" \/>\n<link rel=\"canonical\" href=\"https:\/\/www.foyerlampaul.fr\/?page_id=1007\" \/>\n<meta property=\"og:locale\" content=\"fr_FR\" \/>\n<meta property=\"og:type\" content=\"article\" \/>\n<meta property=\"og:title\" content=\"Bag-Douar : Char \u00e0 Voile - Foyer rural de Lampaul-Ploudalm\u00e9zeau\" \/>\n<meta property=\"og:description\" content=\"Le club de char \u00e0 voile est affili\u00e9 \u00e0 la F\u00e9d\u00e9ration Fran\u00e7aise de Char \u00e0 Voile. La pratique du char \u00e0 voile est relativement facile et est donc accessible aux enfants \u00e0 partir de 9-10 ans ainsi qu&rsquo;aux adultes. Deux chars sont adapt\u00e9s aux plus jeunes, des smarty. Sensations fortes et rendez-vous avec la nature En savoir plus surBag-Douar : Char \u00e0 Voile[&hellip;]\" \/>\n<meta property=\"og:url\" content=\"https:\/\/www.foyerlampaul.fr\/?page_id=1007\" \/>\n<meta property=\"og:site_name\" content=\"Foyer rural de Lampaul-Ploudalm\u00e9zeau\" \/>\n<meta property=\"article:modified_time\" content=\"2023-11-27T09:24:13+00:00\" \/>\n<meta property=\"og:image\" content=\"http:\/\/www.foyerlampaul.fr\/wp-content\/uploads\/2016\/11\/11110633-300x181.jpg\" \/>\n<meta name=\"twitter:card\" content=\"summary_large_image\" \/>\n<meta name=\"twitter:label1\" content=\"Dur\u00e9e de lecture estim\u00e9e\" \/>\n\t<meta name=\"twitter:data1\" content=\"6 minutes\" \/>\n<script type=\"application\/ld+json\" class=\"yoast-schema-graph\">{\"@context\":\"https:\\\/\\\/schema.org\",\"@graph\":[{\"@type\":\"WebPage\",\"@id\":\"https:\\\/\\\/www.foyerlampaul.fr\\\/?page_id=1007\",\"url\":\"https:\\\/\\\/www.foyerlampaul.fr\\\/?page_id=1007\",\"name\":\"Bag-Douar : Char \u00e0 Voile - Foyer rural de Lampaul-Ploudalm\u00e9zeau\",\"isPartOf\":{\"@id\":\"https:\\\/\\\/www.foyerlampaul.fr\\\/#website\"},\"primaryImageOfPage\":{\"@id\":\"https:\\\/\\\/www.foyerlampaul.fr\\\/?page_id=1007#primaryimage\"},\"image\":{\"@id\":\"https:\\\/\\\/www.foyerlampaul.fr\\\/?page_id=1007#primaryimage\"},\"thumbnailUrl\":\"http:\\\/\\\/www.foyerlampaul.fr\\\/wp-content\\\/uploads\\\/2016\\\/11\\\/11110633-300x181.jpg\",\"datePublished\":\"2016-06-23T05:23:29+00:00\",\"dateModified\":\"2023-11-27T09:24:13+00:00\",\"breadcrumb\":{\"@id\":\"https:\\\/\\\/www.foyerlampaul.fr\\\/?page_id=1007#breadcrumb\"},\"inLanguage\":\"fr-FR\",\"potentialAction\":[{\"@type\":\"ReadAction\",\"target\":[\"https:\\\/\\\/www.foyerlampaul.fr\\\/?page_id=1007\"]}]},{\"@type\":\"ImageObject\",\"inLanguage\":\"fr-FR\",\"@id\":\"https:\\\/\\\/www.foyerlampaul.fr\\\/?page_id=1007#primaryimage\",\"url\":\"http:\\\/\\\/www.foyerlampaul.fr\\\/wp-content\\\/uploads\\\/2016\\\/11\\\/11110633-300x181.jpg\",\"contentUrl\":\"http:\\\/\\\/www.foyerlampaul.fr\\\/wp-content\\\/uploads\\\/2016\\\/11\\\/11110633-300x181.jpg\"},{\"@type\":\"BreadcrumbList\",\"@id\":\"https:\\\/\\\/www.foyerlampaul.fr\\\/?page_id=1007#breadcrumb\",\"itemListElement\":[{\"@type\":\"ListItem\",\"position\":1,\"name\":\"Accueil\",\"item\":\"https:\\\/\\\/www.foyerlampaul.fr\\\/\"},{\"@type\":\"ListItem\",\"position\":2,\"name\":\"Bag-Douar : Char \u00e0 Voile\"}]},{\"@type\":\"WebSite\",\"@id\":\"https:\\\/\\\/www.foyerlampaul.fr\\\/#website\",\"url\":\"https:\\\/\\\/www.foyerlampaul.fr\\\/\",\"name\":\"Foyer rural de Lampaul-Ploudalm\u00e9zeau\",\"description\":\"\",\"potentialAction\":[{\"@type\":\"SearchAction\",\"target\":{\"@type\":\"EntryPoint\",\"urlTemplate\":\"https:\\\/\\\/www.foyerlampaul.fr\\\/?s={search_term_string}\"},\"query-input\":{\"@type\":\"PropertyValueSpecification\",\"valueRequired\":true,\"valueName\":\"search_term_string\"}}],\"inLanguage\":\"fr-FR\"}]}<\/script>\n<!-- \/ Yoast SEO plugin. -->","yoast_head_json":{"title":"Bag-Douar : Char \u00e0 Voile - Foyer rural de Lampaul-Ploudalm\u00e9zeau","robots":{"index":"index","follow":"follow","max-snippet":"max-snippet:-1","max-image-preview":"max-image-preview:large","max-video-preview":"max-video-preview:-1"},"canonical":"https:\/\/www.foyerlampaul.fr\/?page_id=1007","og_locale":"fr_FR","og_type":"article","og_title":"Bag-Douar : Char \u00e0 Voile - Foyer rural de Lampaul-Ploudalm\u00e9zeau","og_description":"Le club de char \u00e0 voile est affili\u00e9 \u00e0 la F\u00e9d\u00e9ration Fran\u00e7aise de Char \u00e0 Voile. La pratique du char \u00e0 voile est relativement facile et est donc accessible aux enfants \u00e0 partir de 9-10 ans ainsi qu&rsquo;aux adultes. Deux chars sont adapt\u00e9s aux plus jeunes, des smarty. Sensations fortes et rendez-vous avec la nature En savoir plus surBag-Douar : Char \u00e0 Voile[&hellip;]","og_url":"https:\/\/www.foyerlampaul.fr\/?page_id=1007","og_site_name":"Foyer rural de Lampaul-Ploudalm\u00e9zeau","article_modified_time":"2023-11-27T09:24:13+00:00","og_image":[{"url":"http:\/\/www.foyerlampaul.fr\/wp-content\/uploads\/2016\/11\/11110633-300x181.jpg","type":"","width":"","height":""}],"twitter_card":"summary_large_image","twitter_misc":{"Dur\u00e9e de lecture estim\u00e9e":"6 minutes"},"schema":{"@context":"https:\/\/schema.org","@graph":[{"@type":"WebPage","@id":"https:\/\/www.foyerlampaul.fr\/?page_id=1007","url":"https:\/\/www.foyerlampaul.fr\/?page_id=1007","name":"Bag-Douar : Char \u00e0 Voile - Foyer rural de Lampaul-Ploudalm\u00e9zeau","isPartOf":{"@id":"https:\/\/www.foyerlampaul.fr\/#website"},"primaryImageOfPage":{"@id":"https:\/\/www.foyerlampaul.fr\/?page_id=1007#primaryimage"},"image":{"@id":"https:\/\/www.foyerlampaul.fr\/?page_id=1007#primaryimage"},"thumbnailUrl":"http:\/\/www.foyerlampaul.fr\/wp-content\/uploads\/2016\/11\/11110633-300x181.jpg","datePublished":"2016-06-23T05:23:29+00:00","dateModified":"2023-11-27T09:24:13+00:00","breadcrumb":{"@id":"https:\/\/www.foyerlampaul.fr\/?page_id=1007#breadcrumb"},"inLanguage":"fr-FR","potentialAction":[{"@type":"ReadAction","target":["https:\/\/www.foyerlampaul.fr\/?page_id=1007"]}]},{"@type":"ImageObject","inLanguage":"fr-FR","@id":"https:\/\/www.foyerlampaul.fr\/?page_id=1007#primaryimage","url":"http:\/\/www.foyerlampaul.fr\/wp-content\/uploads\/2016\/11\/11110633-300x181.jpg","contentUrl":"http:\/\/www.foyerlampaul.fr\/wp-content\/uploads\/2016\/11\/11110633-300x181.jpg"},{"@type":"BreadcrumbList","@id":"https:\/\/www.foyerlampaul.fr\/?page_id=1007#breadcrumb","itemListElement":[{"@type":"ListItem","position":1,"name":"Accueil","item":"https:\/\/www.foyerlampaul.fr\/"},{"@type":"ListItem","position":2,"name":"Bag-Douar : Char \u00e0 Voile"}]},{"@type":"WebSite","@id":"https:\/\/www.foyerlampaul.fr\/#website","url":"https:\/\/www.foyerlampaul.fr\/","name":"Foyer rural de Lampaul-Ploudalm\u00e9zeau","description":"","potentialAction":[{"@type":"SearchAction","target":{"@type":"EntryPoint","urlTemplate":"https:\/\/www.foyerlampaul.fr\/?s={search_term_string}"},"query-input":{"@type":"PropertyValueSpecification","valueRequired":true,"valueName":"search_term_string"}}],"inLanguage":"fr-FR"}]}},"jetpack_sharing_enabled":true,"_links":{"self":[{"href":"https:\/\/www.foyerlampaul.fr\/index.php?rest_route=\/wp\/v2\/pages\/1007","targetHints":{"allow":["GET"]}}],"collection":[{"href":"https:\/\/www.foyerlampaul.fr\/index.php?rest_route=\/wp\/v2\/pages"}],"about":[{"href":"https:\/\/www.foyerlampaul.fr\/index.php?rest_route=\/wp\/v2\/types\/page"}],"author":[{"embeddable":true,"href":"https:\/\/www.foyerlampaul.fr\/index.php?rest_route=\/wp\/v2\/users\/1"}],"replies":[{"embeddable":true,"href":"https:\/\/www.foyerlampaul.fr\/index.php?rest_route=%2Fwp%2Fv2%2Fcomments&post=1007"}],"version-history":[{"count":49,"href":"https:\/\/www.foyerlampaul.fr\/index.php?rest_route=\/wp\/v2\/pages\/1007\/revisions"}],"predecessor-version":[{"id":2190,"href":"https:\/\/www.foyerlampaul.fr\/index.php?rest_route=\/wp\/v2\/pages\/1007\/revisions\/2190"}],"wp:attachment":[{"href":"https:\/\/www.foyerlampaul.fr\/index.php?rest_route=%2Fwp%2Fv2%2Fmedia&parent=1007"}],"curies":[{"name":"wp","href":"https:\/\/api.w.org\/{rel}","templated":true}]}}