{"id":1002,"date":"2016-06-23T06:21:37","date_gmt":"2016-06-23T05:21:37","guid":{"rendered":"http:\/\/foyerlampaul.fr\/?page_id=1002"},"modified":"2023-11-27T10:42:23","modified_gmt":"2023-11-27T09:42:23","slug":"tennis-de-table","status":"publish","type":"page","link":"https:\/\/www.foyerlampaul.fr\/?page_id=1002","title":{"rendered":"Tennis de Table"},"content":{"rendered":"<p style=\"text-align: justify;\"><a href=\"https:\/\/www.foyerlampaul.fr\/wp-content\/uploads\/2016\/11\/06127211-Edit-e1479761493520.jpg\"><img loading=\"lazy\" decoding=\"async\" class=\"aligncenter wp-image-1650\" src=\"https:\/\/www.foyerlampaul.fr\/wp-content\/uploads\/2016\/11\/06127211-Edit-300x200.jpg\" width=\"500\" height=\"333\" \/><\/a>Bienvenue sur la page du Foyer Rural Tennis de Table Lampaulais. Sur cette page vous trouverez l&rsquo;actualit\u00e9 et la vie du club.<br \/>\nLe tennis de table lampaulais, club qui se veut convivial et ouvert \u00e0 tous, permet aux adh\u00e9rents qui le d\u00e9sirent, de participer aux comp\u00e9titions organis\u00e9es par la FSGT.<br \/>\nFRTTL vous propose de pratiquer le ping-pong, d&rsquo;une mani\u00e8re d\u00e9contract\u00e9e en formule loisirs, en v\u00e9ritable sport avec ses entrainements et ses comp\u00e9titions en formule comp\u00e9tition. Pour pouvoir participer aux comp\u00e9titions le joueur doit \u00eatre en possession d&rsquo;une licence et d&rsquo;un certificat m\u00e9dical attestant son aptitude \u00e0 la pratique sportive du tennis de table. En loisirs, une adh\u00e9sion au club suffit pour pouvoir jouer. FRTTL est ouvert \u00e0 tous, m\u00eame d\u00e9butant.<\/p>\n<p style=\"text-align: justify;\">Le Foyer Rural Tennis de Table Lampaulais a pris naissance en d\u00e9but d&rsquo;ann\u00e9e 2003.\u00a0<a href=\"http:\/\/foyerlampaul.fr\/wp-content\/uploads\/2016\/06\/ico_ping02.jpg\"><img loading=\"lazy\" decoding=\"async\" class=\"size-full wp-image-1194 alignleft\" src=\"http:\/\/foyerlampaul.fr\/wp-content\/uploads\/2016\/06\/ico_ping02.jpg\" alt=\"ico_ping02\" width=\"176\" height=\"128\" \/><\/a>Les rencontres et l&rsquo;entra\u00eenement se font \u00e0 la salle communale. Le championnat se d\u00e9roule par \u00e9quipe de 3 ou 4 joueurs dans des poules de 9 \u00e0 11 \u00e9quipes. Les matchs en aller\/retour se disputent en semaine et en soir\u00e9e (\u00e0 partir de 20h30). En loisirs, un petit groupe (5 \u00e0 6 joueurs) se retrouve tous les jeudis apr\u00e8s-midi. Tous les ans, les diff\u00e9rents clubs de la r\u00e9gion organisent des tournois, plusieurs joueurs de FRTTL y participent r\u00e9guli\u00e8rement.<\/p>\n<hr \/>\n<p><img loading=\"lazy\" decoding=\"async\" src=\"http:\/\/foyerlampaul.fr\/wp-content\/uploads\/images\/puce_d.gif\" width=\"25\" height=\"20\" align=\"absmiddle\" \/><strong> CONTACT TENNIS DE TABLE<\/strong><br \/>\n<img loading=\"lazy\" decoding=\"async\" src=\"http:\/\/foyerlampaul.fr\/wp-content\/uploads\/images\/anim.gif\" width=\"17\" height=\"19\" align=\"absmiddle\" \/> : Mme Katell Schier<br \/>\n<img loading=\"lazy\" decoding=\"async\" src=\"http:\/\/foyerlampaul.fr\/wp-content\/uploads\/images\/tel.gif\" width=\"17\" height=\"19\" align=\"absmiddle\" \/> : 06 33 15 84 85<br \/>\n<img loading=\"lazy\" decoding=\"async\" src=\"http:\/\/foyerlampaul.fr\/wp-content\/uploads\/images\/mail.gif\" width=\"18\" height=\"19\" align=\"absmiddle\" \/> : <a href=\"mailto:katellqueffelec@aol.com\">envoyer mail<\/a><\/p>\n<p><img loading=\"lazy\" decoding=\"async\" src=\"http:\/\/foyerlampaul.fr\/wp-content\/uploads\/images\/puce_d.gif\" width=\"25\" height=\"20\" align=\"absmiddle\" \/><strong>Horaire des cours :<\/strong><br \/>\n<img loading=\"lazy\" decoding=\"async\" src=\"http:\/\/foyerlampaul.fr\/wp-content\/uploads\/images\/horaires.gif\" width=\"17\" height=\"19\" align=\"absmiddle\" \/> : &#8211;<\/p>\n<p><img loading=\"lazy\" decoding=\"async\" src=\"http:\/\/foyerlampaul.fr\/wp-content\/uploads\/images\/puce_d.gif\" width=\"25\" height=\"20\" align=\"absmiddle\" \/><strong>Photos :<\/strong><\/p>\n<div id=\"kad-wp-gallery39\" class=\"kad-wp-gallery kad-light-wp-gallery clearfix kt-gallery-column-3 rowtight\"><div class=\"tcol-lg-4 tcol-md-4 tcol-sm-4 tcol-xs-6 tcol-ss-12 g_item\"><div class=\"grid_item kad_gallery_fade_in gallery_item\"><a href=\"https:\/\/www.foyerlampaul.fr\/wp-content\/uploads\/2016\/06\/ping01.jpg\" data-rel=\"lightbox\" class=\"lightboxhover\"><img loading=\"lazy\" decoding=\"async\" src=\"https:\/\/www.foyerlampaul.fr\/wp-content\/uploads\/2016\/06\/ping01.jpg\" width=\"280\" height=\"210\" alt=\"\"  class=\"light-dropshaddow\"\/><\/a><\/div><\/div><div class=\"tcol-lg-4 tcol-md-4 tcol-sm-4 tcol-xs-6 tcol-ss-12 g_item\"><div class=\"grid_item kad_gallery_fade_in gallery_item\"><a href=\"https:\/\/www.foyerlampaul.fr\/wp-content\/uploads\/2016\/06\/ping03.jpg\" data-rel=\"lightbox\" class=\"lightboxhover\"><img loading=\"lazy\" decoding=\"async\" src=\"https:\/\/www.foyerlampaul.fr\/wp-content\/uploads\/2016\/06\/ping03.jpg\" width=\"280\" height=\"210\" alt=\"\"  class=\"light-dropshaddow\"\/><\/a><\/div><\/div><div class=\"tcol-lg-4 tcol-md-4 tcol-sm-4 tcol-xs-6 tcol-ss-12 g_item\"><div class=\"grid_item kad_gallery_fade_in gallery_item\"><a href=\"https:\/\/www.foyerlampaul.fr\/wp-content\/uploads\/2016\/06\/ping04.jpg\" data-rel=\"lightbox\" class=\"lightboxhover\"><img loading=\"lazy\" decoding=\"async\" src=\"https:\/\/www.foyerlampaul.fr\/wp-content\/uploads\/2016\/06\/ping04.jpg\" width=\"280\" height=\"210\" alt=\"\"  class=\"light-dropshaddow\"\/><\/a><\/div><\/div><div class=\"tcol-lg-4 tcol-md-4 tcol-sm-4 tcol-xs-6 tcol-ss-12 g_item\"><div class=\"grid_item kad_gallery_fade_in gallery_item\"><a href=\"https:\/\/www.foyerlampaul.fr\/wp-content\/uploads\/2016\/06\/ping02.jpg\" data-rel=\"lightbox\" class=\"lightboxhover\"><img loading=\"lazy\" decoding=\"async\" src=\"https:\/\/www.foyerlampaul.fr\/wp-content\/uploads\/2016\/06\/ping02.jpg\" width=\"280\" height=\"210\" alt=\"\"  class=\"light-dropshaddow\"\/><\/a><\/div><\/div><div class=\"tcol-lg-4 tcol-md-4 tcol-sm-4 tcol-xs-6 tcol-ss-12 g_item\"><div class=\"grid_item kad_gallery_fade_in gallery_item\"><a href=\"https:\/\/www.foyerlampaul.fr\/wp-content\/uploads\/2016\/06\/ico_ping01.jpg\" data-rel=\"lightbox\" class=\"lightboxhover\"><img loading=\"lazy\" decoding=\"async\" src=\"https:\/\/www.foyerlampaul.fr\/wp-content\/uploads\/2016\/06\/ico_ping01.jpg\" width=\"320\" height=\"94\" alt=\"\" srcset=\"https:\/\/www.foyerlampaul.fr\/wp-content\/uploads\/2016\/06\/ico_ping01.jpg 320w, https:\/\/www.foyerlampaul.fr\/wp-content\/uploads\/2016\/06\/ico_ping01-300x88.jpg 300w\" sizes=\"auto, (max-width: 320px) 100vw, 320px\" class=\"light-dropshaddow\"\/><\/a><\/div><\/div><\/div>\n<p style=\"text-align: center;\"><a href=\"https:\/\/www.foyerlampaul.fr\/?page_id=983\"><img loading=\"lazy\" decoding=\"async\" class=\"size-full wp-image-1302 alignnone\" src=\"http:\/\/foyerlampaul.fr\/wp-content\/uploads\/2016\/06\/ico_volley_sm.gif\" alt=\"ico_volley_sm_on\" width=\"32\" height=\"34\" \/><\/a><a href=\"https:\/\/www.foyerlampaul.fr\/?page_id=977\"><img loading=\"lazy\" decoding=\"async\" class=\"size-full wp-image-1297 alignnone\" src=\"http:\/\/foyerlampaul.fr\/wp-content\/uploads\/2016\/06\/ico_biblio_sm.gif\" alt=\"ico_biblio_sm\" width=\"31\" height=\"34\" \/><\/a> <a href=\"https:\/\/www.foyerlampaul.fr\/?page_id=1007\"><img loading=\"lazy\" decoding=\"async\" class=\"alignnone size-full wp-image-1299\" src=\"http:\/\/foyerlampaul.fr\/wp-content\/uploads\/2016\/06\/ico_char_sm.gif\" alt=\"ico_char_sm\" width=\"31\" height=\"35\" \/><\/a> <a href=\"https:\/\/www.foyerlampaul.fr\/?page_id=968\"><img loading=\"lazy\" decoding=\"async\" class=\"alignnone size-full wp-image-1303\" src=\"http:\/\/foyerlampaul.fr\/wp-content\/uploads\/2016\/06\/ico_velo_sm.gif\" alt=\"ico_velo_sm\" width=\"31\" height=\"34\" \/><\/a> <a href=\"https:\/\/www.foyerlampaul.fr\/?page_id=973\"><img loading=\"lazy\" decoding=\"async\" class=\"alignnone size-full wp-image-1305\" src=\"http:\/\/foyerlampaul.fr\/wp-content\/uploads\/2016\/06\/ico_ski_sm.gif\" alt=\"ico_ski_sm\" width=\"31\" height=\"35\" \/><\/a> <a href=\"https:\/\/www.foyerlampaul.fr\/?page_id=966\"><img loading=\"lazy\" decoding=\"async\" class=\"alignnone size-full wp-image-1307\" src=\"http:\/\/foyerlampaul.fr\/wp-content\/uploads\/2016\/06\/ico_poterie_sm.gif\" alt=\"ico_poterie_sm\" width=\"31\" height=\"34\" \/><\/a> <a href=\"https:\/\/www.foyerlampaul.fr\/?page_id=1002\"><img loading=\"lazy\" decoding=\"async\" class=\"alignnone size-full wp-image-1309\" src=\"http:\/\/foyerlampaul.fr\/wp-content\/uploads\/2016\/06\/ico_ping_sm_on.gif\" alt=\"ico_ping_sm\" width=\"31\" height=\"34\" \/><\/a> <a href=\"https:\/\/www.foyerlampaul.fr\/?page_id=975\"><img loading=\"lazy\" decoding=\"async\" class=\"alignnone size-full wp-image-1311\" src=\"http:\/\/foyerlampaul.fr\/wp-content\/uploads\/2016\/06\/ico_marche_sm.gif\" alt=\"ico_marche_sm\" width=\"32\" height=\"35\" \/><\/a> <a href=\"https:\/\/www.foyerlampaul.fr\/?page_id=979\"><img loading=\"lazy\" decoding=\"async\" class=\"alignnone size-full wp-image-1313\" src=\"http:\/\/foyerlampaul.fr\/wp-content\/uploads\/2016\/06\/ico_fleur_sm.gif\" alt=\"ico_fleur_sm\" width=\"32\" height=\"34\" \/><\/a><a href=\"https:\/\/www.foyerlampaul.fr\/?page_id=1540\"><img loading=\"lazy\" decoding=\"async\" class=\"alignnone wp-image-1315 size-full\" src=\"https:\/\/www.foyerlampaul.fr\/wp-content\/uploads\/2016\/06\/ico_jeunes_sm.gif\" alt=\"ico_jeunes_sm\" width=\"31\" height=\"34\" \/><\/a><\/p>\n","protected":false},"excerpt":{"rendered":"<p>Bienvenue sur la page du Foyer Rural Tennis de Table Lampaulais. Sur cette page vous trouverez l&rsquo;actualit\u00e9 et la vie du club. Le tennis de table lampaulais, club qui se veut convivial et ouvert \u00e0 tous, permet aux adh\u00e9rents qui le d\u00e9sirent, de participer aux comp\u00e9titions organis\u00e9es par la FSGT. FRTTL vous propose de pratiquer <a href=\"https:\/\/www.foyerlampaul.fr\/?page_id=1002\" rel=\"nofollow\"><span class=\"sr-only\">En savoir plus surTennis de Table<\/span>[&hellip;]<\/a><\/p>\n","protected":false},"author":1,"featured_media":0,"parent":0,"menu_order":0,"comment_status":"closed","ping_status":"closed","template":"","meta":{"footnotes":""},"class_list":["post-1002","page","type-page","status-publish","hentry"],"yoast_head":"<!-- This site is optimized with the Yoast SEO plugin v27.4 - https:\/\/yoast.com\/product\/yoast-seo-wordpress\/ -->\n<title>Tennis de Table - Foyer rural de Lampaul-Ploudalm\u00e9zeau<\/title>\n<meta name=\"robots\" content=\"index, follow, max-snippet:-1, max-image-preview:large, max-video-preview:-1\" \/>\n<link rel=\"canonical\" href=\"https:\/\/www.foyerlampaul.fr\/?page_id=1002\" \/>\n<meta property=\"og:locale\" content=\"fr_FR\" \/>\n<meta property=\"og:type\" content=\"article\" \/>\n<meta property=\"og:title\" content=\"Tennis de Table - Foyer rural de Lampaul-Ploudalm\u00e9zeau\" \/>\n<meta property=\"og:description\" content=\"Bienvenue sur la page du Foyer Rural Tennis de Table Lampaulais. Sur cette page vous trouverez l&rsquo;actualit\u00e9 et la vie du club. Le tennis de table lampaulais, club qui se veut convivial et ouvert \u00e0 tous, permet aux adh\u00e9rents qui le d\u00e9sirent, de participer aux comp\u00e9titions organis\u00e9es par la FSGT. FRTTL vous propose de pratiquer En savoir plus surTennis de Table[&hellip;]\" \/>\n<meta property=\"og:url\" content=\"https:\/\/www.foyerlampaul.fr\/?page_id=1002\" \/>\n<meta property=\"og:site_name\" content=\"Foyer rural de Lampaul-Ploudalm\u00e9zeau\" \/>\n<meta property=\"article:modified_time\" content=\"2023-11-27T09:42:23+00:00\" \/>\n<meta property=\"og:image\" content=\"https:\/\/www.foyerlampaul.fr\/wp-content\/uploads\/2016\/06\/ping04.jpg\" \/>\n<meta name=\"twitter:card\" content=\"summary_large_image\" \/>\n<meta name=\"twitter:label1\" content=\"Dur\u00e9e de lecture estim\u00e9e\" \/>\n\t<meta name=\"twitter:data1\" content=\"5 minutes\" \/>\n<script type=\"application\/ld+json\" class=\"yoast-schema-graph\">{\"@context\":\"https:\\\/\\\/schema.org\",\"@graph\":[{\"@type\":\"WebPage\",\"@id\":\"https:\\\/\\\/www.foyerlampaul.fr\\\/?page_id=1002\",\"url\":\"https:\\\/\\\/www.foyerlampaul.fr\\\/?page_id=1002\",\"name\":\"Tennis de Table - Foyer rural de Lampaul-Ploudalm\u00e9zeau\",\"isPartOf\":{\"@id\":\"https:\\\/\\\/www.foyerlampaul.fr\\\/#website\"},\"primaryImageOfPage\":{\"@id\":\"https:\\\/\\\/www.foyerlampaul.fr\\\/?page_id=1002#primaryimage\"},\"image\":{\"@id\":\"https:\\\/\\\/www.foyerlampaul.fr\\\/?page_id=1002#primaryimage\"},\"thumbnailUrl\":\"http:\\\/\\\/www.foyerlampaul.fr\\\/wp-content\\\/uploads\\\/2016\\\/11\\\/06127211-Edit-300x200.jpg\",\"datePublished\":\"2016-06-23T05:21:37+00:00\",\"dateModified\":\"2023-11-27T09:42:23+00:00\",\"breadcrumb\":{\"@id\":\"https:\\\/\\\/www.foyerlampaul.fr\\\/?page_id=1002#breadcrumb\"},\"inLanguage\":\"fr-FR\",\"potentialAction\":[{\"@type\":\"ReadAction\",\"target\":[\"https:\\\/\\\/www.foyerlampaul.fr\\\/?page_id=1002\"]}]},{\"@type\":\"ImageObject\",\"inLanguage\":\"fr-FR\",\"@id\":\"https:\\\/\\\/www.foyerlampaul.fr\\\/?page_id=1002#primaryimage\",\"url\":\"http:\\\/\\\/www.foyerlampaul.fr\\\/wp-content\\\/uploads\\\/2016\\\/11\\\/06127211-Edit-300x200.jpg\",\"contentUrl\":\"http:\\\/\\\/www.foyerlampaul.fr\\\/wp-content\\\/uploads\\\/2016\\\/11\\\/06127211-Edit-300x200.jpg\"},{\"@type\":\"BreadcrumbList\",\"@id\":\"https:\\\/\\\/www.foyerlampaul.fr\\\/?page_id=1002#breadcrumb\",\"itemListElement\":[{\"@type\":\"ListItem\",\"position\":1,\"name\":\"Accueil\",\"item\":\"https:\\\/\\\/www.foyerlampaul.fr\\\/\"},{\"@type\":\"ListItem\",\"position\":2,\"name\":\"Tennis de Table\"}]},{\"@type\":\"WebSite\",\"@id\":\"https:\\\/\\\/www.foyerlampaul.fr\\\/#website\",\"url\":\"https:\\\/\\\/www.foyerlampaul.fr\\\/\",\"name\":\"Foyer rural de Lampaul-Ploudalm\u00e9zeau\",\"description\":\"\",\"potentialAction\":[{\"@type\":\"SearchAction\",\"target\":{\"@type\":\"EntryPoint\",\"urlTemplate\":\"https:\\\/\\\/www.foyerlampaul.fr\\\/?s={search_term_string}\"},\"query-input\":{\"@type\":\"PropertyValueSpecification\",\"valueRequired\":true,\"valueName\":\"search_term_string\"}}],\"inLanguage\":\"fr-FR\"}]}<\/script>\n<!-- \/ Yoast SEO plugin. -->","yoast_head_json":{"title":"Tennis de Table - Foyer rural de Lampaul-Ploudalm\u00e9zeau","robots":{"index":"index","follow":"follow","max-snippet":"max-snippet:-1","max-image-preview":"max-image-preview:large","max-video-preview":"max-video-preview:-1"},"canonical":"https:\/\/www.foyerlampaul.fr\/?page_id=1002","og_locale":"fr_FR","og_type":"article","og_title":"Tennis de Table - Foyer rural de Lampaul-Ploudalm\u00e9zeau","og_description":"Bienvenue sur la page du Foyer Rural Tennis de Table Lampaulais. Sur cette page vous trouverez l&rsquo;actualit\u00e9 et la vie du club. Le tennis de table lampaulais, club qui se veut convivial et ouvert \u00e0 tous, permet aux adh\u00e9rents qui le d\u00e9sirent, de participer aux comp\u00e9titions organis\u00e9es par la FSGT. FRTTL vous propose de pratiquer En savoir plus surTennis de Table[&hellip;]","og_url":"https:\/\/www.foyerlampaul.fr\/?page_id=1002","og_site_name":"Foyer rural de Lampaul-Ploudalm\u00e9zeau","article_modified_time":"2023-11-27T09:42:23+00:00","og_image":[{"url":"https:\/\/www.foyerlampaul.fr\/wp-content\/uploads\/2016\/06\/ping04.jpg","type":"","width":"","height":""}],"twitter_card":"summary_large_image","twitter_misc":{"Dur\u00e9e de lecture estim\u00e9e":"5 minutes"},"schema":{"@context":"https:\/\/schema.org","@graph":[{"@type":"WebPage","@id":"https:\/\/www.foyerlampaul.fr\/?page_id=1002","url":"https:\/\/www.foyerlampaul.fr\/?page_id=1002","name":"Tennis de Table - Foyer rural de Lampaul-Ploudalm\u00e9zeau","isPartOf":{"@id":"https:\/\/www.foyerlampaul.fr\/#website"},"primaryImageOfPage":{"@id":"https:\/\/www.foyerlampaul.fr\/?page_id=1002#primaryimage"},"image":{"@id":"https:\/\/www.foyerlampaul.fr\/?page_id=1002#primaryimage"},"thumbnailUrl":"http:\/\/www.foyerlampaul.fr\/wp-content\/uploads\/2016\/11\/06127211-Edit-300x200.jpg","datePublished":"2016-06-23T05:21:37+00:00","dateModified":"2023-11-27T09:42:23+00:00","breadcrumb":{"@id":"https:\/\/www.foyerlampaul.fr\/?page_id=1002#breadcrumb"},"inLanguage":"fr-FR","potentialAction":[{"@type":"ReadAction","target":["https:\/\/www.foyerlampaul.fr\/?page_id=1002"]}]},{"@type":"ImageObject","inLanguage":"fr-FR","@id":"https:\/\/www.foyerlampaul.fr\/?page_id=1002#primaryimage","url":"http:\/\/www.foyerlampaul.fr\/wp-content\/uploads\/2016\/11\/06127211-Edit-300x200.jpg","contentUrl":"http:\/\/www.foyerlampaul.fr\/wp-content\/uploads\/2016\/11\/06127211-Edit-300x200.jpg"},{"@type":"BreadcrumbList","@id":"https:\/\/www.foyerlampaul.fr\/?page_id=1002#breadcrumb","itemListElement":[{"@type":"ListItem","position":1,"name":"Accueil","item":"https:\/\/www.foyerlampaul.fr\/"},{"@type":"ListItem","position":2,"name":"Tennis de Table"}]},{"@type":"WebSite","@id":"https:\/\/www.foyerlampaul.fr\/#website","url":"https:\/\/www.foyerlampaul.fr\/","name":"Foyer rural de Lampaul-Ploudalm\u00e9zeau","description":"","potentialAction":[{"@type":"SearchAction","target":{"@type":"EntryPoint","urlTemplate":"https:\/\/www.foyerlampaul.fr\/?s={search_term_string}"},"query-input":{"@type":"PropertyValueSpecification","valueRequired":true,"valueName":"search_term_string"}}],"inLanguage":"fr-FR"}]}},"jetpack_sharing_enabled":true,"_links":{"self":[{"href":"https:\/\/www.foyerlampaul.fr\/index.php?rest_route=\/wp\/v2\/pages\/1002","targetHints":{"allow":["GET"]}}],"collection":[{"href":"https:\/\/www.foyerlampaul.fr\/index.php?rest_route=\/wp\/v2\/pages"}],"about":[{"href":"https:\/\/www.foyerlampaul.fr\/index.php?rest_route=\/wp\/v2\/types\/page"}],"author":[{"embeddable":true,"href":"https:\/\/www.foyerlampaul.fr\/index.php?rest_route=\/wp\/v2\/users\/1"}],"replies":[{"embeddable":true,"href":"https:\/\/www.foyerlampaul.fr\/index.php?rest_route=%2Fwp%2Fv2%2Fcomments&post=1002"}],"version-history":[{"count":16,"href":"https:\/\/www.foyerlampaul.fr\/index.php?rest_route=\/wp\/v2\/pages\/1002\/revisions"}],"predecessor-version":[{"id":1961,"href":"https:\/\/www.foyerlampaul.fr\/index.php?rest_route=\/wp\/v2\/pages\/1002\/revisions\/1961"}],"wp:attachment":[{"href":"https:\/\/www.foyerlampaul.fr\/index.php?rest_route=%2Fwp%2Fv2%2Fmedia&parent=1002"}],"curies":[{"name":"wp","href":"https:\/\/api.w.org\/{rel}","templated":true}]}}